{"id":777876,"date":"2025-10-27T05:51:41","date_gmt":"2025-10-27T02:51:41","guid":{"rendered":"https:\/\/roveyayinevi.com.tr\/index.php\/urun\/cin\/"},"modified":"2026-04-15T03:43:16","modified_gmt":"2026-04-15T00:43:16","slug":"cin","status":"publish","type":"product","link":"https:\/\/roveyayinevi.com.tr\/index.php\/urun\/cin\/","title":{"rendered":"\u00c7in"},"content":{"rendered":"<p>Y\u00fczy\u0131llar boyunca kendi i\u00e7ine kapal\u0131 kalan g\u00f6rkemli bir imparatorluk, 19. y\u00fczy\u0131l\u0131n e\u015fi\u011finde Bat\u0131\u2019n\u0131n dayatmalar\u0131yla y\u00fczle\u015fti\u011finde yaln\u0131zca s\u0131n\u0131rlar\u0131n\u0131 de\u011fil, kaderini de k\u00f6kten de\u011fi\u015ftirmek zorunda kal\u0131r.D\u00fcnya tarihinin  en eski ve en etkileyici uygarl\u0131klar\u0131ndan biri, Edward Rutherfurd\u2019un usta kalemiyle yeniden hayat buluyor. Rutherfurd, \u00c7inli, \u0130ngiliz ve Amerikal\u0131 ailelerin kesi\u015fen hayatlar\u0131 \u00fczerinden, a\u015fk\u0131, ihaneti, sadakati ve m\u00fccadeleyi anlat\u0131rken, imparatorluk g\u00f6rkeminden devrim ate\u015fine, gelenekten de\u011fi\u015fime uzanan b\u00fcy\u00fcleyici bir tablo sunuyor.\u015eanghay\u2019dan Pekin\u2019e, Nanjing\u2019den \u00c7in Seddi\u2019ne uzanan bir co\u011frafyada ge\u00e7en bu roman, \u00c7in\u2019in tarihi kadar zengin, karma\u015f\u0131k ve sars\u0131c\u0131. Her sayfas\u0131nda b\u00fcy\u00fck d\u00f6n\u00fc\u015f\u00fcmlere, unutulmaz karakterlere ve tarih sahnesini de\u011fi\u015ftiren olaylara tan\u0131kl\u0131k edeceksiniz.Edward Rutherfurd\u2019dan, Do\u011fu ile Bat\u0131\u2019n\u0131n, gelenek ile de\u011fi\u015fimin, birey ile ulusun kesi\u015fti\u011fi yerde ge\u00e7en nefes kesici bir tarih roman\u0131.<\/p>\n","protected":false},"excerpt":{"rendered":"<p>Y\u00fczy\u0131llar boyunca kendi i\u00e7ine kapal\u0131 kalan g\u00f6rkemli bir imparatorluk, 19. y\u00fczy\u0131l\u0131n e\u015fi\u011finde Bat\u0131\u2019n\u0131n dayatmalar\u0131yla y\u00fczle\u015fti\u011finde yaln\u0131zca s\u0131n\u0131rlar\u0131n\u0131 de\u011fil, kaderini de k\u00f6kten de\u011fi\u015ftirmek zorunda kal\u0131r.D\u00fcnya tarihinin en<span class=\"excerpt-hellip\"> [\u2026]<\/span><\/p>\n","protected":false},"featured_media":0,"template":"","meta":{"_monsterinsights_skip_tracking":false,"_monsterinsights_sitenote_active":false,"_monsterinsights_sitenote_note":"","_monsterinsights_sitenote_category":0},"product_brand":[],"product_cat":[12291,12745],"product_tag":[],"class_list":{"0":"post-777876","1":"product","2":"type-product","3":"status-publish","5":"product_cat-edebiyat","6":"product_cat-tarihi-roman","7":"pa_cilt-ciltsiz","8":"pa_tur-kitap","9":"pa_yayinevi-epsilon-yayinlari","10":"pa_yazar-edward-rutherfurd","12":"first","13":"instock","14":"sale","15":"shipping-taxable","16":"purchasable","17":"product-type-simple"},"_links":{"self":[{"href":"https:\/\/roveyayinevi.com.tr\/index.php\/wp-json\/wp\/v2\/product\/777876","targetHints":{"allow":["GET"]}}],"collection":[{"href":"https:\/\/roveyayinevi.com.tr\/index.php\/wp-json\/wp\/v2\/product"}],"about":[{"href":"https:\/\/roveyayinevi.com.tr\/index.php\/wp-json\/wp\/v2\/types\/product"}],"wp:attachment":[{"href":"https:\/\/roveyayinevi.com.tr\/index.php\/wp-json\/wp\/v2\/media?parent=777876"}],"wp:term":[{"taxonomy":"product_brand","embeddable":true,"href":"https:\/\/roveyayinevi.com.tr\/index.php\/wp-json\/wp\/v2\/product_brand?post=777876"},{"taxonomy":"product_cat","embeddable":true,"href":"https:\/\/roveyayinevi.com.tr\/index.php\/wp-json\/wp\/v2\/product_cat?post=777876"},{"taxonomy":"product_tag","embeddable":true,"href":"https:\/\/roveyayinevi.com.tr\/index.php\/wp-json\/wp\/v2\/product_tag?post=777876"}],"curies":[{"name":"wp","href":"https:\/\/api.w.org\/{rel}","templated":true}]}}