{"id":777875,"date":"2025-10-27T05:51:33","date_gmt":"2025-10-27T02:51:33","guid":{"rendered":"https:\/\/roveyayinevi.com.tr\/index.php\/urun\/bir-nefeste-yapay-zeka\/"},"modified":"2026-04-15T03:43:15","modified_gmt":"2026-04-15T00:43:15","slug":"bir-nefeste-yapay-zeka","status":"publish","type":"product","link":"https:\/\/roveyayinevi.com.tr\/index.php\/urun\/bir-nefeste-yapay-zeka\/","title":{"rendered":"Bir Nefeste Yapay Zeka"},"content":{"rendered":"<p>Yapay zek\u00e2daki b\u00fcy\u00fck geli\u015fmeler onu bir kez daha man\u015fetlere ta\u015f\u0131d\u0131. Peki ama bilgisayarlar\u0131 kullanarak insan zihnini taklit etmeye tam olarak ne zaman ba\u015flad\u0131k ve yapay zek\u00e2n\u0131n \u015fu andaki ve gelecekteki yeteneklerinin ne kadar\u0131 ger\u00e7ek? Yapay zek\u00e2 daima b\u00fcy\u00fck bir heyecan ve endi\u015fe kayna\u011f\u0131 olmu\u015ftur. ChatGPT gibi modellerin hayat\u0131m\u0131za girmesinden bu yana, yapay zek\u00e2n\u0131n kapsam\u0131 ve yetenekleri teknolojimizi hem iyi hem de k\u00f6t\u00fc y\u00f6nde d\u00f6n\u00fc\u015ft\u00fcrmeye haz\u0131r hale gelmi\u015f gibi g\u00f6r\u00fcn\u00fcyor. \u00c7ok sevilen \u201cBir Nefeste\u201d serisinin en yeni kitab\u0131, yapay zek\u00e2n\u0131n 1950&#8217;lerdeki m\u00fctevaz\u0131 ba\u015flang\u0131c\u0131ndan yola \u00e7\u0131k\u0131yor ve g\u00fcn\u00fcm\u00fcz\u00fcn insan beyninden daha fazla n\u00f6rona sahip ola\u011fan\u00fcst\u00fc yeni modellerinin do\u011fu\u015funu ara\u015ft\u0131r\u0131yor. Yapay zek\u00e2lar ve yarat\u0131c\u0131lar\u0131na odaklanan kitap, her bir yapay zek\u00e2n\u0131n arkas\u0131ndaki bilim ve m\u00fchendisli\u011fi a\u00e7\u0131kl\u0131yor, etik konular\u0131 tart\u0131\u015f\u0131yor ve insan teknolojisindeki en \u00f6nemli ve tart\u0131\u015fmal\u0131 geli\u015fmelerden biri hakk\u0131ndaki en ilgin\u00e7 bilgileri ve bu alan\u0131n gelece\u011finde bizi nelerin bekledi\u011fini ele al\u0131yor. <\/p>\n","protected":false},"excerpt":{"rendered":"<p>Yapay zek\u00e2daki b\u00fcy\u00fck geli\u015fmeler onu bir kez daha man\u015fetlere ta\u015f\u0131d\u0131. Peki ama bilgisayarlar\u0131 kullanarak insan zihnini taklit etmeye tam olarak ne zaman ba\u015flad\u0131k ve yapay zek\u00e2n\u0131n<span class=\"excerpt-hellip\"> [\u2026]<\/span><\/p>\n","protected":false},"featured_media":0,"template":"","meta":{"_monsterinsights_skip_tracking":false,"_monsterinsights_sitenote_active":false,"_monsterinsights_sitenote_note":"","_monsterinsights_sitenote_category":0},"product_brand":[],"product_cat":[141304],"product_tag":[],"class_list":{"0":"post-777875","1":"product","2":"type-product","3":"status-publish","5":"product_cat-yeni-cikanlar","6":"pa_cilt-ciltsiz","7":"pa_tur-kitap","8":"pa_yayinevi-maya-kitap","9":"pa_yazar-peter-j-bentley","11":"first","12":"instock","13":"sale","14":"shipping-taxable","15":"purchasable","16":"product-type-simple"},"_links":{"self":[{"href":"https:\/\/roveyayinevi.com.tr\/index.php\/wp-json\/wp\/v2\/product\/777875","targetHints":{"allow":["GET"]}}],"collection":[{"href":"https:\/\/roveyayinevi.com.tr\/index.php\/wp-json\/wp\/v2\/product"}],"about":[{"href":"https:\/\/roveyayinevi.com.tr\/index.php\/wp-json\/wp\/v2\/types\/product"}],"wp:attachment":[{"href":"https:\/\/roveyayinevi.com.tr\/index.php\/wp-json\/wp\/v2\/media?parent=777875"}],"wp:term":[{"taxonomy":"product_brand","embeddable":true,"href":"https:\/\/roveyayinevi.com.tr\/index.php\/wp-json\/wp\/v2\/product_brand?post=777875"},{"taxonomy":"product_cat","embeddable":true,"href":"https:\/\/roveyayinevi.com.tr\/index.php\/wp-json\/wp\/v2\/product_cat?post=777875"},{"taxonomy":"product_tag","embeddable":true,"href":"https:\/\/roveyayinevi.com.tr\/index.php\/wp-json\/wp\/v2\/product_tag?post=777875"}],"curies":[{"name":"wp","href":"https:\/\/api.w.org\/{rel}","templated":true}]}}