{"id":777870,"date":"2025-10-27T05:50:27","date_gmt":"2025-10-27T02:50:27","guid":{"rendered":"https:\/\/roveyayinevi.com.tr\/index.php\/urun\/elementler-3-ates\/"},"modified":"2026-04-15T03:43:09","modified_gmt":"2026-04-15T00:43:09","slug":"elementler-3-ates","status":"publish","type":"product","link":"https:\/\/roveyayinevi.com.tr\/index.php\/urun\/elementler-3-ates\/","title":{"rendered":"Elementler &#8211; 3: Ate\u015f"},"content":{"rendered":"<p>Ge\u00e7mi\u015fimizi hi\u00e7bir ate\u015f k\u00fcl edemez. John Boyne\u2019un imza projelerinden \u201cElementler\u201d serisinin \u00fc\u00e7\u00fcnc\u00fc halkas\u0131 Ate\u015f, \u00e7ocuklu\u011fundan beri i\u00e7inde kopan f\u0131rt\u0131nalar\u0131 a\u011f\u0131na d\u00fc\u015f\u00fcrd\u00fc\u011f\u00fc avlar\u0131n sahte mutlulu\u011fuyla dindirmeye \u00e7al\u0131\u015fan bir doktorun portresini \u00e7iziyor. Ma\u011fdurdan faile d\u00f6n\u00fc\u015f\u00fcm d\u00f6ng\u00fcs\u00fcn\u00fcn ard\u0131ndaki psikolojik gerilimi hayli k\u0131\u015fk\u0131rt\u0131c\u0131 bir kurguyla i\u015fleyen yazar, su\u00e7a meyletme e\u011filimlilerimizin do\u011fu\u015ftan m\u0131 yoksa yeti\u015ftirilme bi\u00e7imlerimizden mi kaynakland\u0131\u011f\u0131n\u0131 sorgulat\u0131yor. Su\u00e7 ve adalet kavramlar\u0131n\u0131 birey ve toplum aras\u0131ndaki ili\u015fki temelinde oda\u011f\u0131na alan eser, her ne kadar ac\u0131 \u00e7ekmi\u015f olsak da ge\u00e7mi\u015f yaralar\u0131m\u0131z\u0131n bug\u00fcnk\u00fc g\u00fcnahlar\u0131m\u0131z\u0131 asla affettirmeye yetmeyece\u011fini g\u00f6steriyor. Art\u0131k alevleri sonsuza dek s\u00f6nd\u00fcr\u00fcp bir \u015fekilde huzur bulma zaman\u0131. Yan\u0131klar ve deri nakli konusundaki uzmanl\u0131\u011f\u0131yla tan\u0131nan Dr. Freya Petrus \u0131\u015f\u0131lt\u0131l\u0131 hayat\u0131n\u0131 karanl\u0131k s\u0131rlar \u00fczerine in\u015fa eden, tekinsiz bir ki\u015filiktir. On iki ya\u015f\u0131ndan bu yana ate\u015fle yan\u0131p tutu\u015fan, etraf\u0131ndaki her \u015feyi ve herkesi yak\u0131p y\u0131kan Freya ge\u00e7 de olsa kimseyi umursamadan, sadece kendi arzular\u0131na g\u00f6re ya\u015famay\u0131 ke\u015ffetmi\u015ftir. Zenginli\u011fin ve konforun sarho\u015flu\u011fuyla ger\u00e7eklerden ad\u0131m ad\u0131m uzakla\u015f\u0131rken \u00e7\u0131kmaz sokaklara sapar. Anl\u0131k hazlarla k\u0131r\u0131lgan ge\u00e7mi\u015finin derin ac\u0131lar\u0131n\u0131 hafifletmeye \u00e7al\u0131\u015f\u0131r. Ta ki hi\u00e7 beklenmedik bir zamanda, \u00e7ocuklu\u011funu bildi\u011fi asistan bir doktorla y\u00fczle\u015fmek zorunda kalan kadar&#8230; S\u00fcr\u00fckleyici sat\u0131rlar\u0131yla okuru dipsiz bir ate\u015f \u00e7emberinin i\u00e7ine \u00e7eken bu sars\u0131c\u0131 kitap, ucu a\u00e7\u0131k sorular \u00fcst\u00fcne d\u00fc\u015f\u00fcnd\u00fcr\u00fcrken hi\u00e7 kimsenin ger\u00e7ekte g\u00f6r\u00fcnd\u00fc\u011f\u00fc kadar masum olmad\u0131\u011f\u0131n\u0131 hat\u0131rlat\u0131yor. <\/p>\n","protected":false},"excerpt":{"rendered":"<p>Ge\u00e7mi\u015fimizi hi\u00e7bir ate\u015f k\u00fcl edemez. John Boyne\u2019un imza projelerinden \u201cElementler\u201d serisinin \u00fc\u00e7\u00fcnc\u00fc halkas\u0131 Ate\u015f, \u00e7ocuklu\u011fundan beri i\u00e7inde kopan f\u0131rt\u0131nalar\u0131 a\u011f\u0131na d\u00fc\u015f\u00fcrd\u00fc\u011f\u00fc avlar\u0131n sahte mutlulu\u011fuyla dindirmeye \u00e7al\u0131\u015fan<span class=\"excerpt-hellip\"> [\u2026]<\/span><\/p>\n","protected":false},"featured_media":0,"template":"","meta":{"_monsterinsights_skip_tracking":false,"_monsterinsights_sitenote_active":false,"_monsterinsights_sitenote_note":"","_monsterinsights_sitenote_category":0},"product_brand":[],"product_cat":[12291,12711],"product_tag":[],"class_list":{"0":"post-777870","1":"product","2":"type-product","3":"status-publish","5":"product_cat-edebiyat","6":"product_cat-roman-oyku","7":"pa_cilt-ciltsiz","8":"pa_tur-kitap","9":"pa_yayinevi-delidolu","10":"pa_yazar-john-boyne","12":"first","13":"instock","14":"sale","15":"shipping-taxable","16":"purchasable","17":"product-type-simple"},"_links":{"self":[{"href":"https:\/\/roveyayinevi.com.tr\/index.php\/wp-json\/wp\/v2\/product\/777870","targetHints":{"allow":["GET"]}}],"collection":[{"href":"https:\/\/roveyayinevi.com.tr\/index.php\/wp-json\/wp\/v2\/product"}],"about":[{"href":"https:\/\/roveyayinevi.com.tr\/index.php\/wp-json\/wp\/v2\/types\/product"}],"wp:attachment":[{"href":"https:\/\/roveyayinevi.com.tr\/index.php\/wp-json\/wp\/v2\/media?parent=777870"}],"wp:term":[{"taxonomy":"product_brand","embeddable":true,"href":"https:\/\/roveyayinevi.com.tr\/index.php\/wp-json\/wp\/v2\/product_brand?post=777870"},{"taxonomy":"product_cat","embeddable":true,"href":"https:\/\/roveyayinevi.com.tr\/index.php\/wp-json\/wp\/v2\/product_cat?post=777870"},{"taxonomy":"product_tag","embeddable":true,"href":"https:\/\/roveyayinevi.com.tr\/index.php\/wp-json\/wp\/v2\/product_tag?post=777870"}],"curies":[{"name":"wp","href":"https:\/\/api.w.org\/{rel}","templated":true}]}}