{"id":777867,"date":"2025-10-27T05:49:29","date_gmt":"2025-10-27T02:49:29","guid":{"rendered":"https:\/\/roveyayinevi.com.tr\/index.php\/urun\/sonuc-oyunu\/"},"modified":"2026-01-22T03:54:41","modified_gmt":"2026-01-22T00:54:41","slug":"sonuc-oyunu","status":"publish","type":"product","link":"https:\/\/roveyayinevi.com.tr\/index.php\/urun\/sonuc-oyunu\/","title":{"rendered":"Sonu\u00e7 Oyunu"},"content":{"rendered":"<p>Sa\u011fl\u0131k hizmetleri i\u00e7in mi, yoksa daha sa\u011fl\u0131kl\u0131 olmak i\u00e7in mi \u00f6deme yapmay\u0131 tercih ederdiniz? Bir tiyatro bileti mi almak istersiniz, yoksa e\u011flencenin kendisini mi? \u0130htiyac\u0131n\u0131z olan bir araba m\u0131, yoksa gidece\u011finiz yere ula\u015fmak m\u0131? Sonu\u00e7 Oyunu\u2019nda Marco Bertini ve Oded Koenigsberg, baz\u0131 firmalar\u0131n ticaretin kurallar\u0131n\u0131 nas\u0131l yeniden yazd\u0131\u011f\u0131n\u0131 anlat\u0131yor.   \u00dcr\u00fcn ba\u015f\u0131na \u00f6deme yapmak, m\u00fc\u015fterilerin sat\u0131n al\u0131mlardan elde etti\u011fi de\u011feri do\u011fru yans\u0131tmayabilir. Yenilik\u00e7i gelir modellerini inceledi\u011fimizde, \u00fcr\u00fcn sahipli\u011fine dayanan eski modellerin g\u00fcn\u00fcm\u00fcz beklentilerini kar\u015f\u0131lamad\u0131\u011f\u0131n\u0131 g\u00f6r\u00fcyoruz. \u015eirketlerin, pazara sunduklar\u0131 \u00fcr\u00fcnler yerine elde ettikleri sonu\u00e7lara odaklanmas\u0131 gerekiyor. Bertini ve Koenigsberg de buradan yola \u00e7\u0131karak hem teknoloji hem de toplumun etki verilerini nas\u0131l \u00f6n plana ta\u015f\u0131d\u0131\u011f\u0131n\u0131 anlat\u0131yor, hesap verebilirli\u011fi de stratejik bir zorunluluk olarak yorumluyorlar. Sonu\u00e7 Oyunu, \u015firketlere \u015feffafl\u0131\u011f\u0131 ve sorumluluk almay\u0131 \u00f6\u011f\u00fctleyerek onlar\u0131 verimlili\u011fe ula\u015ft\u0131racak yol haritas\u0131n\u0131 \u00e7iziyor.   \u201cDikkatli olmazsan\u0131z s\u00fcre\u00e7, ula\u015fmak istedi\u011finiz sonucun yerine ge\u00e7erek ana hedefiniz h\u00e2line gelir. \u00c7\u0131kt\u0131lar\u0131 bir yana b\u0131rak\u0131p sadece s\u00fcreci do\u011fru y\u00fcr\u00fctt\u00fc\u011f\u00fcn\u00fczden emin olmaya odaklan\u0131rs\u0131n\u0131z.\u201d Jeff Bezos <\/p>\n","protected":false},"excerpt":{"rendered":"<p>Sa\u011fl\u0131k hizmetleri i\u00e7in mi, yoksa daha sa\u011fl\u0131kl\u0131 olmak i\u00e7in mi \u00f6deme yapmay\u0131 tercih ederdiniz? Bir tiyatro bileti mi almak istersiniz, yoksa e\u011flencenin kendisini mi? \u0130htiyac\u0131n\u0131z olan<span class=\"excerpt-hellip\"> [\u2026]<\/span><\/p>\n","protected":false},"featured_media":0,"template":"","meta":{"_monsterinsights_skip_tracking":false,"_monsterinsights_sitenote_active":false,"_monsterinsights_sitenote_note":"","_monsterinsights_sitenote_category":0},"product_brand":[],"product_cat":[13043,17647],"product_tag":[],"class_list":{"0":"post-777867","1":"product","2":"type-product","3":"status-publish","5":"product_cat-ekonomi","6":"product_cat-is-dunyasi","7":"pa_cilt-ciltsiz","8":"pa_tur-kitap","9":"pa_yayinevi-mindset-institute","10":"pa_yazar-marco-bertini-oded-koenigsberg","12":"first","13":"instock","14":"sale","15":"shipping-taxable","16":"purchasable","17":"product-type-simple"},"_links":{"self":[{"href":"https:\/\/roveyayinevi.com.tr\/index.php\/wp-json\/wp\/v2\/product\/777867","targetHints":{"allow":["GET"]}}],"collection":[{"href":"https:\/\/roveyayinevi.com.tr\/index.php\/wp-json\/wp\/v2\/product"}],"about":[{"href":"https:\/\/roveyayinevi.com.tr\/index.php\/wp-json\/wp\/v2\/types\/product"}],"wp:attachment":[{"href":"https:\/\/roveyayinevi.com.tr\/index.php\/wp-json\/wp\/v2\/media?parent=777867"}],"wp:term":[{"taxonomy":"product_brand","embeddable":true,"href":"https:\/\/roveyayinevi.com.tr\/index.php\/wp-json\/wp\/v2\/product_brand?post=777867"},{"taxonomy":"product_cat","embeddable":true,"href":"https:\/\/roveyayinevi.com.tr\/index.php\/wp-json\/wp\/v2\/product_cat?post=777867"},{"taxonomy":"product_tag","embeddable":true,"href":"https:\/\/roveyayinevi.com.tr\/index.php\/wp-json\/wp\/v2\/product_tag?post=777867"}],"curies":[{"name":"wp","href":"https:\/\/api.w.org\/{rel}","templated":true}]}}