{"id":777859,"date":"2025-10-27T05:43:46","date_gmt":"2025-10-27T02:43:46","guid":{"rendered":"https:\/\/roveyayinevi.com.tr\/index.php\/urun\/ejderha-bakicisi-dedektif-oluyor\/"},"modified":"2026-04-15T03:41:35","modified_gmt":"2026-04-15T00:41:35","slug":"ejderha-bakicisi-dedektif-oluyor","status":"publish","type":"product","link":"https:\/\/roveyayinevi.com.tr\/index.php\/urun\/ejderha-bakicisi-dedektif-oluyor\/","title":{"rendered":"Ejderha Bak\u0131c\u0131s\u0131 Dedektif Oluyor"},"content":{"rendered":"<p>Sevgili Morton Day\u0131, \u015eu an bir yerde oturuyor musun? E\u011fer ayaktaysan, otursan iyi olur \u00e7\u00fcnk\u00fc sana \u00e7ok k\u00f6t\u00fc haberlerim var. Ejderhalar\u0131ndan biri \u00e7al\u0131nd\u0131. Eddie   Eddie\u2019nin annesinin en \u00d6ZEL g\u00fcn\u00fc yakla\u015f\u0131yordu. Ama tam her \u015fey yoluna giriyor derken \u00f6nce Ziggy sonra da Arthur ka\u00e7\u0131r\u0131l\u0131yor! Eddie, DEDEKT\u0130FL\u0130K yaparak h\u0131rs\u0131z\u0131n izini s\u00fcrmek, Morton day\u0131n\u0131n ejderhalar\u0131n\u0131 KURTARMAK ve annesinin d\u00fc\u011f\u00fcn\u00fcne zaman\u0131nda yeti\u015fmek ZORUNDA! <\/p>\n","protected":false},"excerpt":{"rendered":"<p>Sevgili Morton Day\u0131, \u015eu an bir yerde oturuyor musun? E\u011fer ayaktaysan, otursan iyi olur \u00e7\u00fcnk\u00fc sana \u00e7ok k\u00f6t\u00fc haberlerim var. Ejderhalar\u0131ndan biri \u00e7al\u0131nd\u0131. Eddie Eddie\u2019nin annesinin<span class=\"excerpt-hellip\"> [\u2026]<\/span><\/p>\n","protected":false},"featured_media":0,"template":"","meta":{"_monsterinsights_skip_tracking":false,"_monsterinsights_sitenote_active":false,"_monsterinsights_sitenote_note":"","_monsterinsights_sitenote_category":0},"product_brand":[],"product_cat":[12274,12284],"product_tag":[],"class_list":{"0":"post-777859","1":"product","2":"type-product","3":"status-publish","5":"product_cat-cocuk-ve-genclik-kitaplari","6":"product_cat-hikayeler","7":"pa_cilt-ciltsiz","8":"pa_tur-kitap","9":"pa_yayinevi-peta-kitap","10":"pa_yazar-josh-lacey","12":"first","13":"instock","14":"sale","15":"shipping-taxable","16":"purchasable","17":"product-type-simple"},"_links":{"self":[{"href":"https:\/\/roveyayinevi.com.tr\/index.php\/wp-json\/wp\/v2\/product\/777859","targetHints":{"allow":["GET"]}}],"collection":[{"href":"https:\/\/roveyayinevi.com.tr\/index.php\/wp-json\/wp\/v2\/product"}],"about":[{"href":"https:\/\/roveyayinevi.com.tr\/index.php\/wp-json\/wp\/v2\/types\/product"}],"wp:attachment":[{"href":"https:\/\/roveyayinevi.com.tr\/index.php\/wp-json\/wp\/v2\/media?parent=777859"}],"wp:term":[{"taxonomy":"product_brand","embeddable":true,"href":"https:\/\/roveyayinevi.com.tr\/index.php\/wp-json\/wp\/v2\/product_brand?post=777859"},{"taxonomy":"product_cat","embeddable":true,"href":"https:\/\/roveyayinevi.com.tr\/index.php\/wp-json\/wp\/v2\/product_cat?post=777859"},{"taxonomy":"product_tag","embeddable":true,"href":"https:\/\/roveyayinevi.com.tr\/index.php\/wp-json\/wp\/v2\/product_tag?post=777859"}],"curies":[{"name":"wp","href":"https:\/\/api.w.org\/{rel}","templated":true}]}}