{"id":777858,"date":"2025-10-27T05:43:43","date_gmt":"2025-10-27T02:43:43","guid":{"rendered":"https:\/\/roveyayinevi.com.tr\/index.php\/urun\/ejderha-bakicisi-ejderhalar-diyarinda\/"},"modified":"2026-04-15T03:41:35","modified_gmt":"2026-04-15T00:41:35","slug":"ejderha-bakicisi-ejderhalar-diyarinda","status":"publish","type":"product","link":"https:\/\/roveyayinevi.com.tr\/index.php\/urun\/ejderha-bakicisi-ejderhalar-diyarinda\/","title":{"rendered":"Ejderha Bak\u0131c\u0131s\u0131 Ejderhalar Diyar\u0131nda"},"content":{"rendered":"<p>Sevgili Anne, Sana bir \u015fey s\u00f6ylemem gerek. Morton day\u0131mla birlikte Glasgow\u2019da de\u011filim. Biraz daha uzak bir yerdeyiz. Hafta sonu Glasgow\u2019a gidece\u011fimizi s\u00f6ylemi\u015ftik ama bu do\u011fru de\u011fildi. Onun yerine Mo\u011folistan\u2019a giden bir u\u00e7a\u011fa bindik. Umar\u0131m k\u0131zmazs\u0131n. Biz gelene kadar ejderhalara bakabilir misiniz? Eddie   Eddie, B\u00fcy\u00fck Ejderha Sava\u015f\u0131 T\u00f6reni\u2019ni izleyebilmek i\u00e7in day\u0131s\u0131 Morton\u2019la birlikte Mo\u011folistan\u2019a gider. Ancak VAH\u015e\u0130 ejderhalar, evcil olanlar\u0131n aksine tehlikelidir ve sadece birka\u00e7 \u00c7\u0130KOLATAYLA da\u011flarda mahsur kalmak hi\u00e7 de kolay de\u011fildir. Bu s\u0131rada evde, EJDERHALARA bakma g\u00f6revi Eddie\u2019nin annesine kal\u0131r!<\/p>\n","protected":false},"excerpt":{"rendered":"<p>Sevgili Anne, Sana bir \u015fey s\u00f6ylemem gerek. Morton day\u0131mla birlikte Glasgow\u2019da de\u011filim. Biraz daha uzak bir yerdeyiz. Hafta sonu Glasgow\u2019a gidece\u011fimizi s\u00f6ylemi\u015ftik ama bu do\u011fru de\u011fildi.<span class=\"excerpt-hellip\"> [\u2026]<\/span><\/p>\n","protected":false},"featured_media":0,"template":"","meta":{"_monsterinsights_skip_tracking":false,"_monsterinsights_sitenote_active":false,"_monsterinsights_sitenote_note":"","_monsterinsights_sitenote_category":0},"product_brand":[],"product_cat":[12274,12284],"product_tag":[],"class_list":{"0":"post-777858","1":"product","2":"type-product","3":"status-publish","5":"product_cat-cocuk-ve-genclik-kitaplari","6":"product_cat-hikayeler","7":"pa_cilt-ciltsiz","8":"pa_tur-kitap","9":"pa_yayinevi-peta-kitap","10":"pa_yazar-josh-lacey","12":"first","13":"instock","14":"sale","15":"shipping-taxable","16":"purchasable","17":"product-type-simple"},"_links":{"self":[{"href":"https:\/\/roveyayinevi.com.tr\/index.php\/wp-json\/wp\/v2\/product\/777858","targetHints":{"allow":["GET"]}}],"collection":[{"href":"https:\/\/roveyayinevi.com.tr\/index.php\/wp-json\/wp\/v2\/product"}],"about":[{"href":"https:\/\/roveyayinevi.com.tr\/index.php\/wp-json\/wp\/v2\/types\/product"}],"wp:attachment":[{"href":"https:\/\/roveyayinevi.com.tr\/index.php\/wp-json\/wp\/v2\/media?parent=777858"}],"wp:term":[{"taxonomy":"product_brand","embeddable":true,"href":"https:\/\/roveyayinevi.com.tr\/index.php\/wp-json\/wp\/v2\/product_brand?post=777858"},{"taxonomy":"product_cat","embeddable":true,"href":"https:\/\/roveyayinevi.com.tr\/index.php\/wp-json\/wp\/v2\/product_cat?post=777858"},{"taxonomy":"product_tag","embeddable":true,"href":"https:\/\/roveyayinevi.com.tr\/index.php\/wp-json\/wp\/v2\/product_tag?post=777858"}],"curies":[{"name":"wp","href":"https:\/\/api.w.org\/{rel}","templated":true}]}}