{"id":777857,"date":"2025-10-27T05:43:41","date_gmt":"2025-10-27T02:43:41","guid":{"rendered":"https:\/\/roveyayinevi.com.tr\/index.php\/urun\/ejderha-bakicisinin-surprizi\/"},"modified":"2026-04-15T03:41:35","modified_gmt":"2026-04-15T00:41:35","slug":"ejderha-bakicisinin-surprizi","status":"publish","type":"product","link":"https:\/\/roveyayinevi.com.tr\/index.php\/urun\/ejderha-bakicisinin-surprizi\/","title":{"rendered":"Ejderha Bak\u0131c\u0131s\u0131n\u0131n S\u00fcrprizi"},"content":{"rendered":"<p>Sevgili Morton Day\u0131, Yumurtay\u0131 hat\u0131rl\u0131yor musun? Hani bana do\u011fum g\u00fcn\u00fcmde vermi\u015ftin. Yumurtan\u0131n bozuldu\u011funu s\u00f6ylemi\u015ftin ama yan\u0131lm\u0131\u015fs\u0131n. \u015eu foto\u011frafa bir bak, ne demek istedi\u011fimi anlayacaks\u0131n. Eddie   Eddie\u2019ye son do\u011fum g\u00fcn\u00fcnde day\u0131s\u0131 taraf\u0131ndan bir YUMURTA verilir. Eddie bir g\u00fcn yumurtada bir \u00c7ATLAK oldu\u011funu fark eder. K\u0131sa s\u00fcre sonra yumurta \u00e7atlar ve i\u00e7inden s\u0131ra d\u0131\u015f\u0131 bir YARATIK \u00e7\u0131kar.   Eddie ve Emily tam bu yeni geli\u015fmeye al\u0131\u015fmaya \u00e7al\u0131\u015f\u0131rken anneleri de bir S\u00dcRPR\u0130Z\u0130 oldu\u011funu a\u00e7\u0131klar. Dokuzuncu maceralar\u0131nda Eddie ve Emily hayatlar\u0131n\u0131n en B\u00dcY\u00dcK de\u011fi\u015fimleriyle kar\u015f\u0131la\u015f\u0131rlar!<\/p>\n","protected":false},"excerpt":{"rendered":"<p>Sevgili Morton Day\u0131, Yumurtay\u0131 hat\u0131rl\u0131yor musun? Hani bana do\u011fum g\u00fcn\u00fcmde vermi\u015ftin. Yumurtan\u0131n bozuldu\u011funu s\u00f6ylemi\u015ftin ama yan\u0131lm\u0131\u015fs\u0131n. \u015eu foto\u011frafa bir bak, ne demek istedi\u011fimi anlayacaks\u0131n. Eddie Eddie\u2019ye<span class=\"excerpt-hellip\"> [\u2026]<\/span><\/p>\n","protected":false},"featured_media":0,"template":"","meta":{"_monsterinsights_skip_tracking":false,"_monsterinsights_sitenote_active":false,"_monsterinsights_sitenote_note":"","_monsterinsights_sitenote_category":0},"product_brand":[],"product_cat":[12274,12284],"product_tag":[],"class_list":{"0":"post-777857","1":"product","2":"type-product","3":"status-publish","5":"product_cat-cocuk-ve-genclik-kitaplari","6":"product_cat-hikayeler","7":"pa_cilt-ciltsiz","8":"pa_tur-kitap","9":"pa_yayinevi-peta-kitap","10":"pa_yazar-josh-lacey","12":"first","13":"instock","14":"sale","15":"shipping-taxable","16":"purchasable","17":"product-type-simple"},"_links":{"self":[{"href":"https:\/\/roveyayinevi.com.tr\/index.php\/wp-json\/wp\/v2\/product\/777857","targetHints":{"allow":["GET"]}}],"collection":[{"href":"https:\/\/roveyayinevi.com.tr\/index.php\/wp-json\/wp\/v2\/product"}],"about":[{"href":"https:\/\/roveyayinevi.com.tr\/index.php\/wp-json\/wp\/v2\/types\/product"}],"wp:attachment":[{"href":"https:\/\/roveyayinevi.com.tr\/index.php\/wp-json\/wp\/v2\/media?parent=777857"}],"wp:term":[{"taxonomy":"product_brand","embeddable":true,"href":"https:\/\/roveyayinevi.com.tr\/index.php\/wp-json\/wp\/v2\/product_brand?post=777857"},{"taxonomy":"product_cat","embeddable":true,"href":"https:\/\/roveyayinevi.com.tr\/index.php\/wp-json\/wp\/v2\/product_cat?post=777857"},{"taxonomy":"product_tag","embeddable":true,"href":"https:\/\/roveyayinevi.com.tr\/index.php\/wp-json\/wp\/v2\/product_tag?post=777857"}],"curies":[{"name":"wp","href":"https:\/\/api.w.org\/{rel}","templated":true}]}}