{"id":777856,"date":"2025-10-27T05:43:37","date_gmt":"2025-10-27T02:43:37","guid":{"rendered":"https:\/\/roveyayinevi.com.tr\/index.php\/urun\/ejderha-bakicisi-seker-avinda\/"},"modified":"2026-04-15T03:41:35","modified_gmt":"2026-04-15T00:41:35","slug":"ejderha-bakicisi-seker-avinda","status":"publish","type":"product","link":"https:\/\/roveyayinevi.com.tr\/index.php\/urun\/ejderha-bakicisi-seker-avinda\/","title":{"rendered":"Ejderha Bak\u0131c\u0131s\u0131 \u015eeker Av\u0131nda"},"content":{"rendered":"<p>Sevgili Morton Day\u0131, Ejderhalar\u0131n\u0131 \u00f6d\u00fcn\u00e7 alabilir miyiz? Gelecek hafta Cad\u0131lar Bayram\u0131 Ge\u00e7it T\u00f6reni\u2019nde kost\u00fcm yar\u0131\u015fmas\u0131 d\u00fczenlenecek. Birincilik \u00f6d\u00fcl\u00fc yeni bir bilgisayar ve bu, tam da ihtiyac\u0131m\u0131z olan \u015fey. Eddie   Cad\u0131lar Bayram\u0131 gecesi; cad\u0131lar, vampirler, hayaletler ve hatta ejderhalar gibi TUHAF yarat\u0131klarla doludur! Eddie ve Emily de day\u0131lar\u0131n\u0131n evcil ejderhalar\u0131n\u0131 al\u0131p \u015eEKER AVINA \u00e7\u0131kar. Ancak ejderhalar\u0131n \u015fekerlere olan d\u00fc\u015fk\u00fcnl\u00fc\u011f\u00fc y\u00fcz\u00fcnden i\u015fler k\u0131sa s\u00fcrede sarpa sarar ve gece, beklenmedik \u015fekilde KORKUN\u00c7 bir h\u00e2l al\u0131r!<\/p>\n","protected":false},"excerpt":{"rendered":"<p>Sevgili Morton Day\u0131, Ejderhalar\u0131n\u0131 \u00f6d\u00fcn\u00e7 alabilir miyiz? Gelecek hafta Cad\u0131lar Bayram\u0131 Ge\u00e7it T\u00f6reni\u2019nde kost\u00fcm yar\u0131\u015fmas\u0131 d\u00fczenlenecek. Birincilik \u00f6d\u00fcl\u00fc yeni bir bilgisayar ve bu, tam da ihtiyac\u0131m\u0131z<span class=\"excerpt-hellip\"> [\u2026]<\/span><\/p>\n","protected":false},"featured_media":0,"template":"","meta":{"_monsterinsights_skip_tracking":false,"_monsterinsights_sitenote_active":false,"_monsterinsights_sitenote_note":"","_monsterinsights_sitenote_category":0},"product_brand":[],"product_cat":[12274,12284],"product_tag":[],"class_list":{"0":"post-777856","1":"product","2":"type-product","3":"status-publish","5":"product_cat-cocuk-ve-genclik-kitaplari","6":"product_cat-hikayeler","7":"pa_cilt-ciltsiz","8":"pa_tur-kitap","9":"pa_yayinevi-peta-kitap","10":"pa_yazar-josh-lacey","12":"first","13":"instock","14":"sale","15":"shipping-taxable","16":"purchasable","17":"product-type-simple"},"_links":{"self":[{"href":"https:\/\/roveyayinevi.com.tr\/index.php\/wp-json\/wp\/v2\/product\/777856","targetHints":{"allow":["GET"]}}],"collection":[{"href":"https:\/\/roveyayinevi.com.tr\/index.php\/wp-json\/wp\/v2\/product"}],"about":[{"href":"https:\/\/roveyayinevi.com.tr\/index.php\/wp-json\/wp\/v2\/types\/product"}],"wp:attachment":[{"href":"https:\/\/roveyayinevi.com.tr\/index.php\/wp-json\/wp\/v2\/media?parent=777856"}],"wp:term":[{"taxonomy":"product_brand","embeddable":true,"href":"https:\/\/roveyayinevi.com.tr\/index.php\/wp-json\/wp\/v2\/product_brand?post=777856"},{"taxonomy":"product_cat","embeddable":true,"href":"https:\/\/roveyayinevi.com.tr\/index.php\/wp-json\/wp\/v2\/product_cat?post=777856"},{"taxonomy":"product_tag","embeddable":true,"href":"https:\/\/roveyayinevi.com.tr\/index.php\/wp-json\/wp\/v2\/product_tag?post=777856"}],"curies":[{"name":"wp","href":"https:\/\/api.w.org\/{rel}","templated":true}]}}