{"id":777855,"date":"2025-10-27T05:43:34","date_gmt":"2025-10-27T02:43:34","guid":{"rendered":"https:\/\/roveyayinevi.com.tr\/index.php\/urun\/ejderha-bakicisi-kurtarma-operasyonunda\/"},"modified":"2026-04-15T03:41:35","modified_gmt":"2026-04-15T00:41:35","slug":"ejderha-bakicisi-kurtarma-operasyonunda","status":"publish","type":"product","link":"https:\/\/roveyayinevi.com.tr\/index.php\/urun\/ejderha-bakicisi-kurtarma-operasyonunda\/","title":{"rendered":"Ejderha Bak\u0131c\u0131s\u0131 Kurtarma Operasyonunda"},"content":{"rendered":"<p>Sevgili Morton Day\u0131, Sana k\u00f6t\u00fc bir haberim var. Arthur\u2019u kaybettik. Londra\u2019da bir yerlerde ama nerede oldu\u011funu bilmiyorum. Eddie   Eddie, ejderhalar\u0131yla birlikte Londra\u2019da unutulmaz bir TAT\u0130L yapmaya gider. Ancak i\u015fler k\u0131sa s\u00fcrede kontrolden \u00e7\u0131kar ve iki sevimli EJDERHA kaybolur.   Do\u011fa Tarihi M\u00fczesi\u2019nden metro istasyonlar\u0131na, otellerden Londra Hayvanat Bah\u00e7esi\u2019ne uzanan bu \u00c7ILGIN kovalamacada, Eddie onlar\u0131 ulusal bir FELAKETE yol a\u00e7madan \u00f6nce bulabilecek mi?<\/p>\n","protected":false},"excerpt":{"rendered":"<p>Sevgili Morton Day\u0131, Sana k\u00f6t\u00fc bir haberim var. Arthur\u2019u kaybettik. Londra\u2019da bir yerlerde ama nerede oldu\u011funu bilmiyorum. Eddie Eddie, ejderhalar\u0131yla birlikte Londra\u2019da unutulmaz bir TAT\u0130L yapmaya<span class=\"excerpt-hellip\"> [\u2026]<\/span><\/p>\n","protected":false},"featured_media":0,"template":"","meta":{"_monsterinsights_skip_tracking":false,"_monsterinsights_sitenote_active":false,"_monsterinsights_sitenote_note":"","_monsterinsights_sitenote_category":0},"product_brand":[],"product_cat":[12274,12284],"product_tag":[],"class_list":{"0":"post-777855","1":"product","2":"type-product","3":"status-publish","5":"product_cat-cocuk-ve-genclik-kitaplari","6":"product_cat-hikayeler","7":"pa_cilt-ciltsiz","8":"pa_tur-kitap","9":"pa_yayinevi-peta-kitap","10":"pa_yazar-josh-lacey","12":"first","13":"instock","14":"sale","15":"shipping-taxable","16":"purchasable","17":"product-type-simple"},"_links":{"self":[{"href":"https:\/\/roveyayinevi.com.tr\/index.php\/wp-json\/wp\/v2\/product\/777855","targetHints":{"allow":["GET"]}}],"collection":[{"href":"https:\/\/roveyayinevi.com.tr\/index.php\/wp-json\/wp\/v2\/product"}],"about":[{"href":"https:\/\/roveyayinevi.com.tr\/index.php\/wp-json\/wp\/v2\/types\/product"}],"wp:attachment":[{"href":"https:\/\/roveyayinevi.com.tr\/index.php\/wp-json\/wp\/v2\/media?parent=777855"}],"wp:term":[{"taxonomy":"product_brand","embeddable":true,"href":"https:\/\/roveyayinevi.com.tr\/index.php\/wp-json\/wp\/v2\/product_brand?post=777855"},{"taxonomy":"product_cat","embeddable":true,"href":"https:\/\/roveyayinevi.com.tr\/index.php\/wp-json\/wp\/v2\/product_cat?post=777855"},{"taxonomy":"product_tag","embeddable":true,"href":"https:\/\/roveyayinevi.com.tr\/index.php\/wp-json\/wp\/v2\/product_tag?post=777855"}],"curies":[{"name":"wp","href":"https:\/\/api.w.org\/{rel}","templated":true}]}}