{"id":777853,"date":"2025-10-27T05:40:02","date_gmt":"2025-10-27T02:40:02","guid":{"rendered":"https:\/\/roveyayinevi.com.tr\/index.php\/urun\/stem-bilim-ansiklopedisi-set\/"},"modified":"2026-04-15T03:39:53","modified_gmt":"2026-04-15T00:39:53","slug":"stem-bilim-ansiklopedisi-set","status":"publish","type":"product","link":"https:\/\/roveyayinevi.com.tr\/index.php\/urun\/stem-bilim-ansiklopedisi-set\/","title":{"rendered":"STEM Bilim Ansiklopedisi Set"},"content":{"rendered":"<p>Setin \u0130\u00e7eri\u011findeki Kitaplar: \u00b7         STEM Bilim Ansiklopedisi: Bilim \u00b7         STEM Bilim Ansiklopedisi: Deniz Bilimi \u00b7         STEM Bilim Ansiklopedisi: D\u00fcnya \u00b7         STEM Bilim Ansiklopedisi: \u0130catlar \u00b7         STEM Bilim Ansiklopedisi: \u0130nsan V\u00fccudu \u00b7         STEM Bilim Ansiklopedisi: Makineler \u00b7         STEM Bilim Ansiklopedisi: Teknoloji \u00b7         STEM Bilim Ansiklopedisi: Uzay   Bilim, teknoloji, m\u00fchendislik ve matematik alanlar\u0131nda sa\u011flam bir temel atmak isteyen \u00e7ocuklar i\u00e7in \u00f6zel olarak haz\u0131rlanan STEM Bilim Ansiklopedisi Seti, g\u00f6rsel zenginli\u011fi ve yal\u0131n anlat\u0131m\u0131yla \u00f6\u011frenmeyi e\u011flenceli h\u00e2le getiriyor. Her biri \u00f6zenle tasarlanm\u0131\u015f bu kitaplar, \u00e7ocuklar\u0131n \u00e7evrelerinde olup bitenleri bilimsel bir merakla sorgulamalar\u0131na olanak tan\u0131rken, kesit diyagramlar ve bilgi kutucuklar\u0131yla \u00f6\u011frenmeyi peki\u015ftirir. STEM yakla\u015f\u0131m\u0131n\u0131 esas alan set, \u00e7ocuklar\u0131n hem akademik geli\u015fimini hem de ele\u015ftirel ve yarat\u0131c\u0131 d\u00fc\u015f\u00fcnme becerilerini destekler. Okul i\u00e7i ve d\u0131\u015f\u0131 \u00f6\u011frenmeye katk\u0131 sunan bu ansiklopedik set, bilimle ilk tan\u0131\u015fmay\u0131 unutulmaz bir ke\u015ffe d\u00f6n\u00fc\u015ft\u00fcr\u00fcr.<\/p>\n","protected":false},"excerpt":{"rendered":"<p>Setin \u0130\u00e7eri\u011findeki Kitaplar: \u00b7 STEM Bilim Ansiklopedisi: Bilim \u00b7 STEM Bilim Ansiklopedisi: Deniz Bilimi \u00b7 STEM Bilim Ansiklopedisi: D\u00fcnya \u00b7 STEM Bilim Ansiklopedisi: \u0130catlar \u00b7 STEM<span class=\"excerpt-hellip\"> [\u2026]<\/span><\/p>\n","protected":false},"featured_media":0,"template":"","meta":{"_monsterinsights_skip_tracking":false,"_monsterinsights_sitenote_active":false,"_monsterinsights_sitenote_note":"","_monsterinsights_sitenote_category":0},"product_brand":[],"product_cat":[12274,14573],"product_tag":[],"class_list":{"0":"post-777853","1":"product","2":"type-product","3":"status-publish","5":"product_cat-cocuk-ve-genclik-kitaplari","6":"product_cat-referans-kitaplar-cocuk-ve-genclik-kitaplari","7":"pa_cilt-ciltsiz","8":"pa_tur-kitap","9":"pa_yayinevi-cocuk-gelisimi-yayinlari","10":"pa_yazar-bramblekids","12":"first","13":"instock","14":"sale","15":"shipping-taxable","16":"purchasable","17":"product-type-simple"},"_links":{"self":[{"href":"https:\/\/roveyayinevi.com.tr\/index.php\/wp-json\/wp\/v2\/product\/777853","targetHints":{"allow":["GET"]}}],"collection":[{"href":"https:\/\/roveyayinevi.com.tr\/index.php\/wp-json\/wp\/v2\/product"}],"about":[{"href":"https:\/\/roveyayinevi.com.tr\/index.php\/wp-json\/wp\/v2\/types\/product"}],"wp:attachment":[{"href":"https:\/\/roveyayinevi.com.tr\/index.php\/wp-json\/wp\/v2\/media?parent=777853"}],"wp:term":[{"taxonomy":"product_brand","embeddable":true,"href":"https:\/\/roveyayinevi.com.tr\/index.php\/wp-json\/wp\/v2\/product_brand?post=777853"},{"taxonomy":"product_cat","embeddable":true,"href":"https:\/\/roveyayinevi.com.tr\/index.php\/wp-json\/wp\/v2\/product_cat?post=777853"},{"taxonomy":"product_tag","embeddable":true,"href":"https:\/\/roveyayinevi.com.tr\/index.php\/wp-json\/wp\/v2\/product_tag?post=777853"}],"curies":[{"name":"wp","href":"https:\/\/api.w.org\/{rel}","templated":true}]}}