{"id":777852,"date":"2025-10-27T05:38:08","date_gmt":"2025-10-27T02:38:08","guid":{"rendered":"https:\/\/roveyayinevi.com.tr\/index.php\/urun\/leroy-sane\/"},"modified":"2026-04-15T03:39:46","modified_gmt":"2026-04-15T00:39:46","slug":"leroy-sane","status":"publish","type":"product","link":"https:\/\/roveyayinevi.com.tr\/index.php\/urun\/leroy-sane\/","title":{"rendered":"Leroy Sane"},"content":{"rendered":"<p>Futbol sahalar\u0131nda parlayan, h\u0131z\u0131yla rakiplerini geride b\u0131rakan ve yetene\u011fiyle milyonlar\u0131 b\u00fcy\u00fcleyen bir isim: Leroy San\u00e9.Bu kitap; Schalke altyap\u0131s\u0131ndan Manchester City\u2019ye, oradan Bayern M\u00fcnih\u2019e ve nihayetinde T\u00fcrk futbolunun zirvesi Galatasaray\u2019a uzanan unutulmaz bir kariyeri anlat\u0131yor. San\u00e9\u2019nin \u00e7ocukluk y\u0131llar\u0131ndan profesyonel futbola ad\u0131m att\u0131\u011f\u0131 g\u00fcnlere, ya\u015fad\u0131\u011f\u0131 zorluklara ve zaferlerle dolu yolculu\u011funa tan\u0131kl\u0131k edeceksiniz.Sadece bir futbolcunun de\u011fil, ayn\u0131 zamanda bir azim ve tutku hik\u00e2yesinin anlat\u0131ld\u0131\u011f\u0131 bu biyografi; kariyerinin yeni d\u00f6neminde, Galatasaray formas\u0131yla Avrupa\u2019da yeni zaferlere haz\u0131rlanan San\u00e9\u2019nin ilham verici \u00f6yk\u00fcs\u00fcn\u00fc g\u00f6zler \u00f6n\u00fcne seriyor.<\/p>\n","protected":false},"excerpt":{"rendered":"<p>Futbol sahalar\u0131nda parlayan, h\u0131z\u0131yla rakiplerini geride b\u0131rakan ve yetene\u011fiyle milyonlar\u0131 b\u00fcy\u00fcleyen bir isim: Leroy San\u00e9.Bu kitap; Schalke altyap\u0131s\u0131ndan Manchester City\u2019ye, oradan Bayern M\u00fcnih\u2019e ve nihayetinde T\u00fcrk<span class=\"excerpt-hellip\"> [\u2026]<\/span><\/p>\n","protected":false},"featured_media":0,"template":"","meta":{"_monsterinsights_skip_tracking":false,"_monsterinsights_sitenote_active":false,"_monsterinsights_sitenote_note":"","_monsterinsights_sitenote_category":0},"product_brand":[],"product_cat":[15563,15564],"product_tag":[],"class_list":{"0":"post-777852","1":"product","2":"type-product","3":"status-publish","5":"product_cat-hobi","6":"product_cat-spor","7":"pa_cilt-ciltsiz","8":"pa_tur-kitap","9":"pa_yayinevi-peta-kitap","10":"pa_yazar-can-eren","12":"first","13":"instock","14":"sale","15":"shipping-taxable","16":"purchasable","17":"product-type-simple"},"_links":{"self":[{"href":"https:\/\/roveyayinevi.com.tr\/index.php\/wp-json\/wp\/v2\/product\/777852","targetHints":{"allow":["GET"]}}],"collection":[{"href":"https:\/\/roveyayinevi.com.tr\/index.php\/wp-json\/wp\/v2\/product"}],"about":[{"href":"https:\/\/roveyayinevi.com.tr\/index.php\/wp-json\/wp\/v2\/types\/product"}],"wp:attachment":[{"href":"https:\/\/roveyayinevi.com.tr\/index.php\/wp-json\/wp\/v2\/media?parent=777852"}],"wp:term":[{"taxonomy":"product_brand","embeddable":true,"href":"https:\/\/roveyayinevi.com.tr\/index.php\/wp-json\/wp\/v2\/product_brand?post=777852"},{"taxonomy":"product_cat","embeddable":true,"href":"https:\/\/roveyayinevi.com.tr\/index.php\/wp-json\/wp\/v2\/product_cat?post=777852"},{"taxonomy":"product_tag","embeddable":true,"href":"https:\/\/roveyayinevi.com.tr\/index.php\/wp-json\/wp\/v2\/product_tag?post=777852"}],"curies":[{"name":"wp","href":"https:\/\/api.w.org\/{rel}","templated":true}]}}