{"id":777849,"date":"2025-10-27T05:34:39","date_gmt":"2025-10-27T02:34:39","guid":{"rendered":"https:\/\/roveyayinevi.com.tr\/index.php\/urun\/stem-bilim-ansiklopedisi-bilim\/"},"modified":"2026-04-15T03:39:19","modified_gmt":"2026-04-15T00:39:19","slug":"stem-bilim-ansiklopedisi-bilim","status":"publish","type":"product","link":"https:\/\/roveyayinevi.com.tr\/index.php\/urun\/stem-bilim-ansiklopedisi-bilim\/","title":{"rendered":"Stem Bilim Ansiklopedisi : Bilim"},"content":{"rendered":"<p>Bilim, hayat\u0131m\u0131z\u0131n her bir par\u00e7as\u0131n\u0131n temelini olu\u015fturur. STEM Bilim Ansiklopedisi serisinin Bilim kitab\u0131, bilimin farkl\u0131 alanlar\u0131n\u0131 ve bu alanlar\u0131 \u015fekillendiren bilimsel \u00e7al\u0131\u015fmalar\u0131 ke\u015ffediyor. Ayr\u0131ca STEM bilimlerinin anahtar kavramlar\u0131n\u0131 i\u00e7eren detayl\u0131 bir s\u00f6zl\u00fck sunuyor. Kesit diyagramlar ve bilgi kutular\u0131yla zenginle\u015ftirilmi\u015f olan bu kitap, canl\u0131 renklerle desteklenen \u00e7izimlerle de dikkat \u00e7ekiyor.   STEM Bilim Ansiklopedisi: Bilim, bilimin d\u00fcnyas\u0131n\u0131 ve hayat\u0131m\u0131zdaki etkilerini ke\u015ffetmek isteyen gen\u00e7 okurlar i\u00e7in harika bir kaynak sunuyor. <\/p>\n","protected":false},"excerpt":{"rendered":"<p>Bilim, hayat\u0131m\u0131z\u0131n her bir par\u00e7as\u0131n\u0131n temelini olu\u015fturur. STEM Bilim Ansiklopedisi serisinin Bilim kitab\u0131, bilimin farkl\u0131 alanlar\u0131n\u0131 ve bu alanlar\u0131 \u015fekillendiren bilimsel \u00e7al\u0131\u015fmalar\u0131 ke\u015ffediyor. Ayr\u0131ca STEM bilimlerinin<span class=\"excerpt-hellip\"> [\u2026]<\/span><\/p>\n","protected":false},"featured_media":0,"template":"","meta":{"_monsterinsights_skip_tracking":false,"_monsterinsights_sitenote_active":false,"_monsterinsights_sitenote_note":"","_monsterinsights_sitenote_category":0},"product_brand":[],"product_cat":[12274,14573],"product_tag":[],"class_list":{"0":"post-777849","1":"product","2":"type-product","3":"status-publish","5":"product_cat-cocuk-ve-genclik-kitaplari","6":"product_cat-referans-kitaplar-cocuk-ve-genclik-kitaplari","7":"pa_cilt-ciltsiz","8":"pa_tur-kitap","9":"pa_yayinevi-cocuk-gelisimi-yayinlari","10":"pa_yazar-bramblekids","12":"first","13":"instock","14":"sale","15":"shipping-taxable","16":"purchasable","17":"product-type-simple"},"_links":{"self":[{"href":"https:\/\/roveyayinevi.com.tr\/index.php\/wp-json\/wp\/v2\/product\/777849","targetHints":{"allow":["GET"]}}],"collection":[{"href":"https:\/\/roveyayinevi.com.tr\/index.php\/wp-json\/wp\/v2\/product"}],"about":[{"href":"https:\/\/roveyayinevi.com.tr\/index.php\/wp-json\/wp\/v2\/types\/product"}],"wp:attachment":[{"href":"https:\/\/roveyayinevi.com.tr\/index.php\/wp-json\/wp\/v2\/media?parent=777849"}],"wp:term":[{"taxonomy":"product_brand","embeddable":true,"href":"https:\/\/roveyayinevi.com.tr\/index.php\/wp-json\/wp\/v2\/product_brand?post=777849"},{"taxonomy":"product_cat","embeddable":true,"href":"https:\/\/roveyayinevi.com.tr\/index.php\/wp-json\/wp\/v2\/product_cat?post=777849"},{"taxonomy":"product_tag","embeddable":true,"href":"https:\/\/roveyayinevi.com.tr\/index.php\/wp-json\/wp\/v2\/product_tag?post=777849"}],"curies":[{"name":"wp","href":"https:\/\/api.w.org\/{rel}","templated":true}]}}