{"id":777847,"date":"2025-10-27T05:34:35","date_gmt":"2025-10-27T02:34:35","guid":{"rendered":"https:\/\/roveyayinevi.com.tr\/index.php\/urun\/stem-bilim-ansiklopedisi-uzay\/"},"modified":"2026-04-15T03:39:19","modified_gmt":"2026-04-15T00:39:19","slug":"stem-bilim-ansiklopedisi-uzay","status":"publish","type":"product","link":"https:\/\/roveyayinevi.com.tr\/index.php\/urun\/stem-bilim-ansiklopedisi-uzay\/","title":{"rendered":"Stem Bilim Ansiklopedisi : Uzay"},"content":{"rendered":"<p>Uzay; y\u0131ld\u0131zlar, gezegenler ve di\u011fer g\u00f6k cisimlerinin bulundu\u011fu, D\u00fcnya\u2019n\u0131n \u00f6tesinde sonsuz bir bo\u015fluktur. STEM Bilim Ansiklopedisi serisinin Uzay kitab\u0131, astronomi biliminin temel konular\u0131n\u0131 ve ger\u00e7ekle\u015fen yeni bilimsel ke\u015fifleri inceliyor. Ayr\u0131ca STEM bilimlerinin anahtar kavramlar\u0131n\u0131 i\u00e7eren detayl\u0131 bir s\u00f6zl\u00fck sunuyor. Kesit diyagramlar ve bilgi kutular\u0131yla zenginle\u015ftirilmi\u015f olan bu kitap, canl\u0131 renklerle desteklenen \u00e7izimlerle de dikkat \u00e7ekiyor.   STEM Bilim Ansiklopedisi: Uzay, evrenin derinliklerine yolculuk yapmak isteyen t\u00fcm gen\u00e7 okurlar i\u00e7in m\u00fckemmel bir kaynak sunuyor.<\/p>\n","protected":false},"excerpt":{"rendered":"<p>Uzay; y\u0131ld\u0131zlar, gezegenler ve di\u011fer g\u00f6k cisimlerinin bulundu\u011fu, D\u00fcnya\u2019n\u0131n \u00f6tesinde sonsuz bir bo\u015fluktur. STEM Bilim Ansiklopedisi serisinin Uzay kitab\u0131, astronomi biliminin temel konular\u0131n\u0131 ve ger\u00e7ekle\u015fen yeni<span class=\"excerpt-hellip\"> [\u2026]<\/span><\/p>\n","protected":false},"featured_media":0,"template":"","meta":{"_monsterinsights_skip_tracking":false,"_monsterinsights_sitenote_active":false,"_monsterinsights_sitenote_note":"","_monsterinsights_sitenote_category":0},"product_brand":[],"product_cat":[12274,14573],"product_tag":[],"class_list":{"0":"post-777847","1":"product","2":"type-product","3":"status-publish","5":"product_cat-cocuk-ve-genclik-kitaplari","6":"product_cat-referans-kitaplar-cocuk-ve-genclik-kitaplari","7":"pa_cilt-ciltsiz","8":"pa_tur-kitap","9":"pa_yayinevi-cocuk-gelisimi-yayinlari","10":"pa_yazar-bramblekids","12":"first","13":"instock","14":"sale","15":"shipping-taxable","16":"purchasable","17":"product-type-simple"},"_links":{"self":[{"href":"https:\/\/roveyayinevi.com.tr\/index.php\/wp-json\/wp\/v2\/product\/777847","targetHints":{"allow":["GET"]}}],"collection":[{"href":"https:\/\/roveyayinevi.com.tr\/index.php\/wp-json\/wp\/v2\/product"}],"about":[{"href":"https:\/\/roveyayinevi.com.tr\/index.php\/wp-json\/wp\/v2\/types\/product"}],"wp:attachment":[{"href":"https:\/\/roveyayinevi.com.tr\/index.php\/wp-json\/wp\/v2\/media?parent=777847"}],"wp:term":[{"taxonomy":"product_brand","embeddable":true,"href":"https:\/\/roveyayinevi.com.tr\/index.php\/wp-json\/wp\/v2\/product_brand?post=777847"},{"taxonomy":"product_cat","embeddable":true,"href":"https:\/\/roveyayinevi.com.tr\/index.php\/wp-json\/wp\/v2\/product_cat?post=777847"},{"taxonomy":"product_tag","embeddable":true,"href":"https:\/\/roveyayinevi.com.tr\/index.php\/wp-json\/wp\/v2\/product_tag?post=777847"}],"curies":[{"name":"wp","href":"https:\/\/api.w.org\/{rel}","templated":true}]}}