{"id":777846,"date":"2025-10-27T05:34:32","date_gmt":"2025-10-27T02:34:32","guid":{"rendered":"https:\/\/roveyayinevi.com.tr\/index.php\/urun\/stem-bilim-ansiklopedisi-teknoloji\/"},"modified":"2026-04-15T03:39:19","modified_gmt":"2026-04-15T00:39:19","slug":"stem-bilim-ansiklopedisi-teknoloji","status":"publish","type":"product","link":"https:\/\/roveyayinevi.com.tr\/index.php\/urun\/stem-bilim-ansiklopedisi-teknoloji\/","title":{"rendered":"Stem Bilim Ansiklopedisi : Teknoloji"},"content":{"rendered":"<p>Teknoloji, bilimin ve elbette hayatlar\u0131m\u0131z\u0131n merkezinde yer al\u0131r. \u0130nsanlar\u0131 ke\u015fif yolculu\u011funa \u00e7\u0131karan en \u00f6nemli unsurdur. Ge\u00e7mi\u015fteki icatlar\u0131n tarihini, gelecekteki icatlar\u0131n da temelini olu\u015fturur. STEM Bilim Ansiklopedisi serisinin Teknoloji kitab\u0131, STEM bilimlerinin anahtar kavramlar\u0131n\u0131 i\u00e7eren detayl\u0131 bir s\u00f6zl\u00fck sunuyor. Kesit diyagramlar ve bilgi kutular\u0131yla zenginle\u015ftirilmi\u015f olan bu kitap, canl\u0131 renklerle desteklenen \u00e7izimlerle de dikkat \u00e7ekiyor.   STEM Bilim Ansiklopedisi: Teknoloji, bilimsel ke\u015fiflerin \u0131\u015f\u0131\u011f\u0131nda insanl\u0131k tarihine y\u00f6n veren yenilikleri ke\u015ffetmek isteyen gen\u00e7 okurlar i\u00e7in m\u00fckemmel bir rehber sunuyor. <\/p>\n","protected":false},"excerpt":{"rendered":"<p>Teknoloji, bilimin ve elbette hayatlar\u0131m\u0131z\u0131n merkezinde yer al\u0131r. \u0130nsanlar\u0131 ke\u015fif yolculu\u011funa \u00e7\u0131karan en \u00f6nemli unsurdur. Ge\u00e7mi\u015fteki icatlar\u0131n tarihini, gelecekteki icatlar\u0131n da temelini olu\u015fturur. STEM Bilim Ansiklopedisi<span class=\"excerpt-hellip\"> [\u2026]<\/span><\/p>\n","protected":false},"featured_media":0,"template":"","meta":{"_monsterinsights_skip_tracking":false,"_monsterinsights_sitenote_active":false,"_monsterinsights_sitenote_note":"","_monsterinsights_sitenote_category":0},"product_brand":[],"product_cat":[12274,14573],"product_tag":[],"class_list":{"0":"post-777846","1":"product","2":"type-product","3":"status-publish","5":"product_cat-cocuk-ve-genclik-kitaplari","6":"product_cat-referans-kitaplar-cocuk-ve-genclik-kitaplari","7":"pa_cilt-ciltsiz","8":"pa_tur-kitap","9":"pa_yayinevi-cocuk-gelisimi-yayinlari","10":"pa_yazar-bramblekids","12":"first","13":"instock","14":"sale","15":"shipping-taxable","16":"purchasable","17":"product-type-simple"},"_links":{"self":[{"href":"https:\/\/roveyayinevi.com.tr\/index.php\/wp-json\/wp\/v2\/product\/777846","targetHints":{"allow":["GET"]}}],"collection":[{"href":"https:\/\/roveyayinevi.com.tr\/index.php\/wp-json\/wp\/v2\/product"}],"about":[{"href":"https:\/\/roveyayinevi.com.tr\/index.php\/wp-json\/wp\/v2\/types\/product"}],"wp:attachment":[{"href":"https:\/\/roveyayinevi.com.tr\/index.php\/wp-json\/wp\/v2\/media?parent=777846"}],"wp:term":[{"taxonomy":"product_brand","embeddable":true,"href":"https:\/\/roveyayinevi.com.tr\/index.php\/wp-json\/wp\/v2\/product_brand?post=777846"},{"taxonomy":"product_cat","embeddable":true,"href":"https:\/\/roveyayinevi.com.tr\/index.php\/wp-json\/wp\/v2\/product_cat?post=777846"},{"taxonomy":"product_tag","embeddable":true,"href":"https:\/\/roveyayinevi.com.tr\/index.php\/wp-json\/wp\/v2\/product_tag?post=777846"}],"curies":[{"name":"wp","href":"https:\/\/api.w.org\/{rel}","templated":true}]}}