{"id":777845,"date":"2025-10-27T05:34:19","date_gmt":"2025-10-27T02:34:19","guid":{"rendered":"https:\/\/roveyayinevi.com.tr\/index.php\/urun\/hemdert-can-ciltli\/"},"modified":"2026-04-15T03:39:18","modified_gmt":"2026-04-15T00:39:18","slug":"hemdert-can-ciltli","status":"publish","type":"product","link":"https:\/\/roveyayinevi.com.tr\/index.php\/urun\/hemdert-can-ciltli\/","title":{"rendered":"Hemdert \u2013 Can (Ciltli)"},"content":{"rendered":"<p>Hemdert: Ayn\u0131 ac\u0131lar\u0131 \u00e7eken, dert orta\u011f\u0131&#8230; Sevdan\u0131n ate\u015fi mi sarm\u0131\u015ft\u0131 d\u00f6rt bir yanlar\u0131n\u0131 yoksa d\u00fc\u015fmanlar m\u0131? \u00d6l\u00fcm m\u00fc kol gezecekti pe\u015flerinde yoksa a\u015fk m\u0131? Bir sald\u0131r\u0131yla ba\u015flayan tan\u0131\u015fma sevdaya d\u00f6n\u00fc\u015fm\u00fc\u015f, kalplerinin kap\u0131lar\u0131 son nefeslerine dek birbirlerine a\u00e7\u0131lm\u0131\u015ft\u0131. Can bedenden \u00e7\u0131kmad\u0131k\u00e7a s\u00fcrecekti bu sevda, biliyorlard\u0131.T\u0131pk\u0131 d\u00fc\u015fman\u0131n bir soluk mesafesinde oldu\u011funu bildikleri gibi\u2026 T\u0131pk\u0131 kur\u015funlar\u0131n aras\u0131nda ba\u015flayan hik\u00e2yelerinin ba\u015fka bir kur\u015funla noktalanabilece\u011fini bildikleri gibi\u2026 Akda\u011f \u0130l\u2019inde ne olaylar son buluyor ne de onlar m\u00fccadeleden vazge\u00e7iyordu. Ger\u00e7ekler usul usul g\u00fcn y\u00fcz\u00fcne \u00e7\u0131karken d\u00fc\u015fman da ad\u0131m ad\u0131m intikam\u0131n\u0131 almaya yakla\u015f\u0131yordu. Hedef Vali Nazenin Tuna\u2019yd\u0131. Onu can\u0131 pahas\u0131na korumaya yemin etmi\u015f Binba\u015f\u0131 Metehan K\u0131l\u0131\u00e7arslan ise hayat\u0131n\u0131n en zor g\u00f6revini alm\u0131\u015ft\u0131. Sevdalar\u0131 ve g\u00f6rev bilinci aras\u0131nda b\u00fcy\u00fck bir \u00e7\u0131kmaza giren Binba\u015f\u0131\u2019yla Vali Han\u0131m\u2019\u0131n nefes kesen maceras\u0131 kald\u0131\u011f\u0131 yerden devam ediyor.<\/p>\n","protected":false},"excerpt":{"rendered":"<p>Hemdert: Ayn\u0131 ac\u0131lar\u0131 \u00e7eken, dert orta\u011f\u0131&#8230; Sevdan\u0131n ate\u015fi mi sarm\u0131\u015ft\u0131 d\u00f6rt bir yanlar\u0131n\u0131 yoksa d\u00fc\u015fmanlar m\u0131? \u00d6l\u00fcm m\u00fc kol gezecekti pe\u015flerinde yoksa a\u015fk m\u0131? Bir sald\u0131r\u0131yla<span class=\"excerpt-hellip\"> [\u2026]<\/span><\/p>\n","protected":false},"featured_media":0,"template":"","meta":{"_monsterinsights_skip_tracking":false,"_monsterinsights_sitenote_active":false,"_monsterinsights_sitenote_note":"","_monsterinsights_sitenote_category":0},"product_brand":[],"product_cat":[12291,12711],"product_tag":[],"class_list":{"0":"post-777845","1":"product","2":"type-product","3":"status-publish","5":"product_cat-edebiyat","6":"product_cat-roman-oyku","7":"pa_cilt-ciltli","8":"pa_tur-kitap","9":"pa_yayinevi-lapis-kitap","10":"pa_yazar-aslihan-gungor","12":"first","13":"instock","14":"sale","15":"shipping-taxable","16":"purchasable","17":"product-type-simple"},"_links":{"self":[{"href":"https:\/\/roveyayinevi.com.tr\/index.php\/wp-json\/wp\/v2\/product\/777845","targetHints":{"allow":["GET"]}}],"collection":[{"href":"https:\/\/roveyayinevi.com.tr\/index.php\/wp-json\/wp\/v2\/product"}],"about":[{"href":"https:\/\/roveyayinevi.com.tr\/index.php\/wp-json\/wp\/v2\/types\/product"}],"wp:attachment":[{"href":"https:\/\/roveyayinevi.com.tr\/index.php\/wp-json\/wp\/v2\/media?parent=777845"}],"wp:term":[{"taxonomy":"product_brand","embeddable":true,"href":"https:\/\/roveyayinevi.com.tr\/index.php\/wp-json\/wp\/v2\/product_brand?post=777845"},{"taxonomy":"product_cat","embeddable":true,"href":"https:\/\/roveyayinevi.com.tr\/index.php\/wp-json\/wp\/v2\/product_cat?post=777845"},{"taxonomy":"product_tag","embeddable":true,"href":"https:\/\/roveyayinevi.com.tr\/index.php\/wp-json\/wp\/v2\/product_tag?post=777845"}],"curies":[{"name":"wp","href":"https:\/\/api.w.org\/{rel}","templated":true}]}}