{"id":777843,"date":"2025-10-27T05:31:57","date_gmt":"2025-10-27T02:31:57","guid":{"rendered":"https:\/\/roveyayinevi.com.tr\/index.php\/urun\/kiziltepe-2-mahalle-serisi-kutulu-set-ciltli\/"},"modified":"2026-04-15T03:38:54","modified_gmt":"2026-04-15T00:38:54","slug":"kiziltepe-2-mahalle-serisi-kutulu-set-ciltli","status":"publish","type":"product","link":"https:\/\/roveyayinevi.com.tr\/index.php\/urun\/kiziltepe-2-mahalle-serisi-kutulu-set-ciltli\/","title":{"rendered":"K\u0131z\u0131ltepe-2 Mahalle serisi Kutulu set (Ciltli)"},"content":{"rendered":"<p>\u201cSen her zaman hayran oldu\u011fum insand\u0131n, biliyor musun?\u201d Dilimin ucundakileri itiraf etmek hem zordu hem de uzunca su\u0308re ta\u015f\u0131maktan yoruldu\u011fum yu\u0308ku\u0308 b\u0131rakman\u0131n hafifli\u011fiydi. \u201cSenle beni du\u0308\u015fu\u0308nmek imk\u00e2ns\u0131zd\u0131. Bakma bana \u00f6yle.\u201d Parmaklar\u0131m\u0131 aram\u0131za uzatarak ba\u015fparma\u011f\u0131mla aln\u0131n\u0131n u\u0308zerine \u00e7\u0131kan k\u0131r\u0131\u015f\u0131kl\u0131klar\u0131 ok\u015fad\u0131m. \u201cSahip olunamayacak kadar yu\u0308ksekte, asla hayal edemeyece\u011fim kadar farkl\u0131yd\u0131n.\u201d Ac\u0131yla gu\u0308lu\u0308msedim. \u201cOrtal\u0131\u011f\u0131 kar\u0131\u015ft\u0131rmaktan zevk alan, dikkat \u00e7ekmek i\u00e7in \u00f6len Mahira, nas\u0131l olurdu da Sancak\u2019a yak\u0131\u015f\u0131rd\u0131<\/p>\n","protected":false},"excerpt":{"rendered":"<p>\u201cSen her zaman hayran oldu\u011fum insand\u0131n, biliyor musun?\u201d Dilimin ucundakileri itiraf etmek hem zordu hem de uzunca su\u0308re ta\u015f\u0131maktan yoruldu\u011fum yu\u0308ku\u0308 b\u0131rakman\u0131n hafifli\u011fiydi. \u201cSenle beni du\u0308\u015fu\u0308nmek<span class=\"excerpt-hellip\"> [\u2026]<\/span><\/p>\n","protected":false},"featured_media":0,"template":"","meta":{"_monsterinsights_skip_tracking":false,"_monsterinsights_sitenote_active":false,"_monsterinsights_sitenote_note":"","_monsterinsights_sitenote_category":0},"product_brand":[],"product_cat":[12291,12711],"product_tag":[],"class_list":{"0":"post-777843","1":"product","2":"type-product","3":"status-publish","5":"product_cat-edebiyat","6":"product_cat-roman-oyku","7":"pa_cilt-ciltli","8":"pa_tur-kitap","9":"pa_yayinevi-lapis-kitap","10":"pa_yazar-hazal-aba","12":"first","13":"instock","14":"sale","15":"shipping-taxable","16":"purchasable","17":"product-type-simple"},"_links":{"self":[{"href":"https:\/\/roveyayinevi.com.tr\/index.php\/wp-json\/wp\/v2\/product\/777843","targetHints":{"allow":["GET"]}}],"collection":[{"href":"https:\/\/roveyayinevi.com.tr\/index.php\/wp-json\/wp\/v2\/product"}],"about":[{"href":"https:\/\/roveyayinevi.com.tr\/index.php\/wp-json\/wp\/v2\/types\/product"}],"wp:attachment":[{"href":"https:\/\/roveyayinevi.com.tr\/index.php\/wp-json\/wp\/v2\/media?parent=777843"}],"wp:term":[{"taxonomy":"product_brand","embeddable":true,"href":"https:\/\/roveyayinevi.com.tr\/index.php\/wp-json\/wp\/v2\/product_brand?post=777843"},{"taxonomy":"product_cat","embeddable":true,"href":"https:\/\/roveyayinevi.com.tr\/index.php\/wp-json\/wp\/v2\/product_cat?post=777843"},{"taxonomy":"product_tag","embeddable":true,"href":"https:\/\/roveyayinevi.com.tr\/index.php\/wp-json\/wp\/v2\/product_tag?post=777843"}],"curies":[{"name":"wp","href":"https:\/\/api.w.org\/{rel}","templated":true}]}}