{"id":777834,"date":"2025-10-27T05:22:18","date_gmt":"2025-10-27T02:22:18","guid":{"rendered":"https:\/\/roveyayinevi.com.tr\/index.php\/urun\/kont-ciltli\/"},"modified":"2026-04-15T03:37:45","modified_gmt":"2026-04-15T00:37:45","slug":"kont-ciltli","status":"publish","type":"product","link":"https:\/\/roveyayinevi.com.tr\/index.php\/urun\/kont-ciltli\/","title":{"rendered":"Kont (Ciltli)"},"content":{"rendered":"<p>\u00f6r1964   \u00c2\u015f\u0131k olmak i\u00e7in g\u00fczel bir y\u0131l\u2026   \u0130talyan mafyas\u0131n\u0131n Amerika\u2019daki faaliyetlerinin artt\u0131\u011f\u0131 karanl\u0131k d\u00f6nemde b\u00fct\u00fcn d\u00fcnyaya h\u00fckmeden g\u00fc\u00e7ler birbirleri ile sava\u015f verirken kendilerini, ailelerini ve onurlar\u0131n\u0131 korumaya kararl\u0131d\u0131r. Bu kirli d\u00fcnyada saf hi\u00e7bir \u015feye yer yoktur. Ta ki hayat kurtarmaya merakl\u0131 gen\u00e7 hem\u015fire Jolene gizemli bir adamla tan\u0131\u015fana kadar\u2026 Jolene \u00f6nce a\u015fk\u0131n safl\u0131\u011f\u0131yla daha sonra yeni tan\u0131\u015ft\u0131\u011f\u0131 tutku ile yo\u011furulur, kader onu bir ba\u015ftan di\u011fer ba\u015fa s\u00fcr\u00fckledi\u011finde \u00e7ok daha tehlikeli bir yan\u0131n\u0131n fark\u0131na var\u0131r. Vah\u015fi hislerin, s\u0131n\u0131rs\u0131z arzunun ve kendisine a\u00e7 olan karanl\u0131k bir ruhun\u2026 Giovanni Cardinale bunlar\u0131n hepsine sahiptir fakat onun d\u00fcnyas\u0131nda zarar g\u00f6rmeden ya da zarar vermeden bir \u015feyi sevmek m\u00fcmk\u00fcn de\u011fildir.   \u201cD\u00fcnyamdaki t\u00fcm karanl\u0131\u011f\u0131 g\u00f6r\u00fcyorsun ama yine de ona \u00e7ekiliyorsun.Ate\u015fe u\u00e7an bir kelebek gibisin, kanatlar\u0131n yanacak.\u201d <\/p>\n","protected":false},"excerpt":{"rendered":"<p>\u00f6r1964 \u00c2\u015f\u0131k olmak i\u00e7in g\u00fczel bir y\u0131l\u2026 \u0130talyan mafyas\u0131n\u0131n Amerika\u2019daki faaliyetlerinin artt\u0131\u011f\u0131 karanl\u0131k d\u00f6nemde b\u00fct\u00fcn d\u00fcnyaya h\u00fckmeden g\u00fc\u00e7ler birbirleri ile sava\u015f verirken kendilerini, ailelerini ve onurlar\u0131n\u0131<span class=\"excerpt-hellip\"> [\u2026]<\/span><\/p>\n","protected":false},"featured_media":0,"template":"","meta":{"_monsterinsights_skip_tracking":false,"_monsterinsights_sitenote_active":false,"_monsterinsights_sitenote_note":"","_monsterinsights_sitenote_category":0},"product_brand":[],"product_cat":[12291,12711],"product_tag":[],"class_list":{"0":"post-777834","1":"product","2":"type-product","3":"status-publish","5":"product_cat-edebiyat","6":"product_cat-roman-oyku","7":"pa_cilt-ciltli","8":"pa_tur-kitap","9":"pa_yayinevi-lapis-kitap","10":"pa_yazar-askin-nur-karatas","12":"first","13":"instock","14":"sale","15":"shipping-taxable","16":"purchasable","17":"product-type-simple"},"_links":{"self":[{"href":"https:\/\/roveyayinevi.com.tr\/index.php\/wp-json\/wp\/v2\/product\/777834","targetHints":{"allow":["GET"]}}],"collection":[{"href":"https:\/\/roveyayinevi.com.tr\/index.php\/wp-json\/wp\/v2\/product"}],"about":[{"href":"https:\/\/roveyayinevi.com.tr\/index.php\/wp-json\/wp\/v2\/types\/product"}],"wp:attachment":[{"href":"https:\/\/roveyayinevi.com.tr\/index.php\/wp-json\/wp\/v2\/media?parent=777834"}],"wp:term":[{"taxonomy":"product_brand","embeddable":true,"href":"https:\/\/roveyayinevi.com.tr\/index.php\/wp-json\/wp\/v2\/product_brand?post=777834"},{"taxonomy":"product_cat","embeddable":true,"href":"https:\/\/roveyayinevi.com.tr\/index.php\/wp-json\/wp\/v2\/product_cat?post=777834"},{"taxonomy":"product_tag","embeddable":true,"href":"https:\/\/roveyayinevi.com.tr\/index.php\/wp-json\/wp\/v2\/product_tag?post=777834"}],"curies":[{"name":"wp","href":"https:\/\/api.w.org\/{rel}","templated":true}]}}