{"id":777831,"date":"2025-10-27T05:16:38","date_gmt":"2025-10-27T02:16:38","guid":{"rendered":"https:\/\/roveyayinevi.com.tr\/index.php\/urun\/kayip-kiraci-ciltli\/"},"modified":"2026-04-15T03:37:08","modified_gmt":"2026-04-15T00:37:08","slug":"kayip-kiraci-ciltli","status":"publish","type":"product","link":"https:\/\/roveyayinevi.com.tr\/index.php\/urun\/kayip-kiraci-ciltli\/","title":{"rendered":"Kay\u0131p Kirac\u0131 (Ciltli)"},"content":{"rendered":"<p>SOYSUZ B\u0130R ACIYI,AS\u0130L B\u0130R KADIN SESS\u0130ZCE \u00c7EKER!\u00c7anlar \u00e7al\u0131yor.Ait hissedemedi\u011fi bir evde, ait hissetmedi\u011fi bir dinde,ait hissetmedi\u011fi bir kalpte\u201cBen Kimim?\u201d sava\u015f\u0131n\u0131 veren adam i\u00e7in\u00e7anlar \u0131srarla \u00e7al\u0131yor.\u00c7anlar \u00e7al\u0131yor.Bask\u0131 alt\u0131nda, el eliyle \u00e7izilmi\u015f s\u0131n\u0131rlar\u0131n etraf\u0131nda,\u201cBen Bunu Neden Ya\u015f\u0131yorum?\u201d sorusunu soramayan ve\u00f6zg\u00fcrl\u00fc\u011f\u00fcn\u00fcn k\u0131s\u0131tlanmas\u0131na ses \u00e7\u0131karmayankad\u0131n i\u00e7in \u00e7anlar \u0131srarla \u00e7al\u0131yor.\u201cSen ger\u00e7e\u011fi g\u00f6rene kadar&#8230;\u201d\u00c7anlar \u00e7almaya devam edecek.\u201cGeride b\u0131rakt\u0131\u011f\u0131n\u0131 d\u00fc\u015f\u00fcnd\u00fc\u011f\u00fcn hayat\u0131n i\u00e7in&#8230;\u201d\u00c7anlar \u00e7almaya devam ediyor.\u201cBir kad\u0131n olarak kurban se\u00e7ildin&#8230;\u201d\u00c7anlar sa\u011f\u0131r eden bir g\u00fcr\u00fclt\u00fcyle son kez \u00e7ald\u0131.\u201cYarat\u0131c\u0131 buna izin vermeyecek! Yara veren her \u015feyi s\u00f6k!\u201d\u00c7anlar durdu.Kad\u0131n yaray\u0131 s\u00f6kemedi.\u0130lahi bir sesin yank\u0131s\u0131, kad\u0131n\u0131n yaras\u0131n\u0131s\u00f6kemedi\u011fi yerden duyuldu:\u201cHakikatin sahibini ink\u00e2r eden, hakk\u0131n\u0131 aramas\u0131n!\u201d <\/p>\n","protected":false},"excerpt":{"rendered":"<p>SOYSUZ B\u0130R ACIYI,AS\u0130L B\u0130R KADIN SESS\u0130ZCE \u00c7EKER!\u00c7anlar \u00e7al\u0131yor.Ait hissedemedi\u011fi bir evde, ait hissetmedi\u011fi bir dinde,ait hissetmedi\u011fi bir kalpte\u201cBen Kimim?\u201d sava\u015f\u0131n\u0131 veren adam i\u00e7in\u00e7anlar \u0131srarla \u00e7al\u0131yor.\u00c7anlar \u00e7al\u0131yor.Bask\u0131<span class=\"excerpt-hellip\"> [\u2026]<\/span><\/p>\n","protected":false},"featured_media":0,"template":"","meta":{"_monsterinsights_skip_tracking":false,"_monsterinsights_sitenote_active":false,"_monsterinsights_sitenote_note":"","_monsterinsights_sitenote_category":0},"product_brand":[],"product_cat":[12291,12711],"product_tag":[],"class_list":{"0":"post-777831","1":"product","2":"type-product","3":"status-publish","5":"product_cat-edebiyat","6":"product_cat-roman-oyku","7":"pa_cilt-ciltli","8":"pa_tur-kitap","9":"pa_yayinevi-lapis-kitap","10":"pa_yazar-sehnaz-hasimoglu-gulsen-hasimoglu","12":"first","13":"instock","14":"sale","15":"shipping-taxable","16":"purchasable","17":"product-type-simple"},"_links":{"self":[{"href":"https:\/\/roveyayinevi.com.tr\/index.php\/wp-json\/wp\/v2\/product\/777831","targetHints":{"allow":["GET"]}}],"collection":[{"href":"https:\/\/roveyayinevi.com.tr\/index.php\/wp-json\/wp\/v2\/product"}],"about":[{"href":"https:\/\/roveyayinevi.com.tr\/index.php\/wp-json\/wp\/v2\/types\/product"}],"wp:attachment":[{"href":"https:\/\/roveyayinevi.com.tr\/index.php\/wp-json\/wp\/v2\/media?parent=777831"}],"wp:term":[{"taxonomy":"product_brand","embeddable":true,"href":"https:\/\/roveyayinevi.com.tr\/index.php\/wp-json\/wp\/v2\/product_brand?post=777831"},{"taxonomy":"product_cat","embeddable":true,"href":"https:\/\/roveyayinevi.com.tr\/index.php\/wp-json\/wp\/v2\/product_cat?post=777831"},{"taxonomy":"product_tag","embeddable":true,"href":"https:\/\/roveyayinevi.com.tr\/index.php\/wp-json\/wp\/v2\/product_tag?post=777831"}],"curies":[{"name":"wp","href":"https:\/\/api.w.org\/{rel}","templated":true}]}}