{"id":777829,"date":"2025-10-27T05:14:31","date_gmt":"2025-10-27T02:14:31","guid":{"rendered":"https:\/\/roveyayinevi.com.tr\/index.php\/urun\/lilithin-gozyaslari-ciltli-kutu-hediyeli\/"},"modified":"2026-04-15T03:36:40","modified_gmt":"2026-04-15T00:36:40","slug":"lilithin-gozyaslari-ciltli-kutu-hediyeli","status":"publish","type":"product","link":"https:\/\/roveyayinevi.com.tr\/index.php\/urun\/lilithin-gozyaslari-ciltli-kutu-hediyeli\/","title":{"rendered":"Lilith\u2019in G\u00f6zya\u015flari (Ciltli Kutu Hediyeli)"},"content":{"rendered":"<p>Haf\u0131zas\u0131n\u0131 kaybetmi\u015f bir halde ba\u015f d\u00fc\u015fman\u0131n\u0131n evinde esir olarak uyanan Meira, ge\u00e7mi\u015fte i\u015fledi\u011fi affedilemez bir g\u00fcnah\u0131n bedelini \u00f6dedi\u011fini \u00f6\u011frenir.   Meira, uyand\u0131\u011f\u0131nda ona ilk, &#8220;Biz d\u00fc\u015fman\u0131z,&#8221; diyen adam\u0131n, bir zamanlar g\u00f6zlerinin i\u00e7ine a\u015fkla bakt\u0131\u011f\u0131n\u0131 \u00f6\u011frendi\u011finde, i\u015fledi\u011fi g\u00fcnah\u0131n hi\u00e7 de sand\u0131\u011f\u0131 kadar basit bir ihanet olmad\u0131\u011f\u0131n\u0131 ve alt\u0131nda \u00e7ok daha korkun\u00e7 bir entrikan\u0131n yatt\u0131\u011f\u0131n\u0131 anlar.   \u0130ki d\u00fc\u015fman\u0131n kader a\u011flar\u0131, tutku ve nefretin ate\u015fiyle birbirine \u00f6r\u00fclm\u00fc\u015f; kurdun kuzu postuna b\u00fcr\u00fcn\u00fcp kuzunun kurda d\u00f6n\u00fc\u015ft\u00fc\u011f\u00fc \u00e7arp\u0131k bir ihanet oyununa evrilmi\u015ftir. Art\u0131k birbirlerinden ka\u00e7malar\u0131 ne m\u00fcmk\u00fcn!   Bu yapbozu ise \u00e7\u00f6zmenin tek bir yolu var: _G\u00f6rd\u00fc\u011f\u00fcn ve duydu\u011fun hi\u00e7bir \u015feye inanma. Bunu ge\u00e7mi\u015fteki sen bile s\u00f6yl\u00fcyor olsa&#8230;   C\u0130LTL\u0130 KUTU \u0130\u00c7ER\u0130\u011e\u0130: POSTER + \u00d6ZEL KES\u0130M AYRA\u00c7 + KARAKTER KARTLARI + DEFTER + SAHNE KARTLARI<\/p>\n","protected":false},"excerpt":{"rendered":"<p>Haf\u0131zas\u0131n\u0131 kaybetmi\u015f bir halde ba\u015f d\u00fc\u015fman\u0131n\u0131n evinde esir olarak uyanan Meira, ge\u00e7mi\u015fte i\u015fledi\u011fi affedilemez bir g\u00fcnah\u0131n bedelini \u00f6dedi\u011fini \u00f6\u011frenir. Meira, uyand\u0131\u011f\u0131nda ona ilk, &#8220;Biz d\u00fc\u015fman\u0131z,&#8221; diyen<span class=\"excerpt-hellip\"> [\u2026]<\/span><\/p>\n","protected":false},"featured_media":0,"template":"","meta":{"_monsterinsights_skip_tracking":false,"_monsterinsights_sitenote_active":false,"_monsterinsights_sitenote_note":"","_monsterinsights_sitenote_category":0},"product_brand":[],"product_cat":[12291,12711],"product_tag":[],"class_list":{"0":"post-777829","1":"product","2":"type-product","3":"status-publish","5":"product_cat-edebiyat","6":"product_cat-roman-oyku","7":"pa_cilt-ciltli","8":"pa_tur-kitap","9":"pa_yayinevi-lapis-kitap","10":"pa_yazar-anna-tsintsadze","12":"first","13":"instock","14":"sale","15":"shipping-taxable","16":"purchasable","17":"product-type-simple"},"_links":{"self":[{"href":"https:\/\/roveyayinevi.com.tr\/index.php\/wp-json\/wp\/v2\/product\/777829","targetHints":{"allow":["GET"]}}],"collection":[{"href":"https:\/\/roveyayinevi.com.tr\/index.php\/wp-json\/wp\/v2\/product"}],"about":[{"href":"https:\/\/roveyayinevi.com.tr\/index.php\/wp-json\/wp\/v2\/types\/product"}],"wp:attachment":[{"href":"https:\/\/roveyayinevi.com.tr\/index.php\/wp-json\/wp\/v2\/media?parent=777829"}],"wp:term":[{"taxonomy":"product_brand","embeddable":true,"href":"https:\/\/roveyayinevi.com.tr\/index.php\/wp-json\/wp\/v2\/product_brand?post=777829"},{"taxonomy":"product_cat","embeddable":true,"href":"https:\/\/roveyayinevi.com.tr\/index.php\/wp-json\/wp\/v2\/product_cat?post=777829"},{"taxonomy":"product_tag","embeddable":true,"href":"https:\/\/roveyayinevi.com.tr\/index.php\/wp-json\/wp\/v2\/product_tag?post=777829"}],"curies":[{"name":"wp","href":"https:\/\/api.w.org\/{rel}","templated":true}]}}