{"id":777825,"date":"2025-10-27T04:54:07","date_gmt":"2025-10-27T01:54:07","guid":{"rendered":"https:\/\/roveyayinevi.com.tr\/index.php\/urun\/kar-yagarken\/"},"modified":"2026-04-15T03:33:28","modified_gmt":"2026-04-15T00:33:28","slug":"kar-yagarken","status":"publish","type":"product","link":"https:\/\/roveyayinevi.com.tr\/index.php\/urun\/kar-yagarken\/","title":{"rendered":"Kar Ya\u011farken"},"content":{"rendered":"<p>\u0130ki ezeli du\u0308\u015fman, bir araba yolcu\u011fu veNoel&#8230;Uzun su\u0308reli ili\u015fkisinin sona ermesinden sonra yerel havadurumu sunucusu Bea Armstrong ailesinden ve onlar\u0131nsevgi patlamalar\u0131ndan ka\u00e7maktad\u0131r. Ancak Noel h\u0131zlayakla\u015f\u0131rken anne ve babas\u0131n\u0131n Sherwood Orman\u0131&#8217;ndaki eskiaile evlerinde i\u015flettikleri okul olan Charis Evi&#8217;ne do\u011fru yola\u00e7\u0131kar. \u00dcstu\u0308ne u\u0308stlu\u0308k, ailesinin her zaman evlenmesini istedi\u011fi\u00e7ekilmez Henry Fairfax de Noel&#8217;e davet edilmi\u015ftir.Hayalindeki i\u015f i\u00e7in son dakikada bir mu\u0308lakata girmesi onumutlu etse de birka\u00e7 ku\u0308\u00e7u\u0308k sorun vard\u0131r:R\u00f6portaj \u0130sko\u00e7ya&#8217;da, Bea&#8217;nin arabas\u0131 yok vekar ya\u011fmaya \u00e7oktan ba\u015flad\u0131 bile.Tek \u00e7\u00f6zu\u0308m Henry&#8217;nin onu kendi arabas\u0131ylai\u015f g\u00f6ru\u0308\u015fmesine g\u00f6tu\u0308rmesidir.Bir Noel daha ne kadar k\u00f6tu\u0308 ge\u00e7ebilir?Ancak iki gu\u0308nlu\u0308k unutulmaz bir g\u00f6ru\u0308\u015fme, bir kulu\u0308bedekonaklama ve karda k\u00e2bus gibi bir yolculuk s\u0131ras\u0131ndaHenry&#8217;nin hi\u00e7 de du\u0308\u015fu\u0308ndu\u0308\u011fu\u0308 gibi biri olmad\u0131\u011f\u0131 ortaya \u00e7\u0131kar.Bea&#8217;nin eski sevgilisi ortaya \u00e7\u0131kt\u0131\u011f\u0131nda, yapmas\u0131 gereken zorbir se\u00e7im vard\u0131r&#8230;<\/p>\n","protected":false},"excerpt":{"rendered":"<p>\u0130ki ezeli du\u0308\u015fman, bir araba yolcu\u011fu veNoel&#8230;Uzun su\u0308reli ili\u015fkisinin sona ermesinden sonra yerel havadurumu sunucusu Bea Armstrong ailesinden ve onlar\u0131nsevgi patlamalar\u0131ndan ka\u00e7maktad\u0131r. Ancak Noel h\u0131zlayakla\u015f\u0131rken anne<span class=\"excerpt-hellip\"> [\u2026]<\/span><\/p>\n","protected":false},"featured_media":0,"template":"","meta":{"_monsterinsights_skip_tracking":false,"_monsterinsights_sitenote_active":false,"_monsterinsights_sitenote_note":"","_monsterinsights_sitenote_category":0},"product_brand":[],"product_cat":[12291,12711],"product_tag":[],"class_list":{"0":"post-777825","1":"product","2":"type-product","3":"status-publish","5":"product_cat-edebiyat","6":"product_cat-roman-oyku","7":"pa_cilt-ciltsiz","8":"pa_tur-kitap","9":"pa_yayinevi-lapis-kitap","10":"pa_yazar-beth-moran","12":"first","13":"instock","14":"sale","15":"shipping-taxable","16":"purchasable","17":"product-type-simple"},"_links":{"self":[{"href":"https:\/\/roveyayinevi.com.tr\/index.php\/wp-json\/wp\/v2\/product\/777825","targetHints":{"allow":["GET"]}}],"collection":[{"href":"https:\/\/roveyayinevi.com.tr\/index.php\/wp-json\/wp\/v2\/product"}],"about":[{"href":"https:\/\/roveyayinevi.com.tr\/index.php\/wp-json\/wp\/v2\/types\/product"}],"wp:attachment":[{"href":"https:\/\/roveyayinevi.com.tr\/index.php\/wp-json\/wp\/v2\/media?parent=777825"}],"wp:term":[{"taxonomy":"product_brand","embeddable":true,"href":"https:\/\/roveyayinevi.com.tr\/index.php\/wp-json\/wp\/v2\/product_brand?post=777825"},{"taxonomy":"product_cat","embeddable":true,"href":"https:\/\/roveyayinevi.com.tr\/index.php\/wp-json\/wp\/v2\/product_cat?post=777825"},{"taxonomy":"product_tag","embeddable":true,"href":"https:\/\/roveyayinevi.com.tr\/index.php\/wp-json\/wp\/v2\/product_tag?post=777825"}],"curies":[{"name":"wp","href":"https:\/\/api.w.org\/{rel}","templated":true}]}}