{"id":777823,"date":"2025-10-27T04:50:16","date_gmt":"2025-10-27T01:50:16","guid":{"rendered":"https:\/\/roveyayinevi.com.tr\/index.php\/urun\/merhaba-ve-hoscakal-arasinda\/"},"modified":"2026-04-15T03:32:45","modified_gmt":"2026-04-15T00:32:45","slug":"merhaba-ve-hoscakal-arasinda","status":"publish","type":"product","link":"https:\/\/roveyayinevi.com.tr\/index.php\/urun\/merhaba-ve-hoscakal-arasinda\/","title":{"rendered":"Merhaba ve Ho\u015f\u00e7akal Aras\u0131nda"},"content":{"rendered":"<p>Faith Benson, acil durumlarda ko\u015faca\u011f\u0131n\u0131z de\u011fil, tam olarak iyi vakit ge\u00e7irmek i\u00e7in arad\u0131\u011f\u0131n\u0131z parti k\u0131z\u0131 arkada\u015f\u0131n\u0131z. Brunch&#8217;ta mimozalar\u0131 ve Happy Hour&#8217;da martinileri seven o k\u0131z arkada\u015f. Ancak kayg\u0131s\u0131z ya\u015fam tarz\u0131, Seattle&#8217;\u0131n en iyi reklam ajans\u0131ndaki i\u015fini tehdit etmeye ba\u015flam\u0131\u015ft\u0131r. Bunun \u00fczerine patronunun \u0131srar\u0131yla k\u00fc\u00e7\u00fck bir seyahate \u00e7\u0131kmaya karar verir. Faith, ba\u015f\u0131n\u0131 belaya sokan k\u00f6t\u00fc al\u0131\u015fkanl\u0131klar\u0131ndan uzakta, Hawaii&#8217;nin \u00fccra adas\u0131 Kauai&#8217;ye gitmeye karar verir. Ancak ilk g\u00fcnden bile\u011fi burkulunca ahlaks\u0131zl\u0131\u011f\u0131n v\u00fccut bulmu\u015f hali olan bir adam taraf\u0131ndan kurtar\u0131l\u0131r. Bu adam, Faith&#8217;in kalbinde varl\u0131\u011f\u0131ndan bile haberdar olmad\u0131\u011f\u0131 duygular\u0131 uyand\u0131ran muhte\u015fem bir itfaiyecidir. Asher Mackey, g\u00fczel turistlerle vakit ge\u00e7irip sonra da onlar\u0131n k\u00fc\u00e7\u00fck adas\u0131ndan ayr\u0131l\u0131\u015flar\u0131n\u0131 izlemekten ba\u015fka bir \u015fey yapmaz. Hayat\u0131n\u0131 \u00e7evresindeki herkesin g\u00fcvenli\u011fine ve bak\u0131m\u0131na adam\u0131\u015ft\u0131r. Kendisi hari\u00e7. Ta ki canl\u0131, i\u00e7sel g\u00fczelli\u011fiyle hayat\u0131n\u0131n karanl\u0131k k\u00f6\u015felerine \u0131\u015f\u0131k tutan ve ona asl\u0131nda ne kadar g\u00fcvenli ama bo\u015f oldu\u011funu g\u00f6steren \u015fehirli k\u0131z, Faith Benson&#8217;la tan\u0131\u015fana kadar. Aralar\u0131ndaki mesafeyi korumak i\u00e7in ellerinden geleni yapmalar\u0131na ra\u011fmen Faith ve Asher birbirlerine \u00e7ok h\u0131zl\u0131 ve sert bir \u015fekilde \u00e2\u015f\u0131k olur ancak aralar\u0131nda bir okyanus vard\u0131r. Her ikisi de hayatlar\u0131n\u0131 Pasifik&#8217;in kar\u015f\u0131 yakalar\u0131nda kurarken, birbirlerine olan hisleri g\u00fcn ge\u00e7tik\u00e7e daha derin ve ink\u00e2r edilemez bir hal al\u0131r. Bir \u015feyler olmak zorundad\u0131r. Asher y\u0131k\u0131c\u0131 bir haber ald\u0131\u011f\u0131nda, Faith ve Asher kalplerini tamamen birbirlerine emanet etmek ya da g\u00fcvenli ama ayr\u0131 d\u00fcnyalar\u0131na geri d\u00f6nmek konusunda kesin bir karar vermek zorundad\u0131r. \u00c7\u00fcnk\u00fc ikisi de merhaba ve ho\u015f\u00e7a kal aras\u0131nda bir yerde ya\u015famaya daha fazla dayanamaz. Merhaba ve Ho\u015f\u00e7a Kal Aras\u0131nda, a\u015fk, kay\u0131p ve hayat\u0131 t\u00fcm y\u00f6nleriyle deneyimlemek hakk\u0131nda \u00e7a\u011fda\u015f bir romantizm \u00f6rne\u011fi.<\/p>\n","protected":false},"excerpt":{"rendered":"<p>Faith Benson, acil durumlarda ko\u015faca\u011f\u0131n\u0131z de\u011fil, tam olarak iyi vakit ge\u00e7irmek i\u00e7in arad\u0131\u011f\u0131n\u0131z parti k\u0131z\u0131 arkada\u015f\u0131n\u0131z. Brunch&#8217;ta mimozalar\u0131 ve Happy Hour&#8217;da martinileri seven o k\u0131z arkada\u015f.<span class=\"excerpt-hellip\"> [\u2026]<\/span><\/p>\n","protected":false},"featured_media":0,"template":"","meta":{"_monsterinsights_skip_tracking":false,"_monsterinsights_sitenote_active":false,"_monsterinsights_sitenote_note":"","_monsterinsights_sitenote_category":0},"product_brand":[],"product_cat":[12291,12711],"product_tag":[],"class_list":{"0":"post-777823","1":"product","2":"type-product","3":"status-publish","5":"product_cat-edebiyat","6":"product_cat-roman-oyku","7":"pa_cilt-ciltsiz","8":"pa_tur-kitap","9":"pa_yayinevi-lapis-kitap","10":"pa_yazar-emma-scott","12":"first","13":"instock","14":"sale","15":"shipping-taxable","16":"purchasable","17":"product-type-simple"},"_links":{"self":[{"href":"https:\/\/roveyayinevi.com.tr\/index.php\/wp-json\/wp\/v2\/product\/777823","targetHints":{"allow":["GET"]}}],"collection":[{"href":"https:\/\/roveyayinevi.com.tr\/index.php\/wp-json\/wp\/v2\/product"}],"about":[{"href":"https:\/\/roveyayinevi.com.tr\/index.php\/wp-json\/wp\/v2\/types\/product"}],"wp:attachment":[{"href":"https:\/\/roveyayinevi.com.tr\/index.php\/wp-json\/wp\/v2\/media?parent=777823"}],"wp:term":[{"taxonomy":"product_brand","embeddable":true,"href":"https:\/\/roveyayinevi.com.tr\/index.php\/wp-json\/wp\/v2\/product_brand?post=777823"},{"taxonomy":"product_cat","embeddable":true,"href":"https:\/\/roveyayinevi.com.tr\/index.php\/wp-json\/wp\/v2\/product_cat?post=777823"},{"taxonomy":"product_tag","embeddable":true,"href":"https:\/\/roveyayinevi.com.tr\/index.php\/wp-json\/wp\/v2\/product_tag?post=777823"}],"curies":[{"name":"wp","href":"https:\/\/api.w.org\/{rel}","templated":true}]}}