{"id":777822,"date":"2025-10-27T04:45:50","date_gmt":"2025-10-27T01:45:50","guid":{"rendered":"https:\/\/roveyayinevi.com.tr\/index.php\/urun\/guzel-oyuncu\/"},"modified":"2026-04-15T03:32:14","modified_gmt":"2026-04-15T00:32:14","slug":"guzel-oyuncu","status":"publish","type":"product","link":"https:\/\/roveyayinevi.com.tr\/index.php\/urun\/guzel-oyuncu\/","title":{"rendered":"G\u00fczel &amp; Oyuncu"},"content":{"rendered":"<p>Wall Street Journal\u2019\u0131n \u00e7ok satan yazar\u0131 Ilsa Madden-Mills\u2019\u0131n bu ate\u015fli ve tutkulu a\u015fk roman\u0131nda kader, ku\u0308.u\u0308k bir kasabada futbol ko\u00e7lu\u011fu yapan eski bir NFL oyun kurucusuyla, Teksas gu\u0308zellik krali\u00e7esini birbirine ba\u011fl\u0131yor. Yetenekli, zeki ve muhte\u015fem NFL oyun kurucusu Ronan Smith, du\u0308nyay\u0131 avcunun i\u00e7ine alm\u0131\u015ft\u0131r. Ancak bir araba kazas\u0131nda kariyerini ve ni\u015fanl\u0131s\u0131n\u0131 kaybettikten sonra yas ve k.tu\u0308 se\u00e7imlerle dolu bir \u00e7ukura du\u0308\u015fer. Partisine gizemli bir k\u0131z geldi\u011finde, ona do\u011fru \u00e7ekildi\u011fini hisseder ve ya\u015fad\u0131\u011f\u0131 her \u015feyi unutmak i\u00e7in onunla bir gece ge\u00e7irir. Eski gu\u0308zellik krali\u00e7esi, Nova Morgan ise bir g\u00f6revdedir. \u00c7ok \u00e7ok uzak bir galaksiden gelen bir prensesin kostu\u0308mu\u0308yle en sevdi\u011fi oyun kurucunun dikkatini \u00e7ekmek i\u00e7in kalabal\u0131k bir partiye gizlice girer. Ama tek gecelik bir ili\u015fkiden sonra bu\u0308tu\u0308n hayalleri suya du\u0308\u015fer. \u0130ki y\u0131l ileri saral\u0131m m\u0131? Be\u015f paras\u0131z ve \u00e7aresiz kalan Nova, y\u0131llar sonra Blue Belle, Teksas\u2019taki evine geri d\u00f6ner ve kaderin bir cilvesi olarak yan kom\u015fusu, herkesin hayran oldu\u011fu yeni futbol ko\u00e7u Ronan\u2019\u0131n ta kendisidir. Fakat Ronan\u2019\u0131n onun kim oldu\u011funa dair hi\u00e7bir fikri yoktur. Destek kulu\u0308bu\u0308, Ronan\u2019\u0131n kasabada kalmas\u0131n\u0131 istedi\u011fi i\u00e7in onu su\u0308rekli kad\u0131nlarla tan\u0131\u015ft\u0131rmaya \u00e7al\u0131\u015f\u0131r. Ronan\u2019\u0131n bunun i\u00e7in elbette bir ..zu\u0308mu\u0308 vard\u0131r. Nova\u2019ya sevgililermi\u015f gibi rol yapmay\u0131 teklif eder. Ancak Ronan y\u0131llar \u00f6nce tek gecelik ili\u015fkilerinden sonra gizlice tu\u0308yen k\u0131z\u0131n Nova oldu\u011funu anlad\u0131\u011f\u0131nda, cuma gecesinin \u0131\u015f\u0131klar\u0131 alt\u0131nda i\u015fler ger\u00e7ekten k\u0131z\u0131\u015f\u0131r. Bu yorgun gu\u0308zel, sonsuza dek birlikte olaca\u011f\u0131 futbolcusunu buldu mu yoksa adam\u0131n ge\u00e7mi\u015fi onlar\u0131 ay\u0131racak m\u0131?<\/p>\n","protected":false},"excerpt":{"rendered":"<p>Wall Street Journal\u2019\u0131n \u00e7ok satan yazar\u0131 Ilsa Madden-Mills\u2019\u0131n bu ate\u015fli ve tutkulu a\u015fk roman\u0131nda kader, ku\u0308.u\u0308k bir kasabada futbol ko\u00e7lu\u011fu yapan eski bir NFL oyun kurucusuyla,<span class=\"excerpt-hellip\"> [\u2026]<\/span><\/p>\n","protected":false},"featured_media":0,"template":"","meta":{"_monsterinsights_skip_tracking":false,"_monsterinsights_sitenote_active":false,"_monsterinsights_sitenote_note":"","_monsterinsights_sitenote_category":0},"product_brand":[],"product_cat":[12291,12711],"product_tag":[],"class_list":{"0":"post-777822","1":"product","2":"type-product","3":"status-publish","5":"product_cat-edebiyat","6":"product_cat-roman-oyku","7":"pa_cilt-ciltsiz","8":"pa_tur-kitap","9":"pa_yayinevi-lapis-kitap","10":"pa_yazar-ilsa-madden-mills","12":"first","13":"instock","14":"sale","15":"shipping-taxable","16":"purchasable","17":"product-type-simple"},"_links":{"self":[{"href":"https:\/\/roveyayinevi.com.tr\/index.php\/wp-json\/wp\/v2\/product\/777822","targetHints":{"allow":["GET"]}}],"collection":[{"href":"https:\/\/roveyayinevi.com.tr\/index.php\/wp-json\/wp\/v2\/product"}],"about":[{"href":"https:\/\/roveyayinevi.com.tr\/index.php\/wp-json\/wp\/v2\/types\/product"}],"wp:attachment":[{"href":"https:\/\/roveyayinevi.com.tr\/index.php\/wp-json\/wp\/v2\/media?parent=777822"}],"wp:term":[{"taxonomy":"product_brand","embeddable":true,"href":"https:\/\/roveyayinevi.com.tr\/index.php\/wp-json\/wp\/v2\/product_brand?post=777822"},{"taxonomy":"product_cat","embeddable":true,"href":"https:\/\/roveyayinevi.com.tr\/index.php\/wp-json\/wp\/v2\/product_cat?post=777822"},{"taxonomy":"product_tag","embeddable":true,"href":"https:\/\/roveyayinevi.com.tr\/index.php\/wp-json\/wp\/v2\/product_tag?post=777822"}],"curies":[{"name":"wp","href":"https:\/\/api.w.org\/{rel}","templated":true}]}}