{"id":777816,"date":"2025-10-27T04:32:38","date_gmt":"2025-10-27T01:32:38","guid":{"rendered":"https:\/\/roveyayinevi.com.tr\/index.php\/urun\/49-safak\/"},"modified":"2026-04-15T03:30:19","modified_gmt":"2026-04-15T00:30:19","slug":"49-safak","status":"publish","type":"product","link":"https:\/\/roveyayinevi.com.tr\/index.php\/urun\/49-safak\/","title":{"rendered":"49. \u015eafak"},"content":{"rendered":"<p>Kaderim biri kandan, di\u011feri g\u00fc\u00e7ten do\u011fan iki prense ba\u011fl\u0131yd\u0131 ama g\u00fcvenim ikisine de ait de\u011fildi.   Tenim y\u0131ld\u0131zlar taraf\u0131ndan, kaderim ise arzu taraf\u0131ndan lanetlenmi\u015fti.   Ancak karanl\u0131k prens, halk\u0131n\u0131 ve hayat\u0131m\u0131 kurtaracak bir pazarl\u0131k teklif etti\u011finde, zalim ve sarho\u015f edici tav\u0131rlar\u0131 bana ba\u015fka se\u00e7enek b\u0131rakmad\u0131.   Birle\u015fmemiz prensin intikam\u0131yd\u0131, ben de onun kurban\u0131 olacakt\u0131m.   Yalanlar\u0131 affedilemezdi. \u015eeytani dokunu\u015fu beni h\u00e2l\u00e2 g\u00fcnahla y\u0131k\u0131yordu.   O benim e\u015fimdi ve halk\u0131n\u0131 kendi ailesinden korumak i\u00e7in bir lanet taraf\u0131ndan i\u015fkence g\u00f6r\u00fcyordu.   Art\u0131k onun tam olarak kim oldu\u011funu g\u00f6rebiliyordum. \u00d6yleyse neden onun b\u00fcy\u00fcleyici dokunu\u015funu akl\u0131mdan \u00e7\u0131karam\u0131yordum?   Krall\u0131\u011f\u0131n\u0131 kurtaracak anahtar bendim ama beni mahvedecek g\u00fcce sadece o sahipti. <\/p>\n","protected":false},"excerpt":{"rendered":"<p>Kaderim biri kandan, di\u011feri g\u00fc\u00e7ten do\u011fan iki prense ba\u011fl\u0131yd\u0131 ama g\u00fcvenim ikisine de ait de\u011fildi. Tenim y\u0131ld\u0131zlar taraf\u0131ndan, kaderim ise arzu taraf\u0131ndan lanetlenmi\u015fti. Ancak karanl\u0131k prens,<span class=\"excerpt-hellip\"> [\u2026]<\/span><\/p>\n","protected":false},"featured_media":0,"template":"","meta":{"_monsterinsights_skip_tracking":false,"_monsterinsights_sitenote_active":false,"_monsterinsights_sitenote_note":"","_monsterinsights_sitenote_category":0},"product_brand":[],"product_cat":[12291,12711],"product_tag":[],"class_list":{"0":"post-777816","1":"product","2":"type-product","3":"status-publish","5":"product_cat-edebiyat","6":"product_cat-roman-oyku","7":"pa_cilt-ciltsiz","8":"pa_tur-kitap","9":"pa_yayinevi-lapis-kitap","10":"pa_yazar-a-almira-mergen","12":"first","13":"instock","14":"sale","15":"shipping-taxable","16":"purchasable","17":"product-type-simple"},"_links":{"self":[{"href":"https:\/\/roveyayinevi.com.tr\/index.php\/wp-json\/wp\/v2\/product\/777816","targetHints":{"allow":["GET"]}}],"collection":[{"href":"https:\/\/roveyayinevi.com.tr\/index.php\/wp-json\/wp\/v2\/product"}],"about":[{"href":"https:\/\/roveyayinevi.com.tr\/index.php\/wp-json\/wp\/v2\/types\/product"}],"wp:attachment":[{"href":"https:\/\/roveyayinevi.com.tr\/index.php\/wp-json\/wp\/v2\/media?parent=777816"}],"wp:term":[{"taxonomy":"product_brand","embeddable":true,"href":"https:\/\/roveyayinevi.com.tr\/index.php\/wp-json\/wp\/v2\/product_brand?post=777816"},{"taxonomy":"product_cat","embeddable":true,"href":"https:\/\/roveyayinevi.com.tr\/index.php\/wp-json\/wp\/v2\/product_cat?post=777816"},{"taxonomy":"product_tag","embeddable":true,"href":"https:\/\/roveyayinevi.com.tr\/index.php\/wp-json\/wp\/v2\/product_tag?post=777816"}],"curies":[{"name":"wp","href":"https:\/\/api.w.org\/{rel}","templated":true}]}}