{"id":777811,"date":"2025-10-27T04:04:45","date_gmt":"2025-10-27T01:04:45","guid":{"rendered":"https:\/\/roveyayinevi.com.tr\/index.php\/urun\/zerrede-ummani-gordum\/"},"modified":"2026-04-16T03:13:29","modified_gmt":"2026-04-16T00:13:29","slug":"zerrede-ummani-gordum","status":"publish","type":"product","link":"https:\/\/roveyayinevi.com.tr\/index.php\/urun\/zerrede-ummani-gordum\/","title":{"rendered":"Zerrede Umman\u0131 G\u00f6rd\u00fcm"},"content":{"rendered":"<p>Hangi nesneye bakt\u0131ysam Zerrede umman\u0131 g\u00f6rd\u00fcm Ne yana \u0131\u015f\u0131k yakt\u0131ysam Zerrede umman\u0131 g\u00f6rd\u00fcm.   Tek varl\u0131kken emr-i \u201cK\u00fcn\u201dde K\u0131l\u0131 yard\u0131k biri binde Atomik damla i\u00e7inde Zerrede umman\u0131 g\u00f6rd\u00fcm.   Evren Big Bang k\u0131y\u0131m ile Milyarca y\u0131l say\u0131m ile Nice devr-i daim ile Zerrede umman\u0131 g\u00f6rd\u00fcm     Oksijeni hidrojeni Buldum kromozom geni Sevgiyle b\u00fcy\u00fctt\u00fcm ceni Zerrede umman\u0131 g\u00f6rd\u00fcm   D\u00f6ng\u00fc oldum d\u00f6vg\u00fc ile \u00c7ok yol ald\u0131m \u00f6vg\u00fc ile  \u00d6ze vard\u0131m sevgi ile Zerrede umman\u0131 g\u00f6rd\u00fcm   Ben beni kaybettim binde \u00c7ok arad\u0131m Hind \u00fc \u00c7in\u2019de \u0130mam, bir y\u00fcrek i\u00e7inde Zerrede umman\u0131 g\u00f6rd\u00fcm. <\/p>\n","protected":false},"excerpt":{"rendered":"<p>Hangi nesneye bakt\u0131ysam Zerrede umman\u0131 g\u00f6rd\u00fcm Ne yana \u0131\u015f\u0131k yakt\u0131ysam Zerrede umman\u0131 g\u00f6rd\u00fcm. Tek varl\u0131kken emr-i \u201cK\u00fcn\u201dde K\u0131l\u0131 yard\u0131k biri binde Atomik damla i\u00e7inde Zerrede umman\u0131<span class=\"excerpt-hellip\"> [\u2026]<\/span><\/p>\n","protected":false},"featured_media":0,"template":"","meta":{"_monsterinsights_skip_tracking":false,"_monsterinsights_sitenote_active":false,"_monsterinsights_sitenote_note":"","_monsterinsights_sitenote_category":0},"product_brand":[],"product_cat":[12291,12509],"product_tag":[],"class_list":{"0":"post-777811","1":"product","2":"type-product","3":"status-publish","5":"product_cat-edebiyat","6":"product_cat-siir","7":"pa_cilt-ciltsiz","8":"pa_tur-kitap","9":"pa_yayinevi-favori-yayinlari","10":"pa_yazar-imam-ozel","12":"first","13":"instock","14":"sale","15":"shipping-taxable","16":"purchasable","17":"product-type-simple"},"_links":{"self":[{"href":"https:\/\/roveyayinevi.com.tr\/index.php\/wp-json\/wp\/v2\/product\/777811","targetHints":{"allow":["GET"]}}],"collection":[{"href":"https:\/\/roveyayinevi.com.tr\/index.php\/wp-json\/wp\/v2\/product"}],"about":[{"href":"https:\/\/roveyayinevi.com.tr\/index.php\/wp-json\/wp\/v2\/types\/product"}],"wp:attachment":[{"href":"https:\/\/roveyayinevi.com.tr\/index.php\/wp-json\/wp\/v2\/media?parent=777811"}],"wp:term":[{"taxonomy":"product_brand","embeddable":true,"href":"https:\/\/roveyayinevi.com.tr\/index.php\/wp-json\/wp\/v2\/product_brand?post=777811"},{"taxonomy":"product_cat","embeddable":true,"href":"https:\/\/roveyayinevi.com.tr\/index.php\/wp-json\/wp\/v2\/product_cat?post=777811"},{"taxonomy":"product_tag","embeddable":true,"href":"https:\/\/roveyayinevi.com.tr\/index.php\/wp-json\/wp\/v2\/product_tag?post=777811"}],"curies":[{"name":"wp","href":"https:\/\/api.w.org\/{rel}","templated":true}]}}