{"id":777809,"date":"2025-10-27T03:29:17","date_gmt":"2025-10-27T00:29:17","guid":{"rendered":"https:\/\/roveyayinevi.com.tr\/index.php\/urun\/zamanin-gozyaslari\/"},"modified":"2026-04-16T03:08:47","modified_gmt":"2026-04-16T00:08:47","slug":"zamanin-gozyaslari","status":"publish","type":"product","link":"https:\/\/roveyayinevi.com.tr\/index.php\/urun\/zamanin-gozyaslari\/","title":{"rendered":"Zaman\u0131n G\u00f6zya\u015flar\u0131"},"content":{"rendered":"<p>Havas\u0131n\u0131 soludu\u011fumuz.. G\u00f6lgesine s\u0131\u011f\u0131nd\u0131\u011f\u0131m\u0131z.. Meyvesini yedi\u011fimiz.. Suyunu yudum yudum i\u00e7ti\u011fimiz do\u011fam\u0131z, tabiat\u0131m\u0131z. Bazen r\u00fczg\u00e2rlarla dans ediyor yaprak yaprak tel tel d\u00fc\u011f\u00fcnde halay \u00e7eker gibi selvi boylu kavaklar\u2026 Oyuncaklar\u0131 al\u0131nmas\u0131n ellerinden B\u0131rak\u0131n oynas\u0131nlar, ba\u011f\u0131r\u0131p \u00e7a\u011f\u0131rs\u0131nlar Sokak aralar\u0131nda, da\u011fda, bay\u0131rda Hi\u00e7 bitmesin a\u011f\u0131z dolusu g\u00fcl\u00fc\u015fleri \u0130ncinmesin, k\u0131r\u0131lmas\u0131n ser\u00e7e y\u00fcrekleri Nas\u0131r tutmas\u0131n k\u00fc\u00e7\u00fcc\u00fck elleri Doyas\u0131ya ya\u015fay\u0131p varmadan hayat\u0131n tad\u0131na G\u00f6\u00e7\u00fcp gitmesinler\u2026 \u00c7\u0131ld\u0131r\u0131yorum ya\u015fanan\/ya\u015fat\u0131lan bunca vah\u015fete Kinimi kusuyorum halk\u0131m\u0131n ezilmi\u015fli\u011fine \u00d6fkem ise sarmal\u0131yor benli\u011fimi T\u00fcm tutsakl\u0131\u011f\u0131mla Y\u0131k\u0131yorum benli\u011fimi hapseden duvarlar\u0131 A\u015f\u0131yorum b\u00fct\u00fcn engelleri Kar\u0131\u015f\u0131yorum \u00e7ocuklar\u0131n \u00e7ile y\u00fckl\u00fc ya\u015fam\u0131na Umudu sevdaya ta\u015f\u0131yorum Onlarla \u00f6zg\u00fcr yar\u0131nlara <\/p>\n","protected":false},"excerpt":{"rendered":"<p>Havas\u0131n\u0131 soludu\u011fumuz.. G\u00f6lgesine s\u0131\u011f\u0131nd\u0131\u011f\u0131m\u0131z.. Meyvesini yedi\u011fimiz.. Suyunu yudum yudum i\u00e7ti\u011fimiz do\u011fam\u0131z, tabiat\u0131m\u0131z. Bazen r\u00fczg\u00e2rlarla dans ediyor yaprak yaprak tel tel d\u00fc\u011f\u00fcnde halay \u00e7eker gibi selvi boylu<span class=\"excerpt-hellip\"> [\u2026]<\/span><\/p>\n","protected":false},"featured_media":0,"template":"","meta":{"_monsterinsights_skip_tracking":false,"_monsterinsights_sitenote_active":false,"_monsterinsights_sitenote_note":"","_monsterinsights_sitenote_category":0},"product_brand":[],"product_cat":[12291,12509],"product_tag":[],"class_list":{"0":"post-777809","1":"product","2":"type-product","3":"status-publish","5":"product_cat-edebiyat","6":"product_cat-siir","7":"pa_cilt-ciltsiz","8":"pa_tur-kitap","9":"pa_yayinevi-favori-yayinlari","10":"pa_yazar-ali-baba-ari","12":"first","13":"instock","14":"sale","15":"shipping-taxable","16":"purchasable","17":"product-type-simple"},"_links":{"self":[{"href":"https:\/\/roveyayinevi.com.tr\/index.php\/wp-json\/wp\/v2\/product\/777809","targetHints":{"allow":["GET"]}}],"collection":[{"href":"https:\/\/roveyayinevi.com.tr\/index.php\/wp-json\/wp\/v2\/product"}],"about":[{"href":"https:\/\/roveyayinevi.com.tr\/index.php\/wp-json\/wp\/v2\/types\/product"}],"wp:attachment":[{"href":"https:\/\/roveyayinevi.com.tr\/index.php\/wp-json\/wp\/v2\/media?parent=777809"}],"wp:term":[{"taxonomy":"product_brand","embeddable":true,"href":"https:\/\/roveyayinevi.com.tr\/index.php\/wp-json\/wp\/v2\/product_brand?post=777809"},{"taxonomy":"product_cat","embeddable":true,"href":"https:\/\/roveyayinevi.com.tr\/index.php\/wp-json\/wp\/v2\/product_cat?post=777809"},{"taxonomy":"product_tag","embeddable":true,"href":"https:\/\/roveyayinevi.com.tr\/index.php\/wp-json\/wp\/v2\/product_tag?post=777809"}],"curies":[{"name":"wp","href":"https:\/\/api.w.org\/{rel}","templated":true}]}}