{"id":777808,"date":"2025-10-27T03:29:13","date_gmt":"2025-10-27T00:29:13","guid":{"rendered":"https:\/\/roveyayinevi.com.tr\/index.php\/urun\/goz-kapaklarimin-arasina-sikismis-bir-kadin\/"},"modified":"2026-04-16T03:08:47","modified_gmt":"2026-04-16T00:08:47","slug":"goz-kapaklarimin-arasina-sikismis-bir-kadin","status":"publish","type":"product","link":"https:\/\/roveyayinevi.com.tr\/index.php\/urun\/goz-kapaklarimin-arasina-sikismis-bir-kadin\/","title":{"rendered":"G\u00f6z Kapaklar\u0131m\u0131n Aras\u0131na S\u0131k\u0131\u015fm\u0131\u015f Bir Kad\u0131n"},"content":{"rendered":"<p>\u00c7\u0131r\u0131l\u00e7\u0131plak olmu\u015f bedenim \u00fcst\u00fcnde.. \u00c7ocuklar gibi \u015fen ku\u015flar gibi \u00f6zg\u00fcr.. G\u00fcl kokuyor yana\u011f\u0131nda da \u015farap.. Ve sonra f\u0131s\u0131ldayan bir ses \u201cgiysilerimden soy beni..!\u201d \u0130\u00e7im unutulmu\u015f an\u0131larla s\u0131zland\u0131 S\u00f6zc\u00fckler dilde sevi\u015fir kelimeler do\u011furmak i\u00e7in.. Bir resim d\u00fc\u015f\u00fcn geni\u015f bir yelpazede tuval \u00fcst\u00fcnde sar\u0131lmalar\u0131n ve sevi\u015fmelerin s\u0131cakl\u0131\u011f\u0131 vard\u0131 tenimizde.! A\u015fk senden ge\u00e7meden, sen kendini a\u015fk\u0131n kollar\u0131nda yat\u0131ya b\u0131rak.. A\u015fk\u0131n da bir kullanma s\u00fcresi, milad\u0131 vard\u0131r. Onun b\u00fct\u00fcn amac\u0131 kendine s\u0131\u011f\u0131nacak bir liman yatacak bir yer bulmakt\u0131r. Sen \u015fimdi ellerin benden uzakta a\u011fz\u0131n ba\u015fka dudaklarda \u00f6d\u00fcn\u00e7 m\u00fc, de\u011fil mi bilmeden beyaz kumlar \u00fczerine \u00f6p\u00fcc\u00fckler b\u0131rak\u0131yorsun esmer bir bu\u011fday tanesi gibi. <\/p>\n","protected":false},"excerpt":{"rendered":"<p>\u00c7\u0131r\u0131l\u00e7\u0131plak olmu\u015f bedenim \u00fcst\u00fcnde.. \u00c7ocuklar gibi \u015fen ku\u015flar gibi \u00f6zg\u00fcr.. G\u00fcl kokuyor yana\u011f\u0131nda da \u015farap.. Ve sonra f\u0131s\u0131ldayan bir ses \u201cgiysilerimden soy beni..!\u201d \u0130\u00e7im unutulmu\u015f an\u0131larla<span class=\"excerpt-hellip\"> [\u2026]<\/span><\/p>\n","protected":false},"featured_media":0,"template":"","meta":{"_monsterinsights_skip_tracking":false,"_monsterinsights_sitenote_active":false,"_monsterinsights_sitenote_note":"","_monsterinsights_sitenote_category":0},"product_brand":[],"product_cat":[12291,12509],"product_tag":[],"class_list":{"0":"post-777808","1":"product","2":"type-product","3":"status-publish","5":"product_cat-edebiyat","6":"product_cat-siir","7":"pa_cilt-ciltsiz","8":"pa_tur-kitap","9":"pa_yayinevi-favori-yayinlari","10":"pa_yazar-ali-baba-ari","12":"first","13":"instock","14":"sale","15":"shipping-taxable","16":"purchasable","17":"product-type-simple"},"_links":{"self":[{"href":"https:\/\/roveyayinevi.com.tr\/index.php\/wp-json\/wp\/v2\/product\/777808","targetHints":{"allow":["GET"]}}],"collection":[{"href":"https:\/\/roveyayinevi.com.tr\/index.php\/wp-json\/wp\/v2\/product"}],"about":[{"href":"https:\/\/roveyayinevi.com.tr\/index.php\/wp-json\/wp\/v2\/types\/product"}],"wp:attachment":[{"href":"https:\/\/roveyayinevi.com.tr\/index.php\/wp-json\/wp\/v2\/media?parent=777808"}],"wp:term":[{"taxonomy":"product_brand","embeddable":true,"href":"https:\/\/roveyayinevi.com.tr\/index.php\/wp-json\/wp\/v2\/product_brand?post=777808"},{"taxonomy":"product_cat","embeddable":true,"href":"https:\/\/roveyayinevi.com.tr\/index.php\/wp-json\/wp\/v2\/product_cat?post=777808"},{"taxonomy":"product_tag","embeddable":true,"href":"https:\/\/roveyayinevi.com.tr\/index.php\/wp-json\/wp\/v2\/product_tag?post=777808"}],"curies":[{"name":"wp","href":"https:\/\/api.w.org\/{rel}","templated":true}]}}