{"id":777806,"date":"2025-10-27T01:53:44","date_gmt":"2025-10-26T22:53:44","guid":{"rendered":"https:\/\/roveyayinevi.com.tr\/index.php\/urun\/3-gunde-tuvalet-egitimi\/"},"modified":"2026-04-16T02:53:26","modified_gmt":"2026-04-15T23:53:26","slug":"3-gunde-tuvalet-egitimi","status":"publish","type":"product","link":"https:\/\/roveyayinevi.com.tr\/index.php\/urun\/3-gunde-tuvalet-egitimi\/","title":{"rendered":"3 G\u00fcnde Tuvalet E\u011fitimi"},"content":{"rendered":"<p>\u00c7ocu\u011funuzun sadece 3 g\u00fcnde kirli bezlerden kurtulup tuvaleti kullanmaya ba\u015flamas\u0131na yard\u0131mc\u0131 olun! Ad\u0131m ad\u0131m haz\u0131rlanm\u0131\u015f \u00fc\u00e7 g\u00fcnl\u00fck tuvalet e\u011fitimi plan\u0131 sayesinde bebek bezlerinden h\u0131zla kurtulacaks\u0131n\u0131z. Binlerce vakaya e\u011fitim vermi\u015f Tuvalet E\u011fitimi Dan\u0131\u015fman\u0131 ve Davran\u0131\u015f Uzman\u0131 Brandi Brucks, verdi\u011fi tavsiyelerle \u00e7ocu\u011funuzun tuvaleti kullanmaya ba\u015flamas\u0131n\u0131 inan\u0131lmaz \u015fekilde kolayla\u015ft\u0131r\u0131yor. Elinizdeki bu k\u0131lavuz, tuvalet e\u011fitimi \u00f6ncesinde yapman\u0131z gereken haz\u0131rl\u0131klardan tutun, verece\u011finiz \u00fc\u00e7 g\u00fcnl\u00fck tuvalet e\u011fitiminin ard\u0131ndan \u00e7ocu\u011funuzu nas\u0131l desteklemeye devam edebilece\u011finize kadar her ayr\u0131nt\u0131y\u0131 kaps\u0131yor. \u2022 Kan\u0131tlanm\u0131\u015f bir plan \u2013 Faydal\u0131 ipu\u00e7lar\u0131 ve p\u00fcf noktalar\u0131yla dolu 5 ad\u0131ml\u0131k plan sayesinde \u00e7ocu\u011funuza h\u0131zla tuvalet e\u011fitimi verin. \u2022 \u00c7ocu\u011funuzu anlamak \u2013 \u00c7ocu\u011funuzun kafas\u0131nda neler olup bitti\u011fini, tuvalet e\u011fitimine haz\u0131r olup olmad\u0131\u011f\u0131n\u0131 anlay\u0131n ve daha fazlas\u0131n\u0131 \u00f6\u011frenin. \u2022 Sakin kalman\u0131n yollar\u0131 \u2013 Tuvalet e\u011fitimi stresini ortadan kald\u0131ran, son derece hassas ve ileti\u015fime dayal\u0131 bir yakla\u015f\u0131m sayesinde her kazada sakin kal\u0131n.<\/p>\n","protected":false},"excerpt":{"rendered":"<p>\u00c7ocu\u011funuzun sadece 3 g\u00fcnde kirli bezlerden kurtulup tuvaleti kullanmaya ba\u015flamas\u0131na yard\u0131mc\u0131 olun! Ad\u0131m ad\u0131m haz\u0131rlanm\u0131\u015f \u00fc\u00e7 g\u00fcnl\u00fck tuvalet e\u011fitimi plan\u0131 sayesinde bebek bezlerinden h\u0131zla kurtulacaks\u0131n\u0131z. Binlerce<span class=\"excerpt-hellip\"> [\u2026]<\/span><\/p>\n","protected":false},"featured_media":0,"template":"","meta":{"_monsterinsights_skip_tracking":false,"_monsterinsights_sitenote_active":false,"_monsterinsights_sitenote_note":"","_monsterinsights_sitenote_category":0},"product_brand":[],"product_cat":[17996,12364],"product_tag":[],"class_list":{"0":"post-777806","1":"product","2":"type-product","3":"status-publish","5":"product_cat-ebeveyn-kitaplari","6":"product_cat-genel-konular","7":"pa_cilt-ciltsiz","8":"pa_tur-kitap","9":"pa_yayinevi-peta-kitap","10":"pa_yazar-brandi-brucks","12":"first","13":"instock","14":"sale","15":"shipping-taxable","16":"purchasable","17":"product-type-simple"},"_links":{"self":[{"href":"https:\/\/roveyayinevi.com.tr\/index.php\/wp-json\/wp\/v2\/product\/777806","targetHints":{"allow":["GET"]}}],"collection":[{"href":"https:\/\/roveyayinevi.com.tr\/index.php\/wp-json\/wp\/v2\/product"}],"about":[{"href":"https:\/\/roveyayinevi.com.tr\/index.php\/wp-json\/wp\/v2\/types\/product"}],"wp:attachment":[{"href":"https:\/\/roveyayinevi.com.tr\/index.php\/wp-json\/wp\/v2\/media?parent=777806"}],"wp:term":[{"taxonomy":"product_brand","embeddable":true,"href":"https:\/\/roveyayinevi.com.tr\/index.php\/wp-json\/wp\/v2\/product_brand?post=777806"},{"taxonomy":"product_cat","embeddable":true,"href":"https:\/\/roveyayinevi.com.tr\/index.php\/wp-json\/wp\/v2\/product_cat?post=777806"},{"taxonomy":"product_tag","embeddable":true,"href":"https:\/\/roveyayinevi.com.tr\/index.php\/wp-json\/wp\/v2\/product_tag?post=777806"}],"curies":[{"name":"wp","href":"https:\/\/api.w.org\/{rel}","templated":true}]}}