{"id":777803,"date":"2025-10-27T01:17:30","date_gmt":"2025-10-26T22:17:30","guid":{"rendered":"https:\/\/roveyayinevi.com.tr\/index.php\/urun\/john-cheever-toplu-oykuler\/"},"modified":"2026-04-16T02:46:34","modified_gmt":"2026-04-15T23:46:34","slug":"john-cheever-toplu-oykuler","status":"publish","type":"product","link":"https:\/\/roveyayinevi.com.tr\/index.php\/urun\/john-cheever-toplu-oykuler\/","title":{"rendered":"John Cheever &#8211; Toplu \u00d6yk\u00fcler"},"content":{"rendered":"<p>Edebiyat\u0131n farkl\u0131 t\u00fcrlerindeki eserleriyle tan\u0131nan d\u00fcnyaca \u00fcnl\u00fc  Amerikal\u0131 yazar John Cheever \u00f6zellikle k\u0131sa \u00f6yk\u00fcde 20. y\u00fczy\u0131l\u0131n ustalar\u0131ndan say\u0131l\u0131r. \u00d6yk\u00fclerinde Amerikan ya\u015fam tarz\u0131na ironiyle yakla\u015fan Cheever, karakterlerini \u00e7o\u011funlukla refah toplumunun \u00e7eli\u015fkileri i\u00e7inde bocalayan orta s\u0131n\u0131f mensuplar\u0131ndan se\u00e7er. 1947 ile 1964 aras\u0131nda The New Yorker\u2019da yay\u0131mlanm\u0131\u015f olan, \u201cY\u00fcz\u00fcc\u00fc\u201d ve \u201cDev Radyo\u201d gibi klasikleri de i\u00e7eren bu \u00f6yk\u00fcler 1978\u2019de bir araya getirildi ve bir y\u0131l sonra da Pulitzer \u00d6d\u00fcl\u00fcne lay\u0131k g\u00f6r\u00fcld\u00fc. John Cheever\u2019\u0131n \u00f6yk\u00fcleri Tomris Uyar ve Roza Hakmen\u2019in \u00e7evirileriyle T\u00fcrk\u00e7ede ilk kez tek ciltte yay\u0131mlan\u0131yor. <\/p>\n","protected":false},"excerpt":{"rendered":"<p>Edebiyat\u0131n farkl\u0131 t\u00fcrlerindeki eserleriyle tan\u0131nan d\u00fcnyaca \u00fcnl\u00fc Amerikal\u0131 yazar John Cheever \u00f6zellikle k\u0131sa \u00f6yk\u00fcde 20. y\u00fczy\u0131l\u0131n ustalar\u0131ndan say\u0131l\u0131r. \u00d6yk\u00fclerinde Amerikan ya\u015fam tarz\u0131na ironiyle yakla\u015fan Cheever, karakterlerini<span class=\"excerpt-hellip\"> [\u2026]<\/span><\/p>\n","protected":false},"featured_media":0,"template":"","meta":{"_monsterinsights_skip_tracking":false,"_monsterinsights_sitenote_active":false,"_monsterinsights_sitenote_note":"","_monsterinsights_sitenote_category":0},"product_brand":[],"product_cat":[12291,12711],"product_tag":[],"class_list":{"0":"post-777803","1":"product","2":"type-product","3":"status-publish","5":"product_cat-edebiyat","6":"product_cat-roman-oyku","7":"pa_cilt-ciltsiz","8":"pa_tur-kitap","9":"pa_yayinevi-everest-yayinlari","10":"pa_yazar-john-cheever","12":"first","13":"instock","14":"sale","15":"shipping-taxable","16":"purchasable","17":"product-type-simple"},"_links":{"self":[{"href":"https:\/\/roveyayinevi.com.tr\/index.php\/wp-json\/wp\/v2\/product\/777803","targetHints":{"allow":["GET"]}}],"collection":[{"href":"https:\/\/roveyayinevi.com.tr\/index.php\/wp-json\/wp\/v2\/product"}],"about":[{"href":"https:\/\/roveyayinevi.com.tr\/index.php\/wp-json\/wp\/v2\/types\/product"}],"wp:attachment":[{"href":"https:\/\/roveyayinevi.com.tr\/index.php\/wp-json\/wp\/v2\/media?parent=777803"}],"wp:term":[{"taxonomy":"product_brand","embeddable":true,"href":"https:\/\/roveyayinevi.com.tr\/index.php\/wp-json\/wp\/v2\/product_brand?post=777803"},{"taxonomy":"product_cat","embeddable":true,"href":"https:\/\/roveyayinevi.com.tr\/index.php\/wp-json\/wp\/v2\/product_cat?post=777803"},{"taxonomy":"product_tag","embeddable":true,"href":"https:\/\/roveyayinevi.com.tr\/index.php\/wp-json\/wp\/v2\/product_tag?post=777803"}],"curies":[{"name":"wp","href":"https:\/\/api.w.org\/{rel}","templated":true}]}}