{"id":777802,"date":"2025-10-27T01:16:22","date_gmt":"2025-10-26T22:16:22","guid":{"rendered":"https:\/\/roveyayinevi.com.tr\/index.php\/urun\/cigiltepe\/"},"modified":"2026-04-16T02:45:54","modified_gmt":"2026-04-15T23:45:54","slug":"cigiltepe","status":"publish","type":"product","link":"https:\/\/roveyayinevi.com.tr\/index.php\/urun\/cigiltepe\/","title":{"rendered":"\u00c7i\u011filtepe"},"content":{"rendered":"<p>Ordu Kumandan\u0131 Sakall\u0131 Nurettin Pa\u015fa: \u201cMiralay Re\u015fat Bey! Yar\u0131n 12.00\u2019ye kadar tepe al\u0131nacak. Alamazsan\u0131z, ben sizin yerinizde olsam ya\u015famam!\u201d T\u00fcmen Kumandan\u0131 Re\u015fat Bey: \u201cBenim yerimde olman\u0131za l\u00fczum yok, ben zaten ya\u015famam!\u201d   Balkanlar\u2019dan \u00c7anakkale\u2019ye, Do\u011fu Cephesi\u2019nden Filistin\u2019e ve esarete kadar giden 27 y\u0131ll\u0131k askerlik ya\u015fam\u0131 hep sava\u015farak ge\u00e7en bir kumandan Miralay Re\u015fat Bey. Ald\u0131\u011f\u0131 \u00f6l\u00fcmc\u00fcl yaralara ra\u011fmen muharebe meydanlar\u0131ndan ayr\u0131lmay\u0131p her defas\u0131nda Mehmet\u00e7iklerinin yan\u0131nda olmay\u0131 se\u00e7er.  Son dura\u011f\u0131ndaysa \u00e7etin bir tepeyle kar\u015f\u0131 kar\u015f\u0131ya kal\u0131r: \u201c\u00c7i\u011filtepe.\u201d \u00c7i\u011filtepe roman\u0131 sava\u015f edebiyat\u0131n\u0131n usta kalemi Dr. Cihangir Ak\u015fit taraf\u0131ndan adeta kuyumcu sabr\u0131yla, titizlikle ara\u015ft\u0131r\u0131l\u0131p 26 y\u0131l\u0131 bulan uzun bir s\u00fcrede emekle kaleme al\u0131nm\u0131\u015f, olaylar\u0131n son tan\u0131klar\u0131 hayattayken y\u00fcz y\u00fcze g\u00f6r\u00fc\u015f\u00fcl\u00fcp derlenen konu\u015fmalarla, yurt i\u00e7i ve yurt d\u0131\u015f\u0131ndan taranan \u00e7ok say\u0131da kaynaktan toplanan bilgilerle, \u015fahsi dosyas\u0131 da dahil \u00e7ok say\u0131da devlet ar\u015fiv belgelerinin dikkate al\u0131nmas\u0131yla, \u201cMiralay Re\u015fat \u00c7i\u011filtepe\u2019nin yeniden kan ve can buldu\u011fu\u201d, duygu dolu anlar\u0131yla bir \u00e7\u0131rp\u0131da okunacak, gelecek nesillere de \u201cBu g\u00fcnlere nas\u0131l gelindi\u011fini hayk\u0131ran\u201d ve \u00e7ok y\u00f6nl\u00fc dersler aktaracak bilgi y\u00fckl\u00fc bir &#8220;Cumhuriyet Tarihi Roman\u0131&#8221;&#8230;<\/p>\n","protected":false},"excerpt":{"rendered":"<p>Ordu Kumandan\u0131 Sakall\u0131 Nurettin Pa\u015fa: \u201cMiralay Re\u015fat Bey! Yar\u0131n 12.00\u2019ye kadar tepe al\u0131nacak. Alamazsan\u0131z, ben sizin yerinizde olsam ya\u015famam!\u201d T\u00fcmen Kumandan\u0131 Re\u015fat Bey: \u201cBenim yerimde olman\u0131za<span class=\"excerpt-hellip\"> [\u2026]<\/span><\/p>\n","protected":false},"featured_media":0,"template":"","meta":{"_monsterinsights_skip_tracking":false,"_monsterinsights_sitenote_active":false,"_monsterinsights_sitenote_note":"","_monsterinsights_sitenote_category":0},"product_brand":[],"product_cat":[12291,12745],"product_tag":[],"class_list":{"0":"post-777802","1":"product","2":"type-product","3":"status-publish","5":"product_cat-edebiyat","6":"product_cat-tarihi-roman","7":"pa_cilt-ciltsiz","8":"pa_tur-kitap","9":"pa_yayinevi-alfa-yayinlari","10":"pa_yazar-cihangir-aksit","12":"first","13":"instock","14":"sale","15":"shipping-taxable","16":"purchasable","17":"product-type-simple"},"_links":{"self":[{"href":"https:\/\/roveyayinevi.com.tr\/index.php\/wp-json\/wp\/v2\/product\/777802","targetHints":{"allow":["GET"]}}],"collection":[{"href":"https:\/\/roveyayinevi.com.tr\/index.php\/wp-json\/wp\/v2\/product"}],"about":[{"href":"https:\/\/roveyayinevi.com.tr\/index.php\/wp-json\/wp\/v2\/types\/product"}],"wp:attachment":[{"href":"https:\/\/roveyayinevi.com.tr\/index.php\/wp-json\/wp\/v2\/media?parent=777802"}],"wp:term":[{"taxonomy":"product_brand","embeddable":true,"href":"https:\/\/roveyayinevi.com.tr\/index.php\/wp-json\/wp\/v2\/product_brand?post=777802"},{"taxonomy":"product_cat","embeddable":true,"href":"https:\/\/roveyayinevi.com.tr\/index.php\/wp-json\/wp\/v2\/product_cat?post=777802"},{"taxonomy":"product_tag","embeddable":true,"href":"https:\/\/roveyayinevi.com.tr\/index.php\/wp-json\/wp\/v2\/product_tag?post=777802"}],"curies":[{"name":"wp","href":"https:\/\/api.w.org\/{rel}","templated":true}]}}