{"id":777797,"date":"2025-10-27T00:23:59","date_gmt":"2025-10-26T21:23:59","guid":{"rendered":"https:\/\/roveyayinevi.com.tr\/index.php\/urun\/kizsal-meseleler\/"},"modified":"2026-04-12T02:44:23","modified_gmt":"2026-04-11T23:44:23","slug":"kizsal-meseleler","status":"publish","type":"product","link":"https:\/\/roveyayinevi.com.tr\/index.php\/urun\/kizsal-meseleler\/","title":{"rendered":"K\u0131zsal Meseleler"},"content":{"rendered":"<p>B\u00fcy\u00fcd\u00fck\u00e7e kendinde baz\u0131 de\u011fi\u015fimler fark etmeye ba\u015flars\u0131n ve neler oldu\u011funu merak etmen \u00e7ok do\u011fald\u0131r. Bu heyecanl\u0131 yolculukla ilgili kafana tak\u0131lan sorular\u0131n cevaplar\u0131n\u0131 ve bunlar\u0131n yan\u0131 s\u0131ra yolculuk boyunca i\u015fine yarayacak bir s\u00fcr\u00fc pratik bilgiyi bu kitapta bulabilirsin. En iyisi de ne biliyor musun? Ne kadar m\u00fckemmel oldu\u011funu anlayacak kadar uzman olacaks\u0131n. Neden arkada\u015flar\u0131mdan farkl\u0131 bir v\u00fccudum var? Regl d\u00f6nemimde y\u00fczmeye gidebilir miyim? Sivilcelerle ba\u015fa \u00e7\u0131kmak m\u00fcmk\u00fcn m\u00fc? Sebepsiz yere neden k\u0131zg\u0131n\u0131m? Ve en \u00f6nemlisi: Ya\u015fad\u0131\u011f\u0131m \u015feyler normal mi? K\u0131zsal Meseleler, bu ve benzeri akl\u0131na tak\u0131lan sorular\u0131 cevaplamana yard\u0131mc\u0131 olacak. Bu kitab\u0131 de\u011fi\u015fim ya\u015fayan, \u015fa\u015f\u0131rt\u0131c\u0131 ve e\u015fsiz bedenini tan\u0131mana ve kucaklamana yard\u0131mc\u0131 olacak yeni en iyi arkada\u015f\u0131n olarak d\u00fc\u015f\u00fcn!<\/p>\n","protected":false},"excerpt":{"rendered":"<p>B\u00fcy\u00fcd\u00fck\u00e7e kendinde baz\u0131 de\u011fi\u015fimler fark etmeye ba\u015flars\u0131n ve neler oldu\u011funu merak etmen \u00e7ok do\u011fald\u0131r. Bu heyecanl\u0131 yolculukla ilgili kafana tak\u0131lan sorular\u0131n cevaplar\u0131n\u0131 ve bunlar\u0131n yan\u0131 s\u0131ra<span class=\"excerpt-hellip\"> [\u2026]<\/span><\/p>\n","protected":false},"featured_media":0,"template":"","meta":{"_monsterinsights_skip_tracking":false,"_monsterinsights_sitenote_active":false,"_monsterinsights_sitenote_note":"","_monsterinsights_sitenote_category":0},"product_brand":[],"product_cat":[12364,12376],"product_tag":[],"class_list":{"0":"post-777797","1":"product","2":"type-product","3":"status-publish","5":"product_cat-genel-konular","6":"product_cat-kisisel-gelisim","7":"pa_cilt-ciltsiz","8":"pa_tur-kitap","9":"pa_yayinevi-peta-kitap","10":"pa_yazar-sonya-renee-taylor","12":"first","13":"instock","14":"sale","15":"shipping-taxable","16":"purchasable","17":"product-type-simple"},"_links":{"self":[{"href":"https:\/\/roveyayinevi.com.tr\/index.php\/wp-json\/wp\/v2\/product\/777797","targetHints":{"allow":["GET"]}}],"collection":[{"href":"https:\/\/roveyayinevi.com.tr\/index.php\/wp-json\/wp\/v2\/product"}],"about":[{"href":"https:\/\/roveyayinevi.com.tr\/index.php\/wp-json\/wp\/v2\/types\/product"}],"wp:attachment":[{"href":"https:\/\/roveyayinevi.com.tr\/index.php\/wp-json\/wp\/v2\/media?parent=777797"}],"wp:term":[{"taxonomy":"product_brand","embeddable":true,"href":"https:\/\/roveyayinevi.com.tr\/index.php\/wp-json\/wp\/v2\/product_brand?post=777797"},{"taxonomy":"product_cat","embeddable":true,"href":"https:\/\/roveyayinevi.com.tr\/index.php\/wp-json\/wp\/v2\/product_cat?post=777797"},{"taxonomy":"product_tag","embeddable":true,"href":"https:\/\/roveyayinevi.com.tr\/index.php\/wp-json\/wp\/v2\/product_tag?post=777797"}],"curies":[{"name":"wp","href":"https:\/\/api.w.org\/{rel}","templated":true}]}}