{"id":777795,"date":"2025-10-27T00:19:26","date_gmt":"2025-10-26T21:19:26","guid":{"rendered":"https:\/\/roveyayinevi.com.tr\/index.php\/urun\/badem\/"},"modified":"2026-04-16T02:36:38","modified_gmt":"2026-04-15T23:36:38","slug":"badem","status":"publish","type":"product","link":"https:\/\/roveyayinevi.com.tr\/index.php\/urun\/badem\/","title":{"rendered":"Badem"},"content":{"rendered":"<p>Yunjae ba\u015fkalar\u0131n\u0131n duygular\u0131n\u0131 anlayabilmekte zorlanan, aleksitimi adl\u0131 hastal\u0131\u011fa sahip e\u015fsiz bir karakterdir. Di\u011fer ki\u015filerin s\u00f6zlerini ve eylemlerini anlayamayan, korku ya da \u00f6fke hissedemeyen Yunjae, normal bir hayat s\u00fcrebilmek i\u00e7in annesinin ve ninesinin yard\u0131mlar\u0131yla evde duygusall\u0131k e\u011fitimleri al\u0131r. D\u00fcnyay\u0131 sadece oldu\u011fu h\u00e2liyle g\u00f6rebilen Yunjae, kendi do\u011fum g\u00fcn\u00fcnde trajik bir bi\u00e7imde ailesini kaybeder ve d\u00fcnyada bir ba\u015f\u0131na kal\u0131r.   Ancak her \u015feyi kaybetti\u011finizi d\u00fc\u015f\u00fcnd\u00fc\u011f\u00fcn\u00fcz anda kar\u015f\u0131n\u0131za yeni birileri \u00e7\u0131k\u0131verir. Karanl\u0131k yaralar\u0131 olan Gon, duyarl\u0131 ve anlay\u0131\u015fl\u0131 Dora ve Yunjae\u2019ye yard\u0131m etmek isteyen Doktor Shim\u2026 Yunjae ve onlar\u0131n aras\u0131nda ya\u015fananlar, asl\u0131nda ba\u015fkalar\u0131n\u0131n duygular\u0131n\u0131 anlaman\u0131n ne kadar zor oldu\u011funu ancak bir o kadar da de\u011ferli oldu\u011funu farketmemizi sa\u011fl\u0131yor.<\/p>\n","protected":false},"excerpt":{"rendered":"<p>Yunjae ba\u015fkalar\u0131n\u0131n duygular\u0131n\u0131 anlayabilmekte zorlanan, aleksitimi adl\u0131 hastal\u0131\u011fa sahip e\u015fsiz bir karakterdir. Di\u011fer ki\u015filerin s\u00f6zlerini ve eylemlerini anlayamayan, korku ya da \u00f6fke hissedemeyen Yunjae, normal bir<span class=\"excerpt-hellip\"> [\u2026]<\/span><\/p>\n","protected":false},"featured_media":0,"template":"","meta":{"_monsterinsights_skip_tracking":false,"_monsterinsights_sitenote_active":false,"_monsterinsights_sitenote_note":"","_monsterinsights_sitenote_category":0},"product_brand":[],"product_cat":[12291,12711],"product_tag":[],"class_list":{"0":"post-777795","1":"product","2":"type-product","3":"status-publish","5":"product_cat-edebiyat","6":"product_cat-roman-oyku","7":"pa_cilt-ciltsiz","8":"pa_tur-kitap","9":"pa_yayinevi-peta-kitap","10":"pa_yazar-won-pyung-sohn","12":"first","13":"instock","14":"sale","15":"shipping-taxable","16":"purchasable","17":"product-type-simple"},"_links":{"self":[{"href":"https:\/\/roveyayinevi.com.tr\/index.php\/wp-json\/wp\/v2\/product\/777795","targetHints":{"allow":["GET"]}}],"collection":[{"href":"https:\/\/roveyayinevi.com.tr\/index.php\/wp-json\/wp\/v2\/product"}],"about":[{"href":"https:\/\/roveyayinevi.com.tr\/index.php\/wp-json\/wp\/v2\/types\/product"}],"wp:attachment":[{"href":"https:\/\/roveyayinevi.com.tr\/index.php\/wp-json\/wp\/v2\/media?parent=777795"}],"wp:term":[{"taxonomy":"product_brand","embeddable":true,"href":"https:\/\/roveyayinevi.com.tr\/index.php\/wp-json\/wp\/v2\/product_brand?post=777795"},{"taxonomy":"product_cat","embeddable":true,"href":"https:\/\/roveyayinevi.com.tr\/index.php\/wp-json\/wp\/v2\/product_cat?post=777795"},{"taxonomy":"product_tag","embeddable":true,"href":"https:\/\/roveyayinevi.com.tr\/index.php\/wp-json\/wp\/v2\/product_tag?post=777795"}],"curies":[{"name":"wp","href":"https:\/\/api.w.org\/{rel}","templated":true}]}}