{"id":777794,"date":"2025-10-27T00:16:53","date_gmt":"2025-10-26T21:16:53","guid":{"rendered":"https:\/\/roveyayinevi.com.tr\/index.php\/urun\/1984-35\/"},"modified":"2026-04-16T02:36:30","modified_gmt":"2026-04-15T23:36:30","slug":"1984-35","status":"publish","type":"product","link":"https:\/\/roveyayinevi.com.tr\/index.php\/urun\/1984-35\/","title":{"rendered":"1984"},"content":{"rendered":"<p>\u201cEn sevdi\u011fim kitaplardan biri. Defalarca, s\u0131k\u0131lmadan okudum.\u201d \u2013Margaret Atwood   Prometheus \u015eeref K\u00fcrs\u00fcs\u00fc \u00d6d\u00fcl\u00fc\u201cB\u0130L\u0130N\u00c7LENENE KADAR ASLA \u0130SYAN ETMEYECEKLER, \u0130SYAN EDENE KADAR B\u0130L\u0130N\u00c7LENMEYECEKLER.\u201d   George Orwell yazd\u0131\u011f\u0131 kitaplar ve denemelerin yan\u0131 s\u0131ra ki\u015fili\u011fi, ideolojisi ve yapt\u0131klar\u0131yla da 20. y\u00fczy\u0131la damga vuran, hatta \u00e7a\u011f\u0131m\u0131z\u0131 de\u011fi\u015ftiren bir isim. Orwell\u2019in maharetleri her ne kadar kitaplar\u0131yla s\u0131n\u0131rl\u0131 olmasa da ba\u015fyap\u0131t\u0131 1984 sadece distopya edebiyat\u0131nda de\u011fil, d\u00fcnya edebiyat\u0131nda bir mihenk ta\u015f\u0131.   Y\u0131l 1984. Sava\u015f ve devrimden sonra de\u011fi\u015fmi\u015f, tan\u0131nmayacak halde bir d\u00fcnya. Bu d\u00fcnyay\u0131 kontrol eden \u00fc\u00e7 b\u00fcy\u00fck \u00fclke: Okyanusya, Avrasya ve \u015earkasya. Okyanusya\u2019da iktidar\u0131 elinde tutan Parti. Parti\u2019nin sureti B\u00fcy\u00fck Birader. Herkesin gece g\u00fcnd\u00fcz, ad\u0131m ad\u0131m izlendi\u011fi bir d\u00fczen. Eylemleri ve hatta d\u00fc\u015f\u00fcnceleri kontrol alt\u0131nda tutan D\u00fc\u015f\u00fcnce Polisi.   Winston Smith, bu totaliter d\u00fczen i\u00e7inde, Hakikat Bakanl\u0131\u011f\u0131\u2019n\u0131n Ar\u015fiv B\u00f6l\u00fcm\u00fc\u2019nde \u00e7al\u0131\u015f\u0131p b\u00fcy\u00fck bir \u00f6zenle ge\u00e7mi\u015fi Parti ad\u0131na yeniden yazmaktayd\u0131. Ancak i\u00e7ten i\u00e7e \u00f6zg\u00fcrl\u00fck ve sisteme kar\u015f\u0131 ba\u015fkald\u0131rma hayalleri kuruyordu. Kendisi gibi d\u00fc\u015f\u00fcnen, Parti\u2019yi \u00e7\u00f6kertmek isteyen ba\u015fkalar\u0131n\u0131n oldu\u011funa da emindi.   Kendisiyle ayn\u0131 u\u011furda sava\u015fan yolda\u015flar\u0131ndan birine \u00e2\u015f\u0131k olup en b\u00fcy\u00fck yasaklardan birini \u00e7i\u011fneyen Winston, bu isyan\u0131nda sava\u015f\u0131n, \u00f6zg\u00fcrl\u00fc\u011f\u00fcn ve cehaletin ne anlama geldi\u011fini, bireyselli\u011fin bedelinin ne oldu\u011funu, iktidar\u0131n s\u0131n\u0131rlar\u0131n\u0131n nereye kadar uzand\u0131\u011f\u0131n\u0131 zor yoldan \u00f6\u011frenecekti.   1984, \u00f6zg\u00fcrl\u00fc\u011f\u00fcn ve \u00f6zg\u00fcnl\u00fc\u011f\u00fcn karabasan\u0131. <\/p>\n","protected":false},"excerpt":{"rendered":"<p>\u201cEn sevdi\u011fim kitaplardan biri. Defalarca, s\u0131k\u0131lmadan okudum.\u201d \u2013Margaret Atwood Prometheus \u015eeref K\u00fcrs\u00fcs\u00fc \u00d6d\u00fcl\u00fc\u201cB\u0130L\u0130N\u00c7LENENE KADAR ASLA \u0130SYAN ETMEYECEKLER, \u0130SYAN EDENE KADAR B\u0130L\u0130N\u00c7LENMEYECEKLER.\u201d George Orwell yazd\u0131\u011f\u0131 kitaplar ve<span class=\"excerpt-hellip\"> [\u2026]<\/span><\/p>\n","protected":false},"featured_media":0,"template":"","meta":{"_monsterinsights_skip_tracking":false,"_monsterinsights_sitenote_active":false,"_monsterinsights_sitenote_note":"","_monsterinsights_sitenote_category":0},"product_brand":[],"product_cat":[12540,12291],"product_tag":[],"class_list":{"0":"post-777794","1":"product","2":"type-product","3":"status-publish","5":"product_cat-bilim-kurgu","6":"product_cat-edebiyat","7":"pa_cilt-ciltsiz","8":"pa_tur-kitap","9":"pa_yayinevi-ithaki-yayinlari","10":"pa_yazar-george-orwell","12":"first","13":"instock","14":"sale","15":"shipping-taxable","16":"purchasable","17":"product-type-simple"},"_links":{"self":[{"href":"https:\/\/roveyayinevi.com.tr\/index.php\/wp-json\/wp\/v2\/product\/777794","targetHints":{"allow":["GET"]}}],"collection":[{"href":"https:\/\/roveyayinevi.com.tr\/index.php\/wp-json\/wp\/v2\/product"}],"about":[{"href":"https:\/\/roveyayinevi.com.tr\/index.php\/wp-json\/wp\/v2\/types\/product"}],"wp:attachment":[{"href":"https:\/\/roveyayinevi.com.tr\/index.php\/wp-json\/wp\/v2\/media?parent=777794"}],"wp:term":[{"taxonomy":"product_brand","embeddable":true,"href":"https:\/\/roveyayinevi.com.tr\/index.php\/wp-json\/wp\/v2\/product_brand?post=777794"},{"taxonomy":"product_cat","embeddable":true,"href":"https:\/\/roveyayinevi.com.tr\/index.php\/wp-json\/wp\/v2\/product_cat?post=777794"},{"taxonomy":"product_tag","embeddable":true,"href":"https:\/\/roveyayinevi.com.tr\/index.php\/wp-json\/wp\/v2\/product_tag?post=777794"}],"curies":[{"name":"wp","href":"https:\/\/api.w.org\/{rel}","templated":true}]}}