{"id":777793,"date":"2025-10-27T00:08:28","date_gmt":"2025-10-26T21:08:28","guid":{"rendered":"https:\/\/roveyayinevi.com.tr\/index.php\/urun\/50-dakikalik-seans\/"},"modified":"2026-01-27T03:01:47","modified_gmt":"2026-01-27T00:01:47","slug":"50-dakikalik-seans","status":"publish","type":"product","link":"https:\/\/roveyayinevi.com.tr\/index.php\/urun\/50-dakikalik-seans\/","title":{"rendered":"50 Dakikal\u0131k Seans"},"content":{"rendered":"<p>50 Dakikal\u0131k Seans ile zaman\u0131m\u0131z\u0131n en \u00fcnl\u00fc psikanalistlerden biri olan Robert Lindner\u2019\u0131n, se\u00e7ti\u011fi \u00fc\u00e7 hastas\u0131n\u0131n travmatik ge\u00e7mi\u015fleri sonucunda ortaya \u00e7\u0131kan ki\u015filik bozukluklar\u0131n\u0131 psikanalitik yakla\u015f\u0131mla mercek alt\u0131na ald\u0131\u011f\u0131 terapi seanslar\u0131na konuk oluyoruz.Ben bir psikanalistim. Kimisi \u015fiddetin e\u015fi\u011finde, kimisi o e\u015fi\u011fi \u00e7oktan a\u015fm\u0131\u015f katillerle, sadistlerle ve tacize u\u011fram\u0131\u015f insanlarla y\u00fcz y\u00fcze geliyor ve onlarla \u00e7al\u0131\u015f\u0131yorum. Bu okuyacaklar\u0131n\u0131z bana aktard\u0131klar\u0131 \u015fekilde onlar\u0131n hikayeleri &#8211; aray\u0131\u015flar\u0131, kendilerini a\u00e7\u0131\u011fa \u00e7\u0131kar\u0131\u015flar\u0131 ve belki de \u015foke edi\u015fleri. Hayat\u0131n i\u015flenmemi\u015f y\u00fczeyindeler onlar, bu y\u00fczden de yard\u0131m edilemez de\u011filler. (Robert L\u0131ndner)Geleneksel psikanalitik d\u00fc\u015f\u00fcncenin, bug\u00fcn bile yarat\u0131c\u0131 ve tart\u0131\u015fmal\u0131 kabul edilebilecek klinik stratejilerle b\u00fcy\u00fcleyici bir harman\u0131 olan 50 Dakikal\u0131k Seans bilin\u00e7alt\u0131n\u0131n sonsuz denizine a\u00e7\u0131l\u0131yor&#8230; Bu kitab\u0131 okumadan hi\u00e7bir \u00f6\u011frencinin psikoterapi e\u011fitimi tamamlanm\u0131\u015f say\u0131lmaz. Orijinal yay\u0131n\u0131ndan y\u0131llar sonra, psikoterapi tarihinde h\u00e2l\u00e2 \u00f6nc\u00fc bir d\u00f6n\u00fcm noktas\u0131 olarak duruyor. (John Suler)<\/p>\n","protected":false},"excerpt":{"rendered":"<p>50 Dakikal\u0131k Seans ile zaman\u0131m\u0131z\u0131n en \u00fcnl\u00fc psikanalistlerden biri olan Robert Lindner\u2019\u0131n, se\u00e7ti\u011fi \u00fc\u00e7 hastas\u0131n\u0131n travmatik ge\u00e7mi\u015fleri sonucunda ortaya \u00e7\u0131kan ki\u015filik bozukluklar\u0131n\u0131 psikanalitik yakla\u015f\u0131mla mercek alt\u0131na<span class=\"excerpt-hellip\"> [\u2026]<\/span><\/p>\n","protected":false},"featured_media":0,"template":"","meta":{"_monsterinsights_skip_tracking":false,"_monsterinsights_sitenote_active":false,"_monsterinsights_sitenote_note":"","_monsterinsights_sitenote_category":0},"product_brand":[],"product_cat":[12358,12357],"product_tag":[],"class_list":{"0":"post-777793","1":"product","2":"type-product","3":"status-publish","5":"product_cat-genel-psikoloji","6":"product_cat-psikoloji","7":"pa_cilt-ciltsiz","8":"pa_tur-kitap","9":"pa_yayinevi-koridor-yayincilik","10":"pa_yazar-robert-lindner","12":"first","13":"outofstock","14":"sale","15":"shipping-taxable","16":"purchasable","17":"product-type-simple"},"_links":{"self":[{"href":"https:\/\/roveyayinevi.com.tr\/index.php\/wp-json\/wp\/v2\/product\/777793","targetHints":{"allow":["GET"]}}],"collection":[{"href":"https:\/\/roveyayinevi.com.tr\/index.php\/wp-json\/wp\/v2\/product"}],"about":[{"href":"https:\/\/roveyayinevi.com.tr\/index.php\/wp-json\/wp\/v2\/types\/product"}],"wp:attachment":[{"href":"https:\/\/roveyayinevi.com.tr\/index.php\/wp-json\/wp\/v2\/media?parent=777793"}],"wp:term":[{"taxonomy":"product_brand","embeddable":true,"href":"https:\/\/roveyayinevi.com.tr\/index.php\/wp-json\/wp\/v2\/product_brand?post=777793"},{"taxonomy":"product_cat","embeddable":true,"href":"https:\/\/roveyayinevi.com.tr\/index.php\/wp-json\/wp\/v2\/product_cat?post=777793"},{"taxonomy":"product_tag","embeddable":true,"href":"https:\/\/roveyayinevi.com.tr\/index.php\/wp-json\/wp\/v2\/product_tag?post=777793"}],"curies":[{"name":"wp","href":"https:\/\/api.w.org\/{rel}","templated":true}]}}