{"id":777792,"date":"2025-10-27T00:04:00","date_gmt":"2025-10-26T21:04:00","guid":{"rendered":"https:\/\/roveyayinevi.com.tr\/index.php\/urun\/kalici-mutlulugun-7-yolu\/"},"modified":"2026-04-16T02:34:10","modified_gmt":"2026-04-15T23:34:10","slug":"kalici-mutlulugun-7-yolu","status":"publish","type":"product","link":"https:\/\/roveyayinevi.com.tr\/index.php\/urun\/kalici-mutlulugun-7-yolu\/","title":{"rendered":"Kal\u0131c\u0131 Mutlulu\u011fun 7 Yolu"},"content":{"rendered":"<p>Dr. Gourgouris daha mutlu ve doyurucu bir hayat s\u00fcrmenin ilkelerini payla\u015f\u0131yor. Kolay uygulanabilen, zaman i\u00e7inde test edilmi\u015f, fark yarataca\u011f\u0131 kan\u0131tlanm\u0131\u015f bu ilkeleri okuyup hayata ge\u00e7irmeye ba\u015flay\u0131n. B\u00f6ylece hem kendinizi hem de \u00e7evrenizdekileri olumlu bi\u00e7imde d\u00f6n\u00fc\u015ft\u00fcrmenizi sa\u011flayacak yeni bir bak\u0131\u015f a\u00e7\u0131s\u0131 kazanacaks\u0131n\u0131z. Kal\u0131c\u0131 mutlulu\u011fa ula\u015fmak bu yollardan ge\u00e7iyor: Kendini sevme Minnettar olma  Ba\u011f\u0131\u015flama  Tutkular\u0131n pe\u015finden gitme  Ruhu besleme  Sevgi dolu ili\u015fkiler yaratma  Y\u00fcrekten yard\u0131m etme E\u011fer kal\u0131c\u0131 mutlulu\u011fu ar\u0131yorsan\u0131z, bu kitap harika bir ba\u015flang\u0131\u00e7 olacakt\u0131r. Haydi yolculuk ba\u015flas\u0131n! Dr. Elia Gourgouris Atina\u2019da do\u011fdu. 11 ya\u015f\u0131ndayken ailesiyle birlikte Kaliforniya\u2019da Santa Monica\u2019ya ta\u015f\u0131nd\u0131. UCLA\u2019de psikoloji b\u00f6l\u00fcm\u00fcnden mezun olduktan sonra alan\u0131nda y\u00fcksek lisans ve doktora yapt\u0131. Dr. Gourgouris, insanlara ki\u015fisel ba\u015far\u0131 kazanma ve mutlu olma konusunda yard\u0131mc\u0131 olmay\u0131 ama\u00e7layan The Happiness Center\u2019in (Mutluluk Merkezi) kurucusudur<\/p>\n","protected":false},"excerpt":{"rendered":"<p>Dr. Gourgouris daha mutlu ve doyurucu bir hayat s\u00fcrmenin ilkelerini payla\u015f\u0131yor. Kolay uygulanabilen, zaman i\u00e7inde test edilmi\u015f, fark yarataca\u011f\u0131 kan\u0131tlanm\u0131\u015f bu ilkeleri okuyup hayata ge\u00e7irmeye ba\u015flay\u0131n.<span class=\"excerpt-hellip\"> [\u2026]<\/span><\/p>\n","protected":false},"featured_media":0,"template":"","meta":{"_monsterinsights_skip_tracking":false,"_monsterinsights_sitenote_active":false,"_monsterinsights_sitenote_note":"","_monsterinsights_sitenote_category":0},"product_brand":[],"product_cat":[20502,12357],"product_tag":[],"class_list":{"0":"post-777792","1":"product","2":"type-product","3":"status-publish","5":"product_cat-basvuru-kitaplari-psikoloji","6":"product_cat-psikoloji","7":"pa_cilt-ciltsiz","8":"pa_tur-kitap","9":"pa_yayinevi-remzi-kitabevi","10":"pa_yazar-elia-gourgouris","12":"first","13":"instock","14":"sale","15":"shipping-taxable","16":"purchasable","17":"product-type-simple"},"_links":{"self":[{"href":"https:\/\/roveyayinevi.com.tr\/index.php\/wp-json\/wp\/v2\/product\/777792","targetHints":{"allow":["GET"]}}],"collection":[{"href":"https:\/\/roveyayinevi.com.tr\/index.php\/wp-json\/wp\/v2\/product"}],"about":[{"href":"https:\/\/roveyayinevi.com.tr\/index.php\/wp-json\/wp\/v2\/types\/product"}],"wp:attachment":[{"href":"https:\/\/roveyayinevi.com.tr\/index.php\/wp-json\/wp\/v2\/media?parent=777792"}],"wp:term":[{"taxonomy":"product_brand","embeddable":true,"href":"https:\/\/roveyayinevi.com.tr\/index.php\/wp-json\/wp\/v2\/product_brand?post=777792"},{"taxonomy":"product_cat","embeddable":true,"href":"https:\/\/roveyayinevi.com.tr\/index.php\/wp-json\/wp\/v2\/product_cat?post=777792"},{"taxonomy":"product_tag","embeddable":true,"href":"https:\/\/roveyayinevi.com.tr\/index.php\/wp-json\/wp\/v2\/product_tag?post=777792"}],"curies":[{"name":"wp","href":"https:\/\/api.w.org\/{rel}","templated":true}]}}