{"id":777791,"date":"2025-10-26T22:51:56","date_gmt":"2025-10-26T19:51:56","guid":{"rendered":"https:\/\/roveyayinevi.com.tr\/index.php\/urun\/ask-ve-gurur-6\/"},"modified":"2026-04-16T02:24:59","modified_gmt":"2026-04-15T23:24:59","slug":"ask-ve-gurur-6","status":"publish","type":"product","link":"https:\/\/roveyayinevi.com.tr\/index.php\/urun\/ask-ve-gurur-6\/","title":{"rendered":"A\u015fk ve Gurur"},"content":{"rendered":"<p>Jane Austen 1775-1817 y\u0131llar\u0131 aras\u0131nda ya\u015fam\u0131\u015f, \u0130ngiliz edebiyat\u0131n\u0131n etkin yazarlar\u0131ndand\u0131r. Kad\u0131nlar\u0131n hayattaki stat\u00fclerini evliliklerinin belirledi\u011fi bir d\u00f6nemde ya\u015fam\u0131\u015f, d\u00f6nemin toplumsal de\u011ferlerini, g\u00fcndelik hayat tarzlar\u0131n\u0131 ve karakterlerin ya\u015famdan beklentilerini do\u011fall\u0131kla aktarm\u0131\u015f ve roman\u0131n\u0131 sade bir dil ve modern bir bak\u0131\u015f a\u00e7\u0131s\u0131yla okuyucusuna sunmu\u015ftur. A\u015fk ve Gurur kitab\u0131 y\u00fczy\u0131llard\u0131r de\u011fi\u015fmeyen h\u0131rs, \u00f6n yarg\u0131,k\u0131skan\u00e7l\u0131k adaletsizlik, kibir, gurur gibi kavramlar\u0131 farkl\u0131 bir bak\u0131\u015f a\u00e7\u0131s\u0131yla ele alm\u0131\u015f, ayn\u0131 zamanda a\u015fkla yo\u011furmu\u015f bir eserdir. Kitap 19.y\u00fczy\u0131l \u0130ngiltere\u2019sinde Bennet ailesi, k\u0131zlar\u0131, akraba ve kom\u015fular\u0131 etraf\u0131nda d\u00f6nen olaylar\u0131, her bir karakterin ortaya koydu\u011fu ki\u015fili\u011fi, olaylara verdikleri farkl\u0131 tepkileri, \u00e7aresiz kald\u0131klar\u0131ndaki tutumlar\u0131n\u0131 okuyucuya g\u00fczel bir hik\u00e2ye \u00f6rg\u00fcs\u00fcyle aktarmaktad\u0131r. Jane Austin\u2019in bu \u00e7arp\u0131c\u0131 eseri, kibirli Darcy ve Bennet&#8217;lerin k\u0131z\u0131 Elizabeth karakterleriyle insanl\u0131k de\u011ferlerini a\u00e7\u0131\u011fa \u00e7\u0131kararak h\u0131rstan, yalandan,sahtekarl\u0131ktan,g\u00f6steri\u015ften, kibir ve gururdan uzakla\u015fabilen bir a\u015fk\u0131n her \u015feyin \u00f6n\u00fcne ge\u00e7ebildi\u011fini vurgulamaktad\u0131r.<\/p>\n","protected":false},"excerpt":{"rendered":"<p>Jane Austen 1775-1817 y\u0131llar\u0131 aras\u0131nda ya\u015fam\u0131\u015f, \u0130ngiliz edebiyat\u0131n\u0131n etkin yazarlar\u0131ndand\u0131r. Kad\u0131nlar\u0131n hayattaki stat\u00fclerini evliliklerinin belirledi\u011fi bir d\u00f6nemde ya\u015fam\u0131\u015f, d\u00f6nemin toplumsal de\u011ferlerini, g\u00fcndelik hayat tarzlar\u0131n\u0131 ve karakterlerin<span class=\"excerpt-hellip\"> [\u2026]<\/span><\/p>\n","protected":false},"featured_media":0,"template":"","meta":{"_monsterinsights_skip_tracking":false,"_monsterinsights_sitenote_active":false,"_monsterinsights_sitenote_note":"","_monsterinsights_sitenote_category":0},"product_brand":[],"product_cat":[14643,12291],"product_tag":[],"class_list":{"0":"post-777791","1":"product","2":"type-product","3":"status-publish","5":"product_cat-ask","6":"product_cat-edebiyat","7":"pa_cilt-ciltsiz","8":"pa_tur-kitap","9":"pa_yayinevi-fark-yayinlari","10":"pa_yazar-jane-austen","12":"first","13":"instock","14":"sale","15":"shipping-taxable","16":"purchasable","17":"product-type-simple"},"_links":{"self":[{"href":"https:\/\/roveyayinevi.com.tr\/index.php\/wp-json\/wp\/v2\/product\/777791","targetHints":{"allow":["GET"]}}],"collection":[{"href":"https:\/\/roveyayinevi.com.tr\/index.php\/wp-json\/wp\/v2\/product"}],"about":[{"href":"https:\/\/roveyayinevi.com.tr\/index.php\/wp-json\/wp\/v2\/types\/product"}],"wp:attachment":[{"href":"https:\/\/roveyayinevi.com.tr\/index.php\/wp-json\/wp\/v2\/media?parent=777791"}],"wp:term":[{"taxonomy":"product_brand","embeddable":true,"href":"https:\/\/roveyayinevi.com.tr\/index.php\/wp-json\/wp\/v2\/product_brand?post=777791"},{"taxonomy":"product_cat","embeddable":true,"href":"https:\/\/roveyayinevi.com.tr\/index.php\/wp-json\/wp\/v2\/product_cat?post=777791"},{"taxonomy":"product_tag","embeddable":true,"href":"https:\/\/roveyayinevi.com.tr\/index.php\/wp-json\/wp\/v2\/product_tag?post=777791"}],"curies":[{"name":"wp","href":"https:\/\/api.w.org\/{rel}","templated":true}]}}