{"id":777789,"date":"2025-10-26T22:15:47","date_gmt":"2025-10-26T19:15:47","guid":{"rendered":"https:\/\/roveyayinevi.com.tr\/index.php\/urun\/duygularimizla-bas-etmenin-yollari-nasil-hissediyorum-yardim-etmeyi-seviyorum\/"},"modified":"2026-04-16T02:19:57","modified_gmt":"2026-04-15T23:19:57","slug":"duygularimizla-bas-etmenin-yollari-nasil-hissediyorum-yardim-etmeyi-seviyorum","status":"publish","type":"product","link":"https:\/\/roveyayinevi.com.tr\/index.php\/urun\/duygularimizla-bas-etmenin-yollari-nasil-hissediyorum-yardim-etmeyi-seviyorum\/","title":{"rendered":"Duygular\u0131m\u0131zla Ba\u015f Etmenin Yollar\u0131 &#8211; Nas\u0131l Hissediyorum? Yard\u0131m Etmeyi Seviyorum"},"content":{"rendered":"<p>Nas\u0131l Hissediyorum: Duygular\u0131m\u0131zla Ba\u015f Etmenin Yollar\u0131Duygular\u0131n\u0131z\u0131 tan\u0131mlamak ve ba\u015f etmekle ilgili e\u011fitim \u2013\u00f6zellikle negatif ve korkutucu olanlarla\u2013 alaca\u011f\u0131n\u0131z di\u011fer e\u011fitimler kadar \u00f6nemlidir. Nas\u0131l Hissediyorum serisi \u00e7ocuklara sade ve anla\u015f\u0131l\u0131r bir dille uygular\u0131n\u0131 nas\u0131l tan\u0131mlayacaklar\u0131n\u0131, kontrol edeceklerini ve \u00e7evreleriyle nas\u0131l empati kuracaklar\u0131n\u0131 anlat\u0131yor. \u201cEbeveynler i\u00e7in harika bir kaynak. \u00c7ocu\u011funuz bu kitap sayesinde duygular\u0131n\u0131 nas\u0131l ifade edebilece\u011fini \u00f6\u011frenecek ve duygular\u0131n\u0131 ifade etmede zorlanan tek \u00e7ocu\u011fun kendisi olmad\u0131\u011f\u0131n\u0131 g\u00f6recek.\u201d\u2013Booklist Empati kurmay\u0131 \u00f6\u011frenmek her \u00e7ocu\u011fun geli\u015fiminde \u00f6nemli bir rol oynar. Bu hik\u00e2yede ba\u015fkalar\u0131na kar\u015f\u0131 nazik olman\u0131n \u00f6nemi, nezaketin yay\u0131l\u0131p d\u00fcnyay\u0131 nas\u0131l daha iyi biryer yapabilece\u011fi anlat\u0131l\u0131yor. <\/p>\n","protected":false},"excerpt":{"rendered":"<p>Nas\u0131l Hissediyorum: Duygular\u0131m\u0131zla Ba\u015f Etmenin Yollar\u0131Duygular\u0131n\u0131z\u0131 tan\u0131mlamak ve ba\u015f etmekle ilgili e\u011fitim \u2013\u00f6zellikle negatif ve korkutucu olanlarla\u2013 alaca\u011f\u0131n\u0131z di\u011fer e\u011fitimler kadar \u00f6nemlidir. Nas\u0131l Hissediyorum serisi \u00e7ocuklara<span class=\"excerpt-hellip\"> [\u2026]<\/span><\/p>\n","protected":false},"featured_media":0,"template":"","meta":{"_monsterinsights_skip_tracking":false,"_monsterinsights_sitenote_active":false,"_monsterinsights_sitenote_note":"","_monsterinsights_sitenote_category":0},"product_brand":[],"product_cat":[12275,12274],"product_tag":[],"class_list":{"0":"post-777789","1":"product","2":"type-product","3":"status-publish","5":"product_cat-6-12-yas-kitaplari","6":"product_cat-cocuk-ve-genclik-kitaplari","7":"pa_cilt-ciltsiz","8":"pa_tur-kitap","9":"pa_yayinevi-buyulu-fener-yayinlari","10":"pa_yazar-cornelia-maude-spelman","12":"first","13":"instock","14":"sale","15":"shipping-taxable","16":"purchasable","17":"product-type-simple"},"_links":{"self":[{"href":"https:\/\/roveyayinevi.com.tr\/index.php\/wp-json\/wp\/v2\/product\/777789","targetHints":{"allow":["GET"]}}],"collection":[{"href":"https:\/\/roveyayinevi.com.tr\/index.php\/wp-json\/wp\/v2\/product"}],"about":[{"href":"https:\/\/roveyayinevi.com.tr\/index.php\/wp-json\/wp\/v2\/types\/product"}],"wp:attachment":[{"href":"https:\/\/roveyayinevi.com.tr\/index.php\/wp-json\/wp\/v2\/media?parent=777789"}],"wp:term":[{"taxonomy":"product_brand","embeddable":true,"href":"https:\/\/roveyayinevi.com.tr\/index.php\/wp-json\/wp\/v2\/product_brand?post=777789"},{"taxonomy":"product_cat","embeddable":true,"href":"https:\/\/roveyayinevi.com.tr\/index.php\/wp-json\/wp\/v2\/product_cat?post=777789"},{"taxonomy":"product_tag","embeddable":true,"href":"https:\/\/roveyayinevi.com.tr\/index.php\/wp-json\/wp\/v2\/product_tag?post=777789"}],"curies":[{"name":"wp","href":"https:\/\/api.w.org\/{rel}","templated":true}]}}