{"id":777787,"date":"2025-10-26T21:44:12","date_gmt":"2025-10-26T18:44:12","guid":{"rendered":"https:\/\/roveyayinevi.com.tr\/index.php\/urun\/erken-cocukluk-egitiminde-mudahale-tedavi-planlayicisi-treatment-planner\/"},"modified":"2026-04-16T02:15:40","modified_gmt":"2026-04-15T23:15:40","slug":"erken-cocukluk-egitiminde-mudahale-tedavi-planlayicisi-treatment-planner","status":"publish","type":"product","link":"https:\/\/roveyayinevi.com.tr\/index.php\/urun\/erken-cocukluk-egitiminde-mudahale-tedavi-planlayicisi-treatment-planner\/","title":{"rendered":"Erken \u00c7ocukluk E\u011fitiminde M\u00fcdahale \/ Tedavi Planlay\u0131c\u0131s\u0131 Treatment Planner"},"content":{"rendered":"<p>Psikoterapi uygulamas\u0131n\u0131n 30, 20 ve hatta 15 y\u0131l \u00f6nce mevcut olmayan bir boyutu bulunmaktad\u0131r. Hesap verme y\u00fck\u00fcml\u00fcl\u00fc\u011f\u00fc. Tedavi programlar\u0131, kamu kurulu\u015flar\u0131, klinikler ve hatta grup olarak ya da tek ba\u015f\u0131na \u00e7al\u0131\u015fan uygulay\u0131c\u0131lar, dan\u0131\u015fanlara uygulanan tedavileri, \u00fccretlerin \u00f6demesini kontrol eden d\u0131\u015f denetim kurumlar\u0131na art\u0131k gerek\u00e7elendirmek zorundad\u0131rlar.Bu geli\u015fme, evrak i\u015flerinde b\u00fcy\u00fck bir art\u0131\u015fa neden olmu\u015ftur. Klinisyenler tedavide neler yap\u0131ld\u0131\u011f\u0131n\u0131, gelecek i\u00e7in neler planland\u0131\u011f\u0131n\u0131 ve m\u00fcdah\u00e2lelerin beklenen sonu\u00e7lar\u0131n\u0131n neler oldu\u011funu art\u0131k belgelemek durumundad\u0131r. Uygulama Planlay\u0131c\u0131s\u0131 serisindeki kitaplar ve yaz\u0131l\u0131m, uygulay\u0131c\u0131lar\u0131n bu belgeleme gereksinimlerini etkin ve profesyonelce yerine getirmesine yard\u0131mc\u0131 olmak amac\u0131yla tasarlanm\u0131\u015ft\u0131r.<\/p>\n","protected":false},"excerpt":{"rendered":"<p>Psikoterapi uygulamas\u0131n\u0131n 30, 20 ve hatta 15 y\u0131l \u00f6nce mevcut olmayan bir boyutu bulunmaktad\u0131r. Hesap verme y\u00fck\u00fcml\u00fcl\u00fc\u011f\u00fc. Tedavi programlar\u0131, kamu kurulu\u015flar\u0131, klinikler ve hatta grup olarak<span class=\"excerpt-hellip\"> [\u2026]<\/span><\/p>\n","protected":false},"featured_media":0,"template":"","meta":{"_monsterinsights_skip_tracking":false,"_monsterinsights_sitenote_active":false,"_monsterinsights_sitenote_note":"","_monsterinsights_sitenote_category":0},"product_brand":[],"product_cat":[12831,12324],"product_tag":[],"class_list":{"0":"post-777787","1":"product","2":"type-product","3":"status-publish","5":"product_cat-aile-ve-cocuk","6":"product_cat-sosyoloji","7":"pa_cilt-ciltsiz","8":"pa_tur-kitap","9":"pa_yayinevi-egiten-kitap","10":"pa_yazar-arthur-e-jongsma-jr","12":"first","13":"instock","14":"sale","15":"shipping-taxable","16":"purchasable","17":"product-type-simple"},"_links":{"self":[{"href":"https:\/\/roveyayinevi.com.tr\/index.php\/wp-json\/wp\/v2\/product\/777787","targetHints":{"allow":["GET"]}}],"collection":[{"href":"https:\/\/roveyayinevi.com.tr\/index.php\/wp-json\/wp\/v2\/product"}],"about":[{"href":"https:\/\/roveyayinevi.com.tr\/index.php\/wp-json\/wp\/v2\/types\/product"}],"wp:attachment":[{"href":"https:\/\/roveyayinevi.com.tr\/index.php\/wp-json\/wp\/v2\/media?parent=777787"}],"wp:term":[{"taxonomy":"product_brand","embeddable":true,"href":"https:\/\/roveyayinevi.com.tr\/index.php\/wp-json\/wp\/v2\/product_brand?post=777787"},{"taxonomy":"product_cat","embeddable":true,"href":"https:\/\/roveyayinevi.com.tr\/index.php\/wp-json\/wp\/v2\/product_cat?post=777787"},{"taxonomy":"product_tag","embeddable":true,"href":"https:\/\/roveyayinevi.com.tr\/index.php\/wp-json\/wp\/v2\/product_tag?post=777787"}],"curies":[{"name":"wp","href":"https:\/\/api.w.org\/{rel}","templated":true}]}}