{"id":777786,"date":"2025-10-26T21:42:26","date_gmt":"2025-10-26T18:42:26","guid":{"rendered":"https:\/\/roveyayinevi.com.tr\/index.php\/urun\/dogu-avrupada-yolculuk\/"},"modified":"2026-04-16T02:15:36","modified_gmt":"2026-04-15T23:15:36","slug":"dogu-avrupada-yolculuk","status":"publish","type":"product","link":"https:\/\/roveyayinevi.com.tr\/index.php\/urun\/dogu-avrupada-yolculuk\/","title":{"rendered":"Do\u011fu Avrupa&#8217;da Yolculuk"},"content":{"rendered":"<p>S\u0131n\u0131flar\u0131n ortadan kalkmas\u0131 hayret verici bir \u015fey. Herkes e\u015fit, herkes ayn\u0131 d\u00fczeyde, herkes k\u00f6t\u00fc dikilmi\u015f eski p\u00fcsk\u00fc giysiler i\u00e7inde, ayaklar\u0131nda kalitesiz ayakkab\u0131lar var. Hi\u00e7 acele etmiyorlar, tela\u015f yok, sanki ya\u015famak i\u00e7in her \u015feyi a\u011f\u0131rdan al\u0131p t\u00fcm vakitlerini kullan\u0131yorlar. Burada da k\u00f6ylerdeki ayn\u0131 saf, iyi kalpli ve sa\u011fl\u0131kl\u0131 kalabal\u0131k kitleler var ama devasa boyutlarda. \ufffcTan\u0131t\u0131m Metni<\/p>\n","protected":false},"excerpt":{"rendered":"<p>S\u0131n\u0131flar\u0131n ortadan kalkmas\u0131 hayret verici bir \u015fey. Herkes e\u015fit, herkes ayn\u0131 d\u00fczeyde, herkes k\u00f6t\u00fc dikilmi\u015f eski p\u00fcsk\u00fc giysiler i\u00e7inde, ayaklar\u0131nda kalitesiz ayakkab\u0131lar var. Hi\u00e7 acele etmiyorlar,<span class=\"excerpt-hellip\"> [\u2026]<\/span><\/p>\n","protected":false},"featured_media":0,"template":"","meta":{"_monsterinsights_skip_tracking":false,"_monsterinsights_sitenote_active":false,"_monsterinsights_sitenote_note":"","_monsterinsights_sitenote_category":0},"product_brand":[],"product_cat":[12291,13113],"product_tag":[],"class_list":{"0":"post-777786","1":"product","2":"type-product","3":"status-publish","5":"product_cat-edebiyat","6":"product_cat-ispanyol-edebiyati","7":"pa_cilt-ciltsiz","8":"pa_tur-kitap","9":"pa_yayinevi-can-yayinlari","10":"pa_yazar-gabriel-garcia-marquez","12":"first","13":"instock","14":"sale","15":"shipping-taxable","16":"purchasable","17":"product-type-simple"},"_links":{"self":[{"href":"https:\/\/roveyayinevi.com.tr\/index.php\/wp-json\/wp\/v2\/product\/777786","targetHints":{"allow":["GET"]}}],"collection":[{"href":"https:\/\/roveyayinevi.com.tr\/index.php\/wp-json\/wp\/v2\/product"}],"about":[{"href":"https:\/\/roveyayinevi.com.tr\/index.php\/wp-json\/wp\/v2\/types\/product"}],"wp:attachment":[{"href":"https:\/\/roveyayinevi.com.tr\/index.php\/wp-json\/wp\/v2\/media?parent=777786"}],"wp:term":[{"taxonomy":"product_brand","embeddable":true,"href":"https:\/\/roveyayinevi.com.tr\/index.php\/wp-json\/wp\/v2\/product_brand?post=777786"},{"taxonomy":"product_cat","embeddable":true,"href":"https:\/\/roveyayinevi.com.tr\/index.php\/wp-json\/wp\/v2\/product_cat?post=777786"},{"taxonomy":"product_tag","embeddable":true,"href":"https:\/\/roveyayinevi.com.tr\/index.php\/wp-json\/wp\/v2\/product_tag?post=777786"}],"curies":[{"name":"wp","href":"https:\/\/api.w.org\/{rel}","templated":true}]}}