{"id":777785,"date":"2025-10-26T21:38:24","date_gmt":"2025-10-26T18:38:24","guid":{"rendered":"https:\/\/roveyayinevi.com.tr\/index.php\/urun\/dogu-ekspresi\/"},"modified":"2026-04-11T13:33:18","modified_gmt":"2026-04-11T10:33:18","slug":"dogu-ekspresi","status":"publish","type":"product","link":"https:\/\/roveyayinevi.com.tr\/index.php\/urun\/dogu-ekspresi\/","title":{"rendered":"Do\u011fu Ekspresi"},"content":{"rendered":"<p>Do\u011fu Ekspresi, 20. y\u00fczy\u0131l Amerikan edebiyat\u0131n\u0131n \u00f6nemli yazarlar\u0131ndan John Dos Passos\u2019un Do\u011fu\u2019ya dair izlenimlerini aktard\u0131\u011f\u0131 keyif verici bir seyahatname.John Dos Passos, Do\u011fu Ekspresi\u2019nde 1920\u2019lerin ba\u015f\u0131nda Anadolu, Do\u011fu Avrupa, Yak\u0131ndo\u011fu ve Ortado\u011fu\u2019ya seyahatlerinde kar\u015f\u0131la\u015ft\u0131\u011f\u0131 g\u00f6r\u00fcnt\u00fcleri, sesleri ve kokular\u0131 titiz bir edebiyat\u00e7\u0131 dikkatiyle anlat\u0131yor.Tiflis\u2019ten Erivan\u2019a, Kazvin\u2019den \u015eam\u2019a uzanan yolculu\u011funda en s\u0131radan g\u00f6r\u00fcnen manzaralara usta bir ressam gibi renk ve anlam kat\u0131yor. Suriye \u00c7\u00f6l\u00fc\u2019n\u00fc a\u015fan, Kafkaslar\u2019\u0131 t\u0131rmanan, Britanya\u2019n\u0131n denetiminde yeni bir Irak\u2019\u0131n kurulu\u015funa tan\u0131kl\u0131k eden Dos Passos, Do\u011fu\u2019nun dertleri ve g\u00fczelliklerine ayn\u0131 anda dikkat kesilirken Do\u011fu Ekspresi keyif verici bir seyahat anlat\u0131s\u0131na d\u00f6n\u00fc\u015f\u00fcyor. 20. y\u00fczy\u0131l ba\u015f\u0131nda Bat\u0131\u2019da benzerine az rastlan\u0131r cinsten bir Do\u011fu seyahatnamesi.\u201cDos Passos\u2019un d\u00fcnyas\u0131, t\u0131pk\u0131 Kafka\u2019n\u0131n Faulkner\u2019\u0131n ve Stendhal\u2019\u0131nki gibi imk\u00e2ns\u0131z bir d\u00fcnya: \u00e7eli\u015fkilerle dolu. Ama g\u00fczellik, tam da \u00e7eli\u015fkide gizlidir; \u00f6rt\u00fck bir \u00e7eli\u015fkidir. Dos Passos\u2019un zaman\u0131m\u0131z\u0131n en b\u00fcy\u00fck yazarlar\u0131ndan biri oldu\u011funu d\u00fc\u015f\u00fcn\u00fcyorum.\u201dJean Paul Sartre<\/p>\n","protected":false},"excerpt":{"rendered":"<p>Do\u011fu Ekspresi, 20. y\u00fczy\u0131l Amerikan edebiyat\u0131n\u0131n \u00f6nemli yazarlar\u0131ndan John Dos Passos\u2019un Do\u011fu\u2019ya dair izlenimlerini aktard\u0131\u011f\u0131 keyif verici bir seyahatname.John Dos Passos, Do\u011fu Ekspresi\u2019nde 1920\u2019lerin ba\u015f\u0131nda Anadolu,<span class=\"excerpt-hellip\"> [\u2026]<\/span><\/p>\n","protected":false},"featured_media":0,"template":"","meta":{"_monsterinsights_skip_tracking":false,"_monsterinsights_sitenote_active":false,"_monsterinsights_sitenote_note":"","_monsterinsights_sitenote_category":0},"product_brand":[],"product_cat":[12291,12711],"product_tag":[],"class_list":{"0":"post-777785","1":"product","2":"type-product","3":"status-publish","5":"product_cat-edebiyat","6":"product_cat-roman-oyku","7":"pa_cilt-ciltsiz","8":"pa_tur-kitap","9":"pa_yayinevi-iletisim-yayinlari","10":"pa_yazar-john-dos-passos","12":"first","13":"instock","14":"sale","15":"shipping-taxable","16":"purchasable","17":"product-type-simple"},"_links":{"self":[{"href":"https:\/\/roveyayinevi.com.tr\/index.php\/wp-json\/wp\/v2\/product\/777785","targetHints":{"allow":["GET"]}}],"collection":[{"href":"https:\/\/roveyayinevi.com.tr\/index.php\/wp-json\/wp\/v2\/product"}],"about":[{"href":"https:\/\/roveyayinevi.com.tr\/index.php\/wp-json\/wp\/v2\/types\/product"}],"wp:attachment":[{"href":"https:\/\/roveyayinevi.com.tr\/index.php\/wp-json\/wp\/v2\/media?parent=777785"}],"wp:term":[{"taxonomy":"product_brand","embeddable":true,"href":"https:\/\/roveyayinevi.com.tr\/index.php\/wp-json\/wp\/v2\/product_brand?post=777785"},{"taxonomy":"product_cat","embeddable":true,"href":"https:\/\/roveyayinevi.com.tr\/index.php\/wp-json\/wp\/v2\/product_cat?post=777785"},{"taxonomy":"product_tag","embeddable":true,"href":"https:\/\/roveyayinevi.com.tr\/index.php\/wp-json\/wp\/v2\/product_tag?post=777785"}],"curies":[{"name":"wp","href":"https:\/\/api.w.org\/{rel}","templated":true}]}}