{"id":777783,"date":"2025-10-26T21:23:24","date_gmt":"2025-10-26T18:23:24","guid":{"rendered":"https:\/\/roveyayinevi.com.tr\/index.php\/urun\/dunya-kurmak\/"},"modified":"2026-04-16T02:13:06","modified_gmt":"2026-04-15T23:13:06","slug":"dunya-kurmak","status":"publish","type":"product","link":"https:\/\/roveyayinevi.com.tr\/index.php\/urun\/dunya-kurmak\/","title":{"rendered":"D\u00fcnya Kurmak"},"content":{"rendered":"<p>Duydu\u011fum derin fikri ve dini kayg\u0131yla yapt\u0131\u011f\u0131m ara\u015ft\u0131rmadan \u015fu sonucu \u00e7\u0131kard\u0131m: \u0130nsan h\u00fcrriyeti konusunda teolojik gelene\u011fin dilini konu\u015fan bir anlay\u0131\u015f ka\u00e7\u0131n\u0131lmaz olarak topluma tahakk\u00fcm eder. \u00d6zg\u00fcrl\u00fc\u011f\u00fc esaretin, demokrasiyi otoriter, totaliter sistemin diline \u00e7evirir. Bask\u0131y\u0131 din ad\u0131na me\u015frula\u015ft\u0131r\u0131r. Tanr\u0131\u2019n\u0131n kendilerini insanlar\u0131n ba\u015f\u0131na bek\u00e7i olarak g\u00f6revlendirildi\u011fine inan\u0131r ve bu g\u00f6revi kendi anlay\u0131\u015f\u0131n\u0131 benimseyenlere d\u00f6n\u00fck her t\u00fcrl\u00fc b\u00fchtan, iftira ve fi\u015fleme ad\u0131na kullan\u0131r. \u00c7\u00fcnk\u00fc belirtilen anlay\u0131\u015ftan demokratik k\u00fclt\u00fcr \u00fcretilemez, geleneksel yorumu benimseyenler ise zinhar demokrat olamazlar. \u0130ktidar-insan ili\u015fkisi \u00fczerine kurulan mant\u0131\u011f\u0131n tabiat\u0131 buna engeldir. Bunun en somut kan\u0131t\u0131 \u0130slam co\u011frafyas\u0131n\u0131 yans\u0131yan siyasi tablo ve \u00fclkemizde olup bitenlerdir. <\/p>\n","protected":false},"excerpt":{"rendered":"<p>Duydu\u011fum derin fikri ve dini kayg\u0131yla yapt\u0131\u011f\u0131m ara\u015ft\u0131rmadan \u015fu sonucu \u00e7\u0131kard\u0131m: \u0130nsan h\u00fcrriyeti konusunda teolojik gelene\u011fin dilini konu\u015fan bir anlay\u0131\u015f ka\u00e7\u0131n\u0131lmaz olarak topluma tahakk\u00fcm eder. \u00d6zg\u00fcrl\u00fc\u011f\u00fc<span class=\"excerpt-hellip\"> [\u2026]<\/span><\/p>\n","protected":false},"featured_media":0,"template":"","meta":{"_monsterinsights_skip_tracking":false,"_monsterinsights_sitenote_active":false,"_monsterinsights_sitenote_note":"","_monsterinsights_sitenote_category":0},"product_brand":[],"product_cat":[19998,12388],"product_tag":[],"class_list":{"0":"post-777783","1":"product","2":"type-product","3":"status-publish","5":"product_cat-din-felsefesi","6":"product_cat-felsefe","7":"pa_tur-kitap","8":"pa_yayinevi-otuken-nesriyat","9":"pa_yazar-nadim-macit","11":"first","12":"instock","13":"sale","14":"shipping-taxable","15":"purchasable","16":"product-type-simple"},"_links":{"self":[{"href":"https:\/\/roveyayinevi.com.tr\/index.php\/wp-json\/wp\/v2\/product\/777783","targetHints":{"allow":["GET"]}}],"collection":[{"href":"https:\/\/roveyayinevi.com.tr\/index.php\/wp-json\/wp\/v2\/product"}],"about":[{"href":"https:\/\/roveyayinevi.com.tr\/index.php\/wp-json\/wp\/v2\/types\/product"}],"wp:attachment":[{"href":"https:\/\/roveyayinevi.com.tr\/index.php\/wp-json\/wp\/v2\/media?parent=777783"}],"wp:term":[{"taxonomy":"product_brand","embeddable":true,"href":"https:\/\/roveyayinevi.com.tr\/index.php\/wp-json\/wp\/v2\/product_brand?post=777783"},{"taxonomy":"product_cat","embeddable":true,"href":"https:\/\/roveyayinevi.com.tr\/index.php\/wp-json\/wp\/v2\/product_cat?post=777783"},{"taxonomy":"product_tag","embeddable":true,"href":"https:\/\/roveyayinevi.com.tr\/index.php\/wp-json\/wp\/v2\/product_tag?post=777783"}],"curies":[{"name":"wp","href":"https:\/\/api.w.org\/{rel}","templated":true}]}}