{"id":777781,"date":"2025-10-26T21:01:25","date_gmt":"2025-10-26T18:01:25","guid":{"rendered":"https:\/\/roveyayinevi.com.tr\/index.php\/urun\/imrali-gunlerinde-yilmaz-guney\/"},"modified":"2026-03-27T02:15:11","modified_gmt":"2026-03-26T23:15:11","slug":"imrali-gunlerinde-yilmaz-guney","status":"publish","type":"product","link":"https:\/\/roveyayinevi.com.tr\/index.php\/urun\/imrali-gunlerinde-yilmaz-guney\/","title":{"rendered":"\u0130mral\u0131 G\u00fcnlerinde Y\u0131lmaz G\u00fcney"},"content":{"rendered":"<p>\u201cYetemiyoruz&#8230; Hi\u00e7bir konuda ve alanda yetemiyoruz. Ama yetece\u011fiz. Yetmek zorunday\u0131z&#8230;  Burada ve orada, ac\u0131lar\u0131n binbir \u00e7e\u015fidini ya\u015fayarak ac\u0131lar\u0131 yenece\u011fiz. Yok ba\u015fka yolumuz. Dayanmak zorunday\u0131z.\u201d <\/p>\n","protected":false},"excerpt":{"rendered":"<p>\u201cYetemiyoruz&#8230; Hi\u00e7bir konuda ve alanda yetemiyoruz. Ama yetece\u011fiz. Yetmek zorunday\u0131z&#8230; Burada ve orada, ac\u0131lar\u0131n binbir \u00e7e\u015fidini ya\u015fayarak ac\u0131lar\u0131 yenece\u011fiz. Yok ba\u015fka yolumuz. Dayanmak zorunday\u0131z.\u201d<\/p>\n","protected":false},"featured_media":0,"template":"","meta":{"_monsterinsights_skip_tracking":false,"_monsterinsights_sitenote_active":false,"_monsterinsights_sitenote_note":"","_monsterinsights_sitenote_category":0},"product_brand":[],"product_cat":[12409,12408],"product_tag":[],"class_list":{"0":"post-777781","1":"product","2":"type-product","3":"status-publish","5":"product_cat-fotograf-sinema-tiyatro","6":"product_cat-sanat","7":"pa_tur-kitap","8":"pa_yayinevi-everest-yayinlari","9":"pa_yazar-nihat-behram","11":"first","12":"instock","13":"sale","14":"shipping-taxable","15":"purchasable","16":"product-type-simple"},"_links":{"self":[{"href":"https:\/\/roveyayinevi.com.tr\/index.php\/wp-json\/wp\/v2\/product\/777781","targetHints":{"allow":["GET"]}}],"collection":[{"href":"https:\/\/roveyayinevi.com.tr\/index.php\/wp-json\/wp\/v2\/product"}],"about":[{"href":"https:\/\/roveyayinevi.com.tr\/index.php\/wp-json\/wp\/v2\/types\/product"}],"wp:attachment":[{"href":"https:\/\/roveyayinevi.com.tr\/index.php\/wp-json\/wp\/v2\/media?parent=777781"}],"wp:term":[{"taxonomy":"product_brand","embeddable":true,"href":"https:\/\/roveyayinevi.com.tr\/index.php\/wp-json\/wp\/v2\/product_brand?post=777781"},{"taxonomy":"product_cat","embeddable":true,"href":"https:\/\/roveyayinevi.com.tr\/index.php\/wp-json\/wp\/v2\/product_cat?post=777781"},{"taxonomy":"product_tag","embeddable":true,"href":"https:\/\/roveyayinevi.com.tr\/index.php\/wp-json\/wp\/v2\/product_tag?post=777781"}],"curies":[{"name":"wp","href":"https:\/\/api.w.org\/{rel}","templated":true}]}}