{"id":777773,"date":"2025-10-26T20:19:20","date_gmt":"2025-10-26T17:19:20","guid":{"rendered":"https:\/\/roveyayinevi.com.tr\/index.php\/urun\/yasar-kemal-kendini-anlatiyor\/"},"modified":"2026-04-16T02:04:30","modified_gmt":"2026-04-15T23:04:30","slug":"yasar-kemal-kendini-anlatiyor","status":"publish","type":"product","link":"https:\/\/roveyayinevi.com.tr\/index.php\/urun\/yasar-kemal-kendini-anlatiyor\/","title":{"rendered":"Ya\u015far Kemal Kendini Anlat\u0131yor"},"content":{"rendered":"<p>Alain Bosquet, Ya\u015far Kemal ile 1957&#8217;de bir Amerikan dergisi i\u00e7in s\u00f6yle\u015fi yapmak amac\u0131yla tan\u0131\u015fm\u0131\u015ft\u0131. Tan\u0131\u015fmakla yetinmedi, Ya\u015far Kemal&#8217;i yak\u0131ndan tan\u0131d\u0131. 1984&#8217;e gelindi\u011finde, art\u0131k yak\u0131n dost oldu\u011fu Ya\u015far Kemal&#8217;in kendini anlatmas\u0131 fikri geli\u015fti aralar\u0131nda. Yaz\u0131\u015fmalarla y\u00fcr\u00fcyen bu b\u00fcy\u00fck s\u00f6yle\u015fi 1989&#8217;da tamamland\u0131. Ya\u015far Kemal Kendini Anlat\u0131yor&#8217;da Ya\u015far Kemal masals\u0131 \u00f6\u011felerle bezenmi\u015f \u00e7ocuklu\u011fundan Anadolu topraklar\u0131n\u0131n tarihine, demokrasisi kesintiye u\u011frayan bir \u00fclkede yazar, birey, insan olmaktan kendi ac\u0131lar\u0131na dek, kendini \u00fclkesiyle, insanlar\u0131yla, beslendi\u011fi kaynaklarla birlikte evrensel yazar\u0131 d\u00fcnya yazarlar\u0131 ve edebiyat hakk\u0131ndaki g\u00f6r\u00fc\u015flerini de \u00e7ekindemeden, a\u00e7\u0131k se\u00e7ik dile getiriyor. Nobel J\u00fcrisi&#8217;ne a\u00e7\u0131k mektup: Oyunuzu Ya\u015far Kemal&#8217;e verin. Bug\u00fcn size, neslinin ve \u00e7a\u011f\u0131n\u0131n en b\u00fcy\u00fck yazarlar\u0131ndan sayd\u0131\u011f\u0131m bir romanc\u0131dan s\u00f6z edece\u011fim. Ku\u015fkum yok ki ileride bir Thomas Mann, bir Nikos Kazancakis ya da bir Sinclair Lewis&#8217;le birlikte an\u0131lacakt\u0131r. \u00d6ylesine g\u00fc\u00e7l\u00fc, \u00f6ylesine inand\u0131r\u0131c\u0131b -Alain Bosquet, Le Quotidien de Paris \ufffc\ufffc<\/p>\n","protected":false},"excerpt":{"rendered":"<p>Alain Bosquet, Ya\u015far Kemal ile 1957&#8217;de bir Amerikan dergisi i\u00e7in s\u00f6yle\u015fi yapmak amac\u0131yla tan\u0131\u015fm\u0131\u015ft\u0131. Tan\u0131\u015fmakla yetinmedi, Ya\u015far Kemal&#8217;i yak\u0131ndan tan\u0131d\u0131. 1984&#8217;e gelindi\u011finde, art\u0131k yak\u0131n dost oldu\u011fu<span class=\"excerpt-hellip\"> [\u2026]<\/span><\/p>\n","protected":false},"featured_media":0,"template":"","meta":{"_monsterinsights_skip_tracking":false,"_monsterinsights_sitenote_active":false,"_monsterinsights_sitenote_note":"","_monsterinsights_sitenote_category":0},"product_brand":[],"product_cat":[14009,12291],"product_tag":[],"class_list":{"0":"post-777773","1":"product","2":"type-product","3":"status-publish","5":"product_cat-biyografi-otobiyografi-edebiyat","6":"product_cat-edebiyat","7":"pa_cilt-ciltsiz","8":"pa_tur-kitap","9":"pa_yayinevi-yapi-kredi-yayinlari","10":"pa_yazar-yasar-kemal","12":"first","13":"instock","14":"sale","15":"shipping-taxable","16":"purchasable","17":"product-type-simple"},"_links":{"self":[{"href":"https:\/\/roveyayinevi.com.tr\/index.php\/wp-json\/wp\/v2\/product\/777773","targetHints":{"allow":["GET"]}}],"collection":[{"href":"https:\/\/roveyayinevi.com.tr\/index.php\/wp-json\/wp\/v2\/product"}],"about":[{"href":"https:\/\/roveyayinevi.com.tr\/index.php\/wp-json\/wp\/v2\/types\/product"}],"wp:attachment":[{"href":"https:\/\/roveyayinevi.com.tr\/index.php\/wp-json\/wp\/v2\/media?parent=777773"}],"wp:term":[{"taxonomy":"product_brand","embeddable":true,"href":"https:\/\/roveyayinevi.com.tr\/index.php\/wp-json\/wp\/v2\/product_brand?post=777773"},{"taxonomy":"product_cat","embeddable":true,"href":"https:\/\/roveyayinevi.com.tr\/index.php\/wp-json\/wp\/v2\/product_cat?post=777773"},{"taxonomy":"product_tag","embeddable":true,"href":"https:\/\/roveyayinevi.com.tr\/index.php\/wp-json\/wp\/v2\/product_tag?post=777773"}],"curies":[{"name":"wp","href":"https:\/\/api.w.org\/{rel}","templated":true}]}}