{"id":777772,"date":"2025-10-26T20:07:58","date_gmt":"2025-10-26T17:07:58","guid":{"rendered":"https:\/\/roveyayinevi.com.tr\/index.php\/urun\/inci-2\/"},"modified":"2025-10-26T20:07:58","modified_gmt":"2025-10-26T17:07:58","slug":"inci-2","status":"publish","type":"product","link":"https:\/\/roveyayinevi.com.tr\/index.php\/urun\/inci-2\/","title":{"rendered":"\u0130nci"},"content":{"rendered":"<p>Pulitzer ve Nobel Edebiyat \u00d6d\u00fcl\u00fc\u2019ne lay\u0131k g\u00f6r\u00fclen John Steinbeck\u2019in \u00e7a\u011f\u0131m\u0131z\u0131n toplumsal ve insani meselelerini ustal\u0131kla resmetti\u011fi eserleri modern d\u00fcnya edebiyat\u0131n\u0131n ba\u015fyap\u0131tlar\u0131 aras\u0131nda yer al\u0131r. Tomris Uyar\u2019\u0131n sunu\u015f yaz\u0131s\u0131nda belirtti\u011fi gibi, &#8220;\u0130nsano\u011flunun umudunun, var olma direncinin seyreldi\u011fi bir tarih an\u0131nda olanca g\u00f6rkemiyle ger\u00e7ek umudun t\u00fcrk\u00fcs\u00fcn\u00fc s\u00f6ylemi\u015ftir. Tozpembe olmayan ger\u00e7ek\u00e7i bir umudun.&#8221; Bu nedenle eserleri edebi de\u011ferleri kadar g\u00fcncelliklerini de hi\u00e7 yitirmemi\u015ftir.Bir Meksika halk hik\u00e2yesinden esinlenmi\u015f \u0130nci, bir zamanlar \u0130spanya Kral\u0131\u2019na b\u00fcy\u00fck zenginlikler getiren bir koyda ya\u015fayan fakir bir inci avc\u0131s\u0131n\u0131n, Kino\u2019nun ve ailesinin hik\u00e2yesini anlat\u0131r. Kino\u2019nun \u00e7ocu\u011funu kurtarmak umuduyla dald\u0131\u011f\u0131 denizden \u00e7\u0131kard\u0131\u011f\u0131 e\u015fi benzeri g\u00f6r\u00fclmemi\u015f inci, yaln\u0131zca umut de\u011fil y\u0131k\u0131m da getirecektir. \u0130ncinin \u00f6z\u00fc insanlar\u0131n \u00f6z\u00fcne; Kino\u2019nun kulaklar\u0131nda \u00e7\u0131nlayan ve kasabaya yay\u0131lan \u0130ncinin T\u00fcrk\u00fcs\u00fc, ailenin, k\u00f6t\u00fcl\u00fc\u011f\u00fcn, umudun ve d\u00fc\u015fmanl\u0131\u011f\u0131n t\u00fcrk\u00fcs\u00fcne kar\u0131\u015facakt\u0131r. Steinbeck, Kino\u2019nun derinliklerden s\u00f6k\u00fcp \u00e7\u0131kard\u0131\u011f\u0131 inci ile i\u00e7inde ya\u015fad\u0131\u011f\u0131m\u0131z d\u00fcnyaya ve insan\u0131n dram\u0131na \u0131\u015f\u0131k tutuyor. \ufffc<\/p>\n","protected":false},"excerpt":{"rendered":"<p>Pulitzer ve Nobel Edebiyat \u00d6d\u00fcl\u00fc\u2019ne lay\u0131k g\u00f6r\u00fclen John Steinbeck\u2019in \u00e7a\u011f\u0131m\u0131z\u0131n toplumsal ve insani meselelerini ustal\u0131kla resmetti\u011fi eserleri modern d\u00fcnya edebiyat\u0131n\u0131n ba\u015fyap\u0131tlar\u0131 aras\u0131nda yer al\u0131r. Tomris Uyar\u2019\u0131n<span class=\"excerpt-hellip\"> [\u2026]<\/span><\/p>\n","protected":false},"featured_media":0,"template":"","meta":{"_monsterinsights_skip_tracking":false,"_monsterinsights_sitenote_active":false,"_monsterinsights_sitenote_note":"","_monsterinsights_sitenote_category":0},"product_brand":[],"product_cat":[12891,12291],"product_tag":[],"class_list":{"0":"post-777772","1":"product","2":"type-product","3":"status-publish","5":"product_cat-amerikan-edebiyati","6":"product_cat-edebiyat","7":"pa_cilt-ciltsiz","8":"pa_tur-kitap","9":"pa_yayinevi-sel-yayincilik","10":"pa_yazar-john-steinbeck","12":"first","13":"instock","14":"sale","15":"shipping-taxable","16":"purchasable","17":"product-type-simple"},"_links":{"self":[{"href":"https:\/\/roveyayinevi.com.tr\/index.php\/wp-json\/wp\/v2\/product\/777772","targetHints":{"allow":["GET"]}}],"collection":[{"href":"https:\/\/roveyayinevi.com.tr\/index.php\/wp-json\/wp\/v2\/product"}],"about":[{"href":"https:\/\/roveyayinevi.com.tr\/index.php\/wp-json\/wp\/v2\/types\/product"}],"wp:attachment":[{"href":"https:\/\/roveyayinevi.com.tr\/index.php\/wp-json\/wp\/v2\/media?parent=777772"}],"wp:term":[{"taxonomy":"product_brand","embeddable":true,"href":"https:\/\/roveyayinevi.com.tr\/index.php\/wp-json\/wp\/v2\/product_brand?post=777772"},{"taxonomy":"product_cat","embeddable":true,"href":"https:\/\/roveyayinevi.com.tr\/index.php\/wp-json\/wp\/v2\/product_cat?post=777772"},{"taxonomy":"product_tag","embeddable":true,"href":"https:\/\/roveyayinevi.com.tr\/index.php\/wp-json\/wp\/v2\/product_tag?post=777772"}],"curies":[{"name":"wp","href":"https:\/\/api.w.org\/{rel}","templated":true}]}}