{"id":777771,"date":"2025-10-26T20:05:47","date_gmt":"2025-10-26T17:05:47","guid":{"rendered":"https:\/\/roveyayinevi.com.tr\/index.php\/urun\/bir-millet-mistigi-ziya-nur-aksun\/"},"modified":"2026-04-16T02:02:09","modified_gmt":"2026-04-15T23:02:09","slug":"bir-millet-mistigi-ziya-nur-aksun","status":"publish","type":"product","link":"https:\/\/roveyayinevi.com.tr\/index.php\/urun\/bir-millet-mistigi-ziya-nur-aksun\/","title":{"rendered":"Bir Millet Misti\u011fi: Ziya Nur Aksun"},"content":{"rendered":"<p>Osmanl\u0131 ruhunu hakk\u0131yla kavramaya ve o ruhtan hareketle milletimizi yeniden \u015faha kald\u0131rmaya \u00f6mr\u00fcn\u00fc adam\u0131\u015f ger\u00e7ek bir millet misti\u011fiydi Ziya Nur Aksun. Yay\u0131nevimizden \u00e7\u0131kan onun alt\u0131 ciltlik  Osmanl\u0131 Tarihi  eseri gibi Osmanl\u0131 Cihan Devleti\u2019ni hak etti\u011fi yere oturtan bir tarih h\u00e2l\u00e2 yaz\u0131lamam\u0131\u015ft\u0131r. Elinizdeki kitap, yar\u0131nlara y\u00f6n vermek isteyen gen\u00e7lerimizin ve b\u00fct\u00fcn ayd\u0131nlar\u0131m\u0131z\u0131n yakinen bilmesi gereken \u00e2bide bir \u015fahsiyeti ve hakik\u00ee bir tarih felsefecisini b\u00fct\u00fcn y\u00f6nleriyle tan\u0131t\u0131yor. Ziya Nur Aksun\u2019u tan\u0131mam\u0131za yarayacak birka\u00e7 c\u00fcmlesi: Asl\u0131nda bir devleti 600 k\u00fcsur sene ayakta tutan sebepler ara\u015ft\u0131r\u0131lmal\u0131 ve ortaya konulmal\u0131. E\u011fer onlar\u0131n dayand\u0131klar\u0131 \u015feyler faydal\u0131 ise yine uygulanmal\u0131. Menfi \u015feyler \u00fczerinde fikir y\u00fcr\u00fctmek kolayd\u0131r; as\u0131l \u00f6nemli olan olumlu \u015feyler yapabilmektir. Bat\u0131l\u0131n\u0131n biri,  B\u00fcy\u00fck imparatorluklar \u00f6lmez, intihar eder!  diyordu ki, \u00e7ok do\u011fru ve enteresan bir tespittir. Asl\u0131nda bizi de intihara te\u015febb\u00fcs ettirmi\u015flerdir. Bat\u0131l\u0131lar\u0131n, Hristiyanlar\u0131n sopayla, ya\u011fma ile \u00e7apulla girdikleri yerlere biz medeniyet g\u00f6t\u00fcrm\u00fc\u015f\u00fcz! S\u0131rplar, Bulgarlar, Arnavutlar h\u00e2l\u00e2  Siz gittiniz, huzur gitti!  diyorlar.  Asl\u0131nda bu, muhte\u015fem imparatorlu\u011fun madde plan\u0131nda yok edildi\u011fi halde, kafa ve kalplerde h\u00e2l\u00e2 ya\u015fad\u0131\u011f\u0131n\u0131n bir ispat\u0131d\u0131r. H\u00e2l\u00e2 s\u00f6k\u00fcl\u00fcp at\u0131lamam\u0131\u015ft\u0131r; ortada olan bir v\u00e2k\u0131a bu&#8230;  Osmanl\u0131 padi\u015fahlar\u0131na  deli  s\u0131fat\u0131 Tanzimat\u00e7\u0131lar\u0131n hediyesidir; bu s\u0131rf H\u00e2ned\u00e2na kara \u00e7almak i\u00e7indir. A\u00e7\u0131n Tanzimat\u2019tan \u00f6nceki tarihleri, hi\u00e7 birinde bu gibi s\u0131fatlara rastlamazs\u0131n\u0131z. <\/p>\n","protected":false},"excerpt":{"rendered":"<p>Osmanl\u0131 ruhunu hakk\u0131yla kavramaya ve o ruhtan hareketle milletimizi yeniden \u015faha kald\u0131rmaya \u00f6mr\u00fcn\u00fc adam\u0131\u015f ger\u00e7ek bir millet misti\u011fiydi Ziya Nur Aksun. Yay\u0131nevimizden \u00e7\u0131kan onun alt\u0131 ciltlik<span class=\"excerpt-hellip\"> [\u2026]<\/span><\/p>\n","protected":false},"featured_media":0,"template":"","meta":{"_monsterinsights_skip_tracking":false,"_monsterinsights_sitenote_active":false,"_monsterinsights_sitenote_note":"","_monsterinsights_sitenote_category":0},"product_brand":[],"product_cat":[12365,12364],"product_tag":[],"class_list":{"0":"post-777771","1":"product","2":"type-product","3":"status-publish","5":"product_cat-diger-genel-konular","6":"product_cat-genel-konular","7":"pa_tur-kitap","8":"pa_yayinevi-otuken-nesriyat","9":"pa_yazar-belma-aksun","11":"first","12":"instock","13":"sale","14":"shipping-taxable","15":"purchasable","16":"product-type-simple"},"_links":{"self":[{"href":"https:\/\/roveyayinevi.com.tr\/index.php\/wp-json\/wp\/v2\/product\/777771","targetHints":{"allow":["GET"]}}],"collection":[{"href":"https:\/\/roveyayinevi.com.tr\/index.php\/wp-json\/wp\/v2\/product"}],"about":[{"href":"https:\/\/roveyayinevi.com.tr\/index.php\/wp-json\/wp\/v2\/types\/product"}],"wp:attachment":[{"href":"https:\/\/roveyayinevi.com.tr\/index.php\/wp-json\/wp\/v2\/media?parent=777771"}],"wp:term":[{"taxonomy":"product_brand","embeddable":true,"href":"https:\/\/roveyayinevi.com.tr\/index.php\/wp-json\/wp\/v2\/product_brand?post=777771"},{"taxonomy":"product_cat","embeddable":true,"href":"https:\/\/roveyayinevi.com.tr\/index.php\/wp-json\/wp\/v2\/product_cat?post=777771"},{"taxonomy":"product_tag","embeddable":true,"href":"https:\/\/roveyayinevi.com.tr\/index.php\/wp-json\/wp\/v2\/product_tag?post=777771"}],"curies":[{"name":"wp","href":"https:\/\/api.w.org\/{rel}","templated":true}]}}