{"id":777770,"date":"2025-10-26T19:56:03","date_gmt":"2025-10-26T16:56:03","guid":{"rendered":"https:\/\/roveyayinevi.com.tr\/index.php\/urun\/kirk-ambar-2\/"},"modified":"2026-04-16T02:00:14","modified_gmt":"2026-04-15T23:00:14","slug":"kirk-ambar-2","status":"publish","type":"product","link":"https:\/\/roveyayinevi.com.tr\/index.php\/urun\/kirk-ambar-2\/","title":{"rendered":"K\u0131rk Ambar"},"content":{"rendered":"<p>A\u015fk ve sevgi&#8230; Tecellisi g\u00f6n\u00fclde beliren , g\u00f6nl\u00fc muhatap alan duygular.. Belki biri di\u011ferinin vas\u0131tas\u0131, di\u011feri \u00f6tekinin hedefi. As\u0131l hedefe giden yolda k\u00e2h temrin, k\u00e2h oyalan\u0131p aldanma&#8230; A\u015fk ve sevgi&#8230; \u0130\u00e7inde muhabbet, al\u00e2ka, yak\u0131nl\u0131k, dostluk, m\u00fcveddet, m\u00fcr\u00fcvvet ve daha pek \u00e7ok insani hasletlerin gizlendi\u011fi d\u00fcnya&#8230; Bazen \u015fefkatin, bazen himayenin, bazen merhametin ad\u0131. \u0130l\u00e2h\u00ee anlamda yaln\u0131zca bir hedefe, Sevgili\u2019ye bakmak, be\u015fer\u00ee anlamda ise ayn\u0131 hedefe birlikte bakmak&#8230; \u0130skender Pala, kendine \u00f6zg\u00fc \u00fcslubuyla a\u015fk\u0131, hasreti, g\u00fczeli, \u015fiiri, \u015fairi, ge\u00e7mi\u015fi ve gelece\u011fi, k\u0131sacas\u0131 bizi anlat\u0131yor ve okuyucuyu zaman i\u00e7inde harmanlan\u0131p demlenmi\u015f hik\u00e2yelerle bulu\u015fturuyor. <\/p>\n","protected":false},"excerpt":{"rendered":"<p>A\u015fk ve sevgi&#8230; Tecellisi g\u00f6n\u00fclde beliren , g\u00f6nl\u00fc muhatap alan duygular.. Belki biri di\u011ferinin vas\u0131tas\u0131, di\u011feri \u00f6tekinin hedefi. As\u0131l hedefe giden yolda k\u00e2h temrin, k\u00e2h oyalan\u0131p<span class=\"excerpt-hellip\"> [\u2026]<\/span><\/p>\n","protected":false},"featured_media":0,"template":"","meta":{"_monsterinsights_skip_tracking":false,"_monsterinsights_sitenote_active":false,"_monsterinsights_sitenote_note":"","_monsterinsights_sitenote_category":0},"product_brand":[],"product_cat":[12777,12291],"product_tag":[],"class_list":{"0":"post-777770","1":"product","2":"type-product","3":"status-publish","5":"product_cat-deneme","6":"product_cat-edebiyat","7":"pa_tur-kitap","8":"pa_yayinevi-kapi-yayinlari","9":"pa_yazar-iskender-pala","11":"first","12":"instock","13":"sale","14":"shipping-taxable","15":"purchasable","16":"product-type-simple"},"_links":{"self":[{"href":"https:\/\/roveyayinevi.com.tr\/index.php\/wp-json\/wp\/v2\/product\/777770","targetHints":{"allow":["GET"]}}],"collection":[{"href":"https:\/\/roveyayinevi.com.tr\/index.php\/wp-json\/wp\/v2\/product"}],"about":[{"href":"https:\/\/roveyayinevi.com.tr\/index.php\/wp-json\/wp\/v2\/types\/product"}],"wp:attachment":[{"href":"https:\/\/roveyayinevi.com.tr\/index.php\/wp-json\/wp\/v2\/media?parent=777770"}],"wp:term":[{"taxonomy":"product_brand","embeddable":true,"href":"https:\/\/roveyayinevi.com.tr\/index.php\/wp-json\/wp\/v2\/product_brand?post=777770"},{"taxonomy":"product_cat","embeddable":true,"href":"https:\/\/roveyayinevi.com.tr\/index.php\/wp-json\/wp\/v2\/product_cat?post=777770"},{"taxonomy":"product_tag","embeddable":true,"href":"https:\/\/roveyayinevi.com.tr\/index.php\/wp-json\/wp\/v2\/product_tag?post=777770"}],"curies":[{"name":"wp","href":"https:\/\/api.w.org\/{rel}","templated":true}]}}