{"id":777763,"date":"2025-10-23T12:09:20","date_gmt":"2025-10-23T09:09:20","guid":{"rendered":"https:\/\/roveyayinevi.com.tr\/index.php\/urun\/dunyanin-en-sikici-olmayan-okulu-2-gizli-sinif\/"},"modified":"2026-04-15T03:43:35","modified_gmt":"2026-04-15T00:43:35","slug":"dunyanin-en-sikici-olmayan-okulu-2-gizli-sinif","status":"publish","type":"product","link":"https:\/\/roveyayinevi.com.tr\/index.php\/urun\/dunyanin-en-sikici-olmayan-okulu-2-gizli-sinif\/","title":{"rendered":"D\u00fcnyan\u0131n En S\u0131k\u0131c\u0131 (Olmayan) Okulu 2-Gizli S\u0131n\u0131f"},"content":{"rendered":"<p>Buras\u0131 d\u00fcnyan\u0131n en s\u0131k\u0131c\u0131 (olmayan) okulu. Ve Maksimilyan \u015eakac\u0131kral&#8217;\u0131n gizli bir g\u00f6revi var. S\u0131k\u0131c\u0131l\u0131kla M\u00fccadele Kurumu bu g\u00f6rev i\u00e7in onu uygun g\u00f6rm\u00fc\u015f; belki c\u00fcretk\u00e2rl\u0131\u011f\u0131ndan, belki de ge\u00e7enlerde gittikleri okul gezisinde s\u0131n\u0131f arkada\u015flar\u0131yla ba\u011flar\u0131n\u0131n g\u00fc\u00e7lenmesinden \u00f6t\u00fcr\u00fc. (D\u00fcnyan\u0131n En S\u0131k\u0131c\u0131 Olmayan Okulu, B\u00f6l\u00fcm 1: Okul Gezisi)   Maksimilyan bu sefer de Vasatbey Okulu\u2019nda bir yerlerde sakl\u0131 olan \u201cgizli s\u0131n\u0131f\u201d\u0131 bulmak zorunda. Ama bunu tek ba\u015f\u0131na yapmas\u0131 m\u00fcmk\u00fcn de\u011fil, okul y\u00f6netmeli\u011fine h\u00e2kim birinden yard\u0131m almas\u0131 \u015fart, yani Frida Keyfikarar\u2019dan.   Maksi kendisine emanet edilen gizli g\u00f6rev mektubunu okuduktan sonra mektup kendini imha eder ancak bu imha i\u015flemi s\u0131ras\u0131nda bir \u015feyler ters gider ve Bay M\u00fcller\u2019in bah\u00e7e kul\u00fcbesi alev al\u0131r. Kimselere g\u00f6r\u00fcnmeden kendini kom\u015fusu Frida\u2019n\u0131n evine zor atar. Bu gizli s\u0131n\u0131f\u0131 bulabilecek biri varsa o da Frida\u2019d\u0131r. Ancak Frida\u2019n\u0131n s\u0131n\u0131ftan haberi yoktur ve kafas\u0131nda ba\u015fka bir plan vard\u0131r: Okul m\u00fcd\u00fcr\u00fc Vasat Tiran\u2019\u0131 cezaland\u0131rmak. B\u00f6ylece Maksi ve Frida birbirlerine yard\u0131mc\u0131 olma konusunda anla\u015f\u0131rlar.   Frida, Maksi gizli s\u0131n\u0131f\u0131 rahat\u00e7a arayabilsin diye Bayan Penne\u2019nin dersini sabote eder. Bu esnada Maksi okulda gezinen dedektiflerin pe\u015fine d\u00fc\u015fer ancak s\u0131n\u0131f\u0131 bir t\u00fcrl\u00fc bulamaz.   Bu s\u0131rada okulu su bast\u0131\u011f\u0131 i\u00e7in t\u00fcm s\u0131n\u0131fa sular\u0131 temizleme g\u00f6revi verilir. Maksi ve Frida bir yolunu bulup arkada\u015flar\u0131yla gizli s\u0131n\u0131f\u0131 aramaya koyulur. Ama \u00f6nce M\u00fcd\u00fcr Vasat Tiran\u2019\u0131n odas\u0131ndan ge\u00e7mek, sonra da eskiden bir hapishane olan okulun gizli dehlizlerinden yollar\u0131n\u0131 bulup kimse anlamadan s\u0131n\u0131flar\u0131na d\u00f6nmek zorundad\u0131rlar.   Sabrina J. Kirschner\u2019\u0131n yazd\u0131\u011f\u0131, Monika Parciak\u2019\u0131n resimledi\u011fi serinin ikinci kitab\u0131nda Maksi ve arkada\u015flar\u0131 kendilerini gizli bir labirentin i\u00e7inde ve e\u011flencenin tam ortas\u0131nda buluveriyor.   ***S\u0131k\u0131nt\u0131 \u00e7anlar\u0131 yeniden \u00e7al\u0131yor!Vasatbey Okulu\u2019nda i\u015fler hi\u00e7 de yolunda gitmiyor. Kurallar kitab\u0131 her ge\u00e7en g\u00fcn kal\u0131nla\u015f\u0131yor, M\u00fcd\u00fcr Bey panik i\u00e7inde dola\u015f\u0131yor. Ama bekle! Spor salonunda patlayan bir sa\u011fl\u0131k topu mu dedin? Duvarlarda a\u00e7\u0131lan gizemli bir delik de neyin nesi? Maksimilyan \u201cMaksi\u201d \u015eakac\u0131kral bu kez \u00e7ok gizli bir g\u00f6revle kar\u015f\u0131 kar\u015f\u0131ya: Gece yar\u0131s\u0131, s\u0131n\u0131f arkada\u015flar\u0131n\u0131 da al\u0131p \u201cGizli S\u0131n\u0131f\u201d\u0131 bulmak zorunda! Tabii yan\u0131nda \u015f\u00fcpheci Frida, kekeleyen Paskal, m\u0131zm\u0131z Suzi ve daha bir\u00e7ok tuhaf karakter de var. M\u00fcd\u00fcr Vasat Bey\u2019in bask\u0131s\u0131, ajan gibi dola\u015fan gizemli adam\u0131n g\u00f6lgesi ve s\u00fcrekli ba\u015flar\u0131n\u0131 belaya sokan kurallar i\u015flerini hi\u00e7 kolayla\u015ft\u0131rm\u0131yor. Maksi\u2019nin d\u00e2hiyane fikirleri i\u015fin i\u00e7ine girince, s\u0131k\u0131c\u0131l\u0131kla m\u00fccadele tam gaz devam ediyor! Haz\u0131r ol! Bu e\u011flenceli macerada s\u0131rlar a\u00e7\u0131\u011fa \u00e7\u0131k\u0131yor, kurallar y\u0131k\u0131l\u0131yor ve kahkahalara engel olmak imk\u00e2ns\u0131z h\u00e2le geliyor.   M\u00fcfredat temalar\u0131:    DOSTLUK, SEVG\u0130, YARDIMSEVERL\u0130K, E\u011eLENCE, M\u0130ZAH <\/p>\n","protected":false},"excerpt":{"rendered":"<p>Buras\u0131 d\u00fcnyan\u0131n en s\u0131k\u0131c\u0131 (olmayan) okulu. Ve Maksimilyan \u015eakac\u0131kral&#8217;\u0131n gizli bir g\u00f6revi var. S\u0131k\u0131c\u0131l\u0131kla M\u00fccadele Kurumu bu g\u00f6rev i\u00e7in onu uygun g\u00f6rm\u00fc\u015f; belki c\u00fcretk\u00e2rl\u0131\u011f\u0131ndan, belki de<span class=\"excerpt-hellip\"> [\u2026]<\/span><\/p>\n","protected":false},"featured_media":0,"template":"","meta":{"_monsterinsights_skip_tracking":false,"_monsterinsights_sitenote_active":false,"_monsterinsights_sitenote_note":"","_monsterinsights_sitenote_category":0},"product_brand":[],"product_cat":[12274,12284],"product_tag":[],"class_list":{"0":"post-777763","1":"product","2":"type-product","3":"status-publish","5":"product_cat-cocuk-ve-genclik-kitaplari","6":"product_cat-hikayeler","7":"pa_cilt-ciltsiz","8":"pa_tur-kitap","9":"pa_yayinevi-kronik-kitap","10":"pa_yazar-sabrina-j-krischer","12":"first","13":"instock","14":"sale","15":"shipping-taxable","16":"purchasable","17":"product-type-simple"},"_links":{"self":[{"href":"https:\/\/roveyayinevi.com.tr\/index.php\/wp-json\/wp\/v2\/product\/777763","targetHints":{"allow":["GET"]}}],"collection":[{"href":"https:\/\/roveyayinevi.com.tr\/index.php\/wp-json\/wp\/v2\/product"}],"about":[{"href":"https:\/\/roveyayinevi.com.tr\/index.php\/wp-json\/wp\/v2\/types\/product"}],"wp:attachment":[{"href":"https:\/\/roveyayinevi.com.tr\/index.php\/wp-json\/wp\/v2\/media?parent=777763"}],"wp:term":[{"taxonomy":"product_brand","embeddable":true,"href":"https:\/\/roveyayinevi.com.tr\/index.php\/wp-json\/wp\/v2\/product_brand?post=777763"},{"taxonomy":"product_cat","embeddable":true,"href":"https:\/\/roveyayinevi.com.tr\/index.php\/wp-json\/wp\/v2\/product_cat?post=777763"},{"taxonomy":"product_tag","embeddable":true,"href":"https:\/\/roveyayinevi.com.tr\/index.php\/wp-json\/wp\/v2\/product_tag?post=777763"}],"curies":[{"name":"wp","href":"https:\/\/api.w.org\/{rel}","templated":true}]}}