{"id":777759,"date":"2025-10-23T12:09:13","date_gmt":"2025-10-23T09:09:13","guid":{"rendered":"https:\/\/roveyayinevi.com.tr\/index.php\/urun\/kizil-yildiz-2\/"},"modified":"2026-04-15T03:43:35","modified_gmt":"2026-04-15T00:43:35","slug":"kizil-yildiz-2","status":"publish","type":"product","link":"https:\/\/roveyayinevi.com.tr\/index.php\/urun\/kizil-yildiz-2\/","title":{"rendered":"K\u0131z\u0131l Y\u0131ld\u0131z"},"content":{"rendered":"<p>\u201cYazarlar\u0131n belirtti\u011fi gibi \u201cA\u015f\u0131r\u0131l\u0131klar \u00c7a\u011f\u0131 olarak da bilinen k\u0131sa Yirminci Y\u00fczy\u0131l\u2019\u0131n en \u00f6nemli akt\u00f6rlerinden biri olan Sovyetler Birli\u011fi\u201dnin tarihini anlatan bu kitap tarih\u00e7iler i\u00e7in \u00f6nemli bir kaynak olu\u015fturmaktad\u0131r. Sovyetler Birli\u011fi tarihi \u00fczerine T\u00fcrk\u00e7e yaz\u0131lan ilk kapsaml\u0131 eser olan \u201cK\u0131z\u0131l Y\u0131ld\u0131z\u201d sadece Sovyet uzmanlar\u0131n\u0131n de\u011fil 20. Y\u00fczy\u0131l ile ilgilenen herkesin referans kayna\u011f\u0131 olacak niteliktedir.\u201d Prof. Dr. Dilek Barlas, Ko\u00e7 \u00dcniversitesi   ***   \u201cOnur \u0130\u015f\u00e7i ve Samuel J. Hirst, K\u0131z\u0131l Y\u0131ld\u0131z\u2019da okuyucuyu ilham verici bir yolculu\u011fa \u00e7\u0131kar\u0131yor. Sovyetler Birli\u011fi tarihini kuru bir siyasi tarih anlat\u0131s\u0131ndan \u00e7\u0131karan bu kitap, hem Sovyetler Birli\u011fi tarihini kronolojik bir \u00e7er\u00e7eve i\u00e7inde \u00f6\u011frenmek hem de hissetmek isteyenlerin ba\u015fucu eseri olacak ve So\u011fuk Sava\u015f ve D\u00fcnya tarihi ile ilgilenenlerin ve \u00f6\u011frencilerin de vazge\u00e7ilmezleri aras\u0131nda yerini alacakt\u0131r.\u201d Prof. Dr. Ebru Boyar, Orta Do\u011fu Teknik \u00dcniversitesi   ***   \u201cAr\u015fiv belgeleri, edebiyat eserleri ve d\u00f6nem tan\u0131kl\u0131klar\u0131ndan yararlanarak Sovyetler Birli\u011fi\u2019ni yaln\u0131zca bir s\u00fcper g\u00fc\u00e7 olarak de\u011fil, milyonlarca insan\u0131n g\u00fcndelik hayat\u0131yla birlikte inceleyen K\u0131z\u0131l Y\u0131ld\u0131z, hem akademisyenler i\u00e7in g\u00fcvenilir bir kaynak, hem de tarihseverler keyifli ve s\u00fcr\u00fckleyici bir kitap.\u201d Prof. Dr. Emrah Safa G\u00fcrkan   ***   K\u0131z\u0131l Y\u0131ld\u0131z, Lenin\u2019den Stalin\u2019e, Kru\u015f\u00e7ev\u2019den Gorba\u00e7ov\u2019a kadar uzanan d\u00f6nemde yaln\u0131zca liderlerin kararlar\u0131n\u0131 de\u011fil, s\u0131radan insanlar\u0131n umutlar\u0131n\u0131, korkular\u0131n\u0131 ve al\u0131\u015fkanl\u0131klar\u0131n\u0131 da g\u00f6zler \u00f6n\u00fcne seriyor. A\u00e7l\u0131kla m\u00fccadele eden k\u00f6yl\u00fclerden Sputnik\u2019in g\u00f6ky\u00fcz\u00fcndeki par\u0131lt\u0131s\u0131na, kolektif \u00e7iftliklerden So\u011fuk Sava\u015f\u2019\u0131n kritik d\u00f6neme\u00e7lerine uzanan bir tablo \u00e7iziliyor. Bu yakla\u015f\u0131m, \u201cb\u00fcy\u00fck tarih\u201d ile \u201ck\u00fc\u00e7\u00fck hayatlar\u201d aras\u0131ndaki ba\u011f\u0131 yakal\u0131yor. <\/p>\n","protected":false},"excerpt":{"rendered":"<p>\u201cYazarlar\u0131n belirtti\u011fi gibi \u201cA\u015f\u0131r\u0131l\u0131klar \u00c7a\u011f\u0131 olarak da bilinen k\u0131sa Yirminci Y\u00fczy\u0131l\u2019\u0131n en \u00f6nemli akt\u00f6rlerinden biri olan Sovyetler Birli\u011fi\u201dnin tarihini anlatan bu kitap tarih\u00e7iler i\u00e7in \u00f6nemli bir<span class=\"excerpt-hellip\"> [\u2026]<\/span><\/p>\n","protected":false},"featured_media":0,"template":"","meta":{"_monsterinsights_skip_tracking":false,"_monsterinsights_sitenote_active":false,"_monsterinsights_sitenote_note":"","_monsterinsights_sitenote_category":0},"product_brand":[],"product_cat":[12305,12304],"product_tag":[],"class_list":{"0":"post-777759","1":"product","2":"type-product","3":"status-publish","5":"product_cat-dunya-tarihi","6":"product_cat-tarih","7":"pa_cilt-ciltsiz","8":"pa_tur-kitap","9":"pa_yayinevi-kronik-kitap","10":"pa_yazar-onur-isci-samuel-j-hirst","12":"first","13":"instock","14":"sale","15":"shipping-taxable","16":"purchasable","17":"product-type-simple"},"_links":{"self":[{"href":"https:\/\/roveyayinevi.com.tr\/index.php\/wp-json\/wp\/v2\/product\/777759","targetHints":{"allow":["GET"]}}],"collection":[{"href":"https:\/\/roveyayinevi.com.tr\/index.php\/wp-json\/wp\/v2\/product"}],"about":[{"href":"https:\/\/roveyayinevi.com.tr\/index.php\/wp-json\/wp\/v2\/types\/product"}],"wp:attachment":[{"href":"https:\/\/roveyayinevi.com.tr\/index.php\/wp-json\/wp\/v2\/media?parent=777759"}],"wp:term":[{"taxonomy":"product_brand","embeddable":true,"href":"https:\/\/roveyayinevi.com.tr\/index.php\/wp-json\/wp\/v2\/product_brand?post=777759"},{"taxonomy":"product_cat","embeddable":true,"href":"https:\/\/roveyayinevi.com.tr\/index.php\/wp-json\/wp\/v2\/product_cat?post=777759"},{"taxonomy":"product_tag","embeddable":true,"href":"https:\/\/roveyayinevi.com.tr\/index.php\/wp-json\/wp\/v2\/product_tag?post=777759"}],"curies":[{"name":"wp","href":"https:\/\/api.w.org\/{rel}","templated":true}]}}