{"id":777758,"date":"2025-10-23T12:09:12","date_gmt":"2025-10-23T09:09:12","guid":{"rendered":"https:\/\/roveyayinevi.com.tr\/index.php\/urun\/ekonomi-101-2\/"},"modified":"2026-04-15T03:43:35","modified_gmt":"2026-04-15T00:43:35","slug":"ekonomi-101-2","status":"publish","type":"product","link":"https:\/\/roveyayinevi.com.tr\/index.php\/urun\/ekonomi-101-2\/","title":{"rendered":"Ekonomi 101"},"content":{"rendered":"<p>\u2022          Dolar neden y\u00fckselir? \u2022          Enflasyon ni\u00e7in d\u00fc\u015fmez? \u2022          Krizleri \u00f6nceden \u00f6ng\u00f6rmek m\u00fcmk\u00fcn m\u00fcd\u00fcr? \u2022          Tasarruf ve yat\u0131r\u0131m aras\u0131ndaki denge nas\u0131l kurulur? \u2022          Ekonomi yaln\u0131zca uzmanlar\u0131n anlayabilece\u011fi karma\u015f\u0131k bir alan m\u0131d\u0131r? T\u00fcrkiye\u2019de ekonomi denince akla gelen iki isim, Mahfi E\u011filmez ve Servet Y\u0131ld\u0131r\u0131m, y\u0131llard\u0131r ekranlarda s\u00fcrd\u00fcrd\u00fckleri ekonomi sohbetlerini Ekonomi 101 ile bu kez sayfalara ta\u015f\u0131yor. G\u00fcncel olaylardan yola \u00e7\u0131karak, teoriyi prati\u011fe; kavramlar\u0131, ya\u015fanan geli\u015fmelere ba\u011flayan bu kitapta, okuruna yaln\u0131zca ekonomik s\u00fcre\u00e7leri de\u011fil, ayn\u0131 zamanda onlar\u0131n arka plan\u0131ndaki mant\u0131\u011f\u0131 da sunuyor. S\u0131k\u0131c\u0131 form\u00fcllerden ve karma\u015f\u0131k terimlerden uzak; ak\u0131c\u0131, anla\u015f\u0131l\u0131r ve g\u00fcndelik hayatla i\u00e7 i\u00e7e bir anlat\u0131m\u2026 Mahfi E\u011filmez ve Servet Y\u0131ld\u0131r\u0131m, \u00e7o\u011fu zaman karma\u015f\u0131k ve s\u0131k\u0131c\u0131 gibi g\u00f6r\u00fcnen ekonomi konular\u0131n\u0131 herkesin rahatl\u0131kla takip edebilece\u011fi bir dille aktar\u0131rken ayn\u0131 zamanda d\u00fc\u015f\u00fcnmeye te\u015fvik ediyor. \u0130ster ekonomi e\u011fitimi al\u0131yor olun, ister yaln\u0131zca olup biteni anlamak isteyen bir merakl\u0131; elinizdeki kitap size yeni bak\u0131\u015f a\u00e7\u0131lar\u0131 kazand\u0131racak bir ba\u015fvuru kayna\u011f\u0131 olacak. Ekonomi 101: Kavramlar, Sorunlar ve \u00c7\u00f6z\u00fcmler, g\u00fcndelik tart\u0131\u015fmalardan k\u00fcresel geli\u015fmelere kadar uzanan geni\u015f bir yelpazede, keyifli bir yolculu\u011fa davet ediyor.<\/p>\n","protected":false},"excerpt":{"rendered":"<p>\u2022 Dolar neden y\u00fckselir? \u2022 Enflasyon ni\u00e7in d\u00fc\u015fmez? \u2022 Krizleri \u00f6nceden \u00f6ng\u00f6rmek m\u00fcmk\u00fcn m\u00fcd\u00fcr? \u2022 Tasarruf ve yat\u0131r\u0131m aras\u0131ndaki denge nas\u0131l kurulur? \u2022 Ekonomi yaln\u0131zca uzmanlar\u0131n<span class=\"excerpt-hellip\"> [\u2026]<\/span><\/p>\n","protected":false},"featured_media":0,"template":"","meta":{"_monsterinsights_skip_tracking":false,"_monsterinsights_sitenote_active":false,"_monsterinsights_sitenote_note":"","_monsterinsights_sitenote_category":0},"product_brand":[],"product_cat":[13043,17647],"product_tag":[],"class_list":{"0":"post-777758","1":"product","2":"type-product","3":"status-publish","5":"product_cat-ekonomi","6":"product_cat-is-dunyasi","7":"pa_cilt-ciltsiz","8":"pa_tur-kitap","9":"pa_yayinevi-kronik-kitap","10":"pa_yazar-mahfi-egilmez-servet-yildirim","12":"first","13":"instock","14":"sale","15":"shipping-taxable","16":"purchasable","17":"product-type-simple"},"_links":{"self":[{"href":"https:\/\/roveyayinevi.com.tr\/index.php\/wp-json\/wp\/v2\/product\/777758","targetHints":{"allow":["GET"]}}],"collection":[{"href":"https:\/\/roveyayinevi.com.tr\/index.php\/wp-json\/wp\/v2\/product"}],"about":[{"href":"https:\/\/roveyayinevi.com.tr\/index.php\/wp-json\/wp\/v2\/types\/product"}],"wp:attachment":[{"href":"https:\/\/roveyayinevi.com.tr\/index.php\/wp-json\/wp\/v2\/media?parent=777758"}],"wp:term":[{"taxonomy":"product_brand","embeddable":true,"href":"https:\/\/roveyayinevi.com.tr\/index.php\/wp-json\/wp\/v2\/product_brand?post=777758"},{"taxonomy":"product_cat","embeddable":true,"href":"https:\/\/roveyayinevi.com.tr\/index.php\/wp-json\/wp\/v2\/product_cat?post=777758"},{"taxonomy":"product_tag","embeddable":true,"href":"https:\/\/roveyayinevi.com.tr\/index.php\/wp-json\/wp\/v2\/product_tag?post=777758"}],"curies":[{"name":"wp","href":"https:\/\/api.w.org\/{rel}","templated":true}]}}