{"id":777756,"date":"2025-10-23T12:09:09","date_gmt":"2025-10-23T09:09:09","guid":{"rendered":"https:\/\/roveyayinevi.com.tr\/index.php\/urun\/mis-gibi-yasamlar-2\/"},"modified":"2026-04-15T03:43:35","modified_gmt":"2026-04-15T00:43:35","slug":"mis-gibi-yasamlar-2","status":"publish","type":"product","link":"https:\/\/roveyayinevi.com.tr\/index.php\/urun\/mis-gibi-yasamlar-2\/","title":{"rendered":"\u2018M\u0131\u015f Gibi\u2019 Ya\u015famlar"},"content":{"rendered":"<p>Kimimizin k\u00f6rle\u015fip fark etmedi\u011fi, kimimizin kan\u0131ksay\u0131p art\u0131k yad\u0131rgamad\u0131\u011f\u0131 \u2018m\u0131\u015f gibi\u2019 bir ya\u015fam ya\u015f\u0131yoruz. Sanki kaderimiz olmu\u015f bu durum, ku\u015faktan ku\u015fa\u011fa s\u00fcr\u00fcp gidiyor: Ya\u015f\u0131yormu\u015f gibi g\u00f6r\u00fcn\u00fcp de asl\u0131nda ya\u015famamak&#8230; Ve ya\u015famad\u0131\u011f\u0131n\u0131n fark\u0131nda bile olmamak&#8230; \u00b7         Tu\u0308rkiye\u2019deki ya\u015fama bak\u0131nca \u201cne\u201d g\u00f6r\u00fcyoruz? \u00b7         Ve dahas\u0131 ne demektir \u2018m\u0131\u015f gibi\u2019 ya\u015fam? D\u00fc\u015f\u00fcncelerinin arkas\u0131ndaki niyetin fark\u0131nda olmayan; s\u00f6z\u00fc, g\u00f6z\u00fc, davran\u0131\u015f\u0131 birbirine uymayan insanlar\u0131n ya\u015fam\u0131d\u0131r \u2018m\u0131\u015f gibi\u2019 bir ya\u015fam. \u201cB\u00f6yle insanlar var m\u0131?\u201d diye sorarsan\u0131z \u00e7evrenize bir bak\u0131n! Akl\u0131, d\u00fc\u015f\u00fcncesi \u00e7ocu\u011funa yard\u0131m etmekle dolu oldu\u011fu halde as\u0131k y\u00fczl\u00fc, k\u0131r\u0131c\u0131, ilgisiz anne veya babalar\u0131; \u00f6\u011fretmen oldu\u011funu s\u00f6yleyen ama hi\u00e7 kitap okumayan insanlar\u0131 g\u00f6receksiniz. \u00dcstelik \u2018m\u0131\u015f gibi\u2019 ya\u015fam, insanlar\u0131n bu anlay\u0131\u015fla olu\u015fturdu\u011fu ya da i\u015fletti\u011fi kurumlar yoluyla giderek t\u00fcm topluma yay\u0131l\u0131yor: Vatanda\u015fa yard\u0131m etmek i\u00e7in olu\u015fan b\u00fcrokrasi k\u00f6stek olmak konusunda uzmanla\u015f\u0131yor; g\u00fcven duymam\u0131z i\u00e7in olu\u015fturulan kurumlar g\u00fcvensizli\u011fin kayna\u011f\u0131 haline geliyor; adaleti sa\u011flamak i\u00e7in yap\u0131lan yasalar adaletsizli\u011fin d\u00fczenini s\u00fcrd\u00fcr\u00fcyor. \u2018M\u0131\u015f Gibi\u2019 Ya\u015famlar\u2019da Do\u011fan C\u00fccelo\u011flu; e\u011fitimden adalete, trafikten anne-babal\u0131\u011fa ve ili\u015fkilere \u2018m\u0131\u015f gibi\u2019 durumlar\u0131 g\u00f6zlemleyip irdeliyor, g\u00f6zler \u00f6n\u00fcne seriyor.   \u2018M\u0131\u015f gibi\u2019 durumlar\u0131n fark\u0131nda olmak ilk ad\u0131m\u2026 Fark\u0131nda olal\u0131m ve her birimiz g\u00fc\u00e7l\u00fc bir de\u011fi\u015fimi kendi ya\u015famlar\u0131m\u0131zda ba\u015flatal\u0131m, ba\u015flatal\u0131m ki \u00e7ocuklar\u0131m\u0131z da \u2018m\u0131\u015f gibi\u2019 ya\u015famak zorunda kalmas\u0131nlar.<\/p>\n","protected":false},"excerpt":{"rendered":"<p>Kimimizin k\u00f6rle\u015fip fark etmedi\u011fi, kimimizin kan\u0131ksay\u0131p art\u0131k yad\u0131rgamad\u0131\u011f\u0131 \u2018m\u0131\u015f gibi\u2019 bir ya\u015fam ya\u015f\u0131yoruz. Sanki kaderimiz olmu\u015f bu durum, ku\u015faktan ku\u015fa\u011fa s\u00fcr\u00fcp gidiyor: Ya\u015f\u0131yormu\u015f gibi g\u00f6r\u00fcn\u00fcp de<span class=\"excerpt-hellip\"> [\u2026]<\/span><\/p>\n","protected":false},"featured_media":0,"template":"","meta":{"_monsterinsights_skip_tracking":false,"_monsterinsights_sitenote_active":false,"_monsterinsights_sitenote_note":"","_monsterinsights_sitenote_category":0},"product_brand":[],"product_cat":[141304],"product_tag":[],"class_list":{"0":"post-777756","1":"product","2":"type-product","3":"status-publish","5":"product_cat-yeni-cikanlar","6":"pa_cilt-ciltsiz","7":"pa_tur-kitap","8":"pa_yayinevi-kronik-kitap","9":"pa_yazar-dogan-cuceloglu","11":"first","12":"instock","13":"sale","14":"shipping-taxable","15":"purchasable","16":"product-type-simple"},"_links":{"self":[{"href":"https:\/\/roveyayinevi.com.tr\/index.php\/wp-json\/wp\/v2\/product\/777756","targetHints":{"allow":["GET"]}}],"collection":[{"href":"https:\/\/roveyayinevi.com.tr\/index.php\/wp-json\/wp\/v2\/product"}],"about":[{"href":"https:\/\/roveyayinevi.com.tr\/index.php\/wp-json\/wp\/v2\/types\/product"}],"wp:attachment":[{"href":"https:\/\/roveyayinevi.com.tr\/index.php\/wp-json\/wp\/v2\/media?parent=777756"}],"wp:term":[{"taxonomy":"product_brand","embeddable":true,"href":"https:\/\/roveyayinevi.com.tr\/index.php\/wp-json\/wp\/v2\/product_brand?post=777756"},{"taxonomy":"product_cat","embeddable":true,"href":"https:\/\/roveyayinevi.com.tr\/index.php\/wp-json\/wp\/v2\/product_cat?post=777756"},{"taxonomy":"product_tag","embeddable":true,"href":"https:\/\/roveyayinevi.com.tr\/index.php\/wp-json\/wp\/v2\/product_tag?post=777756"}],"curies":[{"name":"wp","href":"https:\/\/api.w.org\/{rel}","templated":true}]}}