{"id":777755,"date":"2025-10-23T12:07:53","date_gmt":"2025-10-23T09:07:53","guid":{"rendered":"https:\/\/roveyayinevi.com.tr\/index.php\/urun\/turkiye-felsefe-kurumu-seminerleri-1-2-3\/"},"modified":"2026-04-15T03:43:11","modified_gmt":"2026-04-15T00:43:11","slug":"turkiye-felsefe-kurumu-seminerleri-1-2-3","status":"publish","type":"product","link":"https:\/\/roveyayinevi.com.tr\/index.php\/urun\/turkiye-felsefe-kurumu-seminerleri-1-2-3\/","title":{"rendered":"T\u00fcrkiye Felsefe Kurumu Seminerleri 1-2-3"},"content":{"rendered":"<p>T\u00fcrkiye\u2019de Felsefeyi dar akademik \u00e7evrelerin d\u0131\u015f\u0131na \u00e7\u0131karmak, \u00fclkenin sorunlar\u0131na e\u011filen ve toplumsal ya\u015fam\u0131n gereksinmelerine kar\u015f\u0131l\u0131k veren bir u\u011fra\u015f haline getirmek dile\u011fiyle, 1974 y\u0131l\u0131n\u0131n sonbahar\u0131nda kurulan Kurumumuz, 1974-1975 y\u0131llar\u0131nda \u00fc\u00e7 seminer d\u00fczenlemi\u015ftir.   Bu seminerlerden birincisi, T\u00fcrkiye\u2019de gerek bilgisel gerek toplumsal sorunlara \u201cfelsef\u00ee bak\u0131\u015f\u201d\u0131n neler sa\u011flayabilece\u011fini g\u00f6stermek; ikincisi, \u00fclkemizdeki Felsefe \u00f6\u011fretiminde ne gibi de\u011fi\u015fikliklerin bu \u00f6\u011fretimi anlaml\u0131 hale getirebilece\u011fini tart\u0131\u015fmak ve felsefe e\u011fitiminin genel e\u011fitime hangi yollardan ne gibi yararlar sa\u011flayabilece\u011fi konusunda \u00f6neriler getirmek; \u00fc\u00e7\u00fcnc\u00fcs\u00fc ise, bizdeki Tarih e\u011fitimiyle \u00f6\u011fretiminin topluca de\u011ferlendirilmesini sa\u011flamak, \u00fclkemizde tarih bilincine bi\u00e7im veren tarih\u00e7ili\u011fimizin bug\u00fcnk\u00fc sorunlar\u0131n\u0131 serinlemek ve baz\u0131 de\u011fi\u015fiklik gereklerine i\u015faret etmek amac\u0131yla yap\u0131lm\u0131\u015ft\u0131r.   Kitab\u0131m\u0131z\u0131n bu ikinci bask\u0131s\u0131n\u0131n, 1977 y\u0131l\u0131ndaki ilk bask\u0131n\u0131n \u00fczerinden ge\u00e7en 48 y\u0131lda ne gibi de\u011fi\u015fiklikler oldu\u011funu g\u00f6rmeyi ve bug\u00fcn yap\u0131lmas\u0131 yararl\u0131 olacak baz\u0131 geli\u015ftirmeler \u00fczerinde d\u00fc\u015f\u00fcnmeyi m\u00fcmk\u00fcn k\u0131lmas\u0131n\u0131 umuyoruz. <\/p>\n","protected":false},"excerpt":{"rendered":"<p>T\u00fcrkiye\u2019de Felsefeyi dar akademik \u00e7evrelerin d\u0131\u015f\u0131na \u00e7\u0131karmak, \u00fclkenin sorunlar\u0131na e\u011filen ve toplumsal ya\u015fam\u0131n gereksinmelerine kar\u015f\u0131l\u0131k veren bir u\u011fra\u015f haline getirmek dile\u011fiyle, 1974 y\u0131l\u0131n\u0131n sonbahar\u0131nda kurulan Kurumumuz,<span class=\"excerpt-hellip\"> [\u2026]<\/span><\/p>\n","protected":false},"featured_media":0,"template":"","meta":{"_monsterinsights_skip_tracking":false,"_monsterinsights_sitenote_active":false,"_monsterinsights_sitenote_note":"","_monsterinsights_sitenote_category":0},"product_brand":[],"product_cat":[12388],"product_tag":[],"class_list":{"0":"post-777755","1":"product","2":"type-product","3":"status-publish","5":"product_cat-felsefe","6":"pa_cilt-ciltsiz","7":"pa_tur-kitap","8":"pa_yayinevi-turkiye-felsefe-kurumu","9":"pa_yazar-ioanna-kucuradi-mete-tuncay","11":"first","12":"instock","13":"sale","14":"shipping-taxable","15":"purchasable","16":"product-type-simple"},"_links":{"self":[{"href":"https:\/\/roveyayinevi.com.tr\/index.php\/wp-json\/wp\/v2\/product\/777755","targetHints":{"allow":["GET"]}}],"collection":[{"href":"https:\/\/roveyayinevi.com.tr\/index.php\/wp-json\/wp\/v2\/product"}],"about":[{"href":"https:\/\/roveyayinevi.com.tr\/index.php\/wp-json\/wp\/v2\/types\/product"}],"wp:attachment":[{"href":"https:\/\/roveyayinevi.com.tr\/index.php\/wp-json\/wp\/v2\/media?parent=777755"}],"wp:term":[{"taxonomy":"product_brand","embeddable":true,"href":"https:\/\/roveyayinevi.com.tr\/index.php\/wp-json\/wp\/v2\/product_brand?post=777755"},{"taxonomy":"product_cat","embeddable":true,"href":"https:\/\/roveyayinevi.com.tr\/index.php\/wp-json\/wp\/v2\/product_cat?post=777755"},{"taxonomy":"product_tag","embeddable":true,"href":"https:\/\/roveyayinevi.com.tr\/index.php\/wp-json\/wp\/v2\/product_tag?post=777755"}],"curies":[{"name":"wp","href":"https:\/\/api.w.org\/{rel}","templated":true}]}}